{"id":1742,"date":"2023-03-12T18:37:44","date_gmt":"2023-03-12T18:37:44","guid":{"rendered":"https:\/\/retail.alojar.pt\/retail-hydro\/?page_id=1742"},"modified":"2024-02-03T18:31:24","modified_gmt":"2024-02-03T18:31:24","slug":"politica-de-privacidade","status":"publish","type":"page","link":"https:\/\/retail.alojar.pt\/retail-hydro\/politica-de-privacidade\/","title":{"rendered":"POL\u00cdTICA DE PRIVACIDADE"},"content":{"rendered":"\t\t<div data-elementor-type=\"wp-page\" data-elementor-id=\"1742\" class=\"elementor elementor-1742\">\n\t\t\t\t\t\t<section class=\"elementor-section elementor-top-section elementor-element elementor-element-52df4919 elementor-section-boxed elementor-section-height-default elementor-section-height-default\" data-id=\"52df4919\" data-element_type=\"section\">\n\t\t\t\t\t\t<div class=\"elementor-container elementor-column-gap-default\">\n\t\t\t\t\t<div class=\"elementor-column elementor-col-100 elementor-top-column elementor-element elementor-element-aa0d26b\" data-id=\"aa0d26b\" data-element_type=\"column\">\n\t\t\t<div class=\"elementor-widget-wrap elementor-element-populated\">\n\t\t\t\t\t\t<div class=\"elementor-element elementor-element-36a11204 elementor-widget elementor-widget-text-editor\" data-id=\"36a11204\" data-element_type=\"widget\" data-widget_type=\"text-editor.default\">\n\t\t\t\t<div class=\"elementor-widget-container\">\n\t\t\t\t\t\t\t<!-- wp:heading -->\n<p><strong>POL\u00cdTICA DE PRIVACIDADE\u00a0<\/strong><strong>&#8211;\u00a0<\/strong><strong>TRATAMENTO E PROTE\u00c7\u00c3O DE DADOS<\/strong><\/p>\n<p>A Retail Hydro, Lda, doravante abreviadamente designada por \u201cRetail Hydro\u201d, est\u00e1 especialmente empenhada em proteger a privacidade dos dados pessoais dos Colaboradores, bem como de todos os seus Clientes, potenciais Clientes, Parceiros e potenciais Parceiros, a que tenha acesso leg\u00edtimo e a cujo tratamento proceda no \u00e2mbito da sua atividade profissional, sempre no estrito cumprimento do\u00a0<strong>Regulamento Geral de Prote\u00e7\u00e3o de Dados (RGPD), aprovado pelo Regulamento (UE) 2016\/679, do Parlamento Europeu e do Conselho, de 27 de abril de 2016, doravante identificado como \u201cRGPD\u201d<\/strong>. Atrav\u00e9s desta Pol\u00edtica, a \u201cRetail Hydro\u201d, enquanto respons\u00e1vel pelo tratamento de dados pessoais, pretende dar a conhecer o compromisso e as regras que implementou, designadamente no que diz respeito \u00e0s informa\u00e7\u00f5es pessoais recolhidas, o seu tratamento, fundamento e modo(s) de utiliza\u00e7\u00e3o, pautando a sua atua\u00e7\u00e3o neste dom\u00ednio pelos princ\u00edpios de licitude, lealdade, transpar\u00eancia e limita\u00e7\u00e3o.<\/p>\n<ol>\n<li><strong>DADOS PESSOAIS<\/strong><\/li>\n<\/ol>\n<p>De acordo com o RGPD, entende-se por \u201cdados pessoais\u201d, toda a informa\u00e7\u00e3o relativa a uma pessoa singular identificada ou identific\u00e1vel, direta ou indiretamente, designadamente por refer\u00eancia a um identificador como por exemplo um nome, um n\u00famero de identifica\u00e7\u00e3o, dados de localiza\u00e7\u00e3o, identificadores por via eletr\u00f3nica e\/ou a um ou mais elementos espec\u00edficos da identidade f\u00edsica, fisiol\u00f3gica, gen\u00e9tica, mental, econ\u00f3mica, cultural ou social dessa pessoa singular.<\/p>\n<p>\u00a0<\/p>\n<ol start=\"2\">\n<li><strong> RESPONS\u00c1VEL PELO TRATAMENTO DE DADOS PESSOAIS<\/strong><\/li>\n<\/ol>\n<p><strong>2.1.\u00a0<\/strong>A \u201cRetail Hydro \u201c\u00e9 a entidade respons\u00e1vel pela recolha e tratamento dos dados pessoais para as finalidades indicadas.<\/p>\n<p><strong>2.2.<\/strong>\u00a0No caso de considerar que a informa\u00e7\u00e3o constante da presente informa\u00e7\u00e3o n\u00e3o \u00e9 suficientemente esclarecedora e\/ou transparente, ou por qualquer outro motivo que considere relevante, entre em contacto connosco atrav\u00e9s do seguinte e-mail:\u00a0<a href=\"mailto:protecaodedados@retail-hydro.pt\">protecaodedados@retail-hydro.pt<\/a><\/p>\n<p>\u00a0<\/p>\n<ol start=\"3\">\n<li><strong> QUE DADOS PESSOAIS S\u00c3O RECOLHIDOS<\/strong><\/li>\n<\/ol>\n<p>De acordo com a atividade a que se dedica, a \u201cRetail Hydro\u201d, procede \u00e0 recolha e ao tratamento dos dados pessoais estritamente necess\u00e1rios ao fornecimento\/execu\u00e7\u00e3o dos servi\u00e7os prestados aos seus Clientes, tais como o nome, o endere\u00e7o, dados do Cart\u00e3o de Cidad\u00e3o\/Passaporte, n\u00famero de identifica\u00e7\u00e3o fiscal, contactos telef\u00f3nicos e eletr\u00f3nicos, entre outros que, perante uma situa\u00e7\u00e3o concreta, se afigurem necess\u00e1rios e\/ou legalmente exig\u00edveis.<\/p>\n<p>\u00a0<\/p>\n<ol start=\"4\">\n<li><strong> QUANDO E COMO S\u00c3O RECOLHIDOS\/TRATADOS DADOS PESSOAIS<\/strong><\/li>\n<\/ol>\n<p><strong>4.1.\u00a0<\/strong>A \u201cRetail Hydro\u201d poder\u00e1 recolher e tratar dados pessoais quando o Cliente ou potencial Cliente a interpele no \u00e2mbito de dilig\u00eancias pr\u00e9-contratuais e\/ou para efeitos de celebra\u00e7\u00e3o de um contrato e para contactos institucionais ou de cortesia.<\/p>\n<p><strong>4.2.\u00a0<\/strong>A \u201cRetail Hydro\u201d proceder\u00e1 \u00e0 recolha dos dados pessoais dos seus Clientes e potenciais Clientes, atrav\u00e9s das seguintes modalidades: contacto presencial; telefone; via postal; correio eletr\u00f3nico; website.<\/p>\n<p>\u00a0<\/p>\n<ol start=\"5\">\n<li><strong> FUNDAMENTO JUR\u00cdDICO DA RECOLHA E TRATAMENTO DE DADOS PESSOAIS<\/strong><\/li>\n<\/ol>\n<p>Os dados pessoais dos Clientes e potenciais Clientes da \u201cRetail Hydro\u201d podem ser recolhidos e tratados:<\/p>\n<ol>\n<li><strong>a)<\/strong>Quando tal recolha e tratamento for necess\u00e1ria para a execu\u00e7\u00e3o\/cumprimento de um contrato no qual o titular dos dados seja parte ou, bem assim, para a execu\u00e7\u00e3o de dilig\u00eancias pr\u00e9 contratuais que tenham sido solicitadas pelo titular dos dados.<\/li>\n<li><strong>b)<\/strong>Quando a recolha e tratamento for necess\u00e1ria para o cumprimento de uma obriga\u00e7\u00e3o legal a que a \u201cRetail Hydro\u201d, enquanto respons\u00e1vel pelo tratamento de dados e\/ou o titular dos dados, esteja(m) sujeito(s);<\/li>\n<li><strong>c)\u00a0<\/strong>Quando o seu titular tiver dado o seu consentimento para o tratamento dos seus dados para uma ou mais finalidades espec\u00edficas.<\/li>\n<\/ol>\n<p>\u00a0<\/p>\n<ol start=\"6\">\n<li><strong> FINALIDADES DO TRATAMENTO DE DADOS PESSOAIS<\/strong><\/li>\n<\/ol>\n<p>A recolha dos dados pessoais dos Clientes e potenciais Clientes da \u201cRetail Hydro\u201d, destina-se:<\/p>\n<ol>\n<li><strong>a)<\/strong>\u00c0 prossecu\u00e7\u00e3o da atividade comercial da \u201cRetail Hydro\u201d, enquanto empresa legalmente habilitada.<\/li>\n<li><strong>b)\u00a0<\/strong>Cumprimento de imposi\u00e7\u00f5es legais.<\/li>\n<li><strong>c)\u00a0<\/strong>\u00c0 concretiza\u00e7\u00e3o\/execu\u00e7\u00e3o dos servi\u00e7os que lhe sejam solicitados pelos Clientes ou potenciais Clientes;<\/li>\n<li><strong>d)\u00a0<\/strong>\u00c0 realiza\u00e7\u00e3o de processamentos de natureza estat\u00edstica interna;<\/li>\n<li><strong>e)<\/strong>\u00c0 eventual oferta de novos servi\u00e7os, tendo em vista a satisfa\u00e7\u00e3o das necessidades e interesses dos seus Clientes e potenciais Clientes:<\/li>\n<\/ol>\n<p>\u00a0<\/p>\n<ol start=\"7\">\n<li><strong> PRAZO DE CONSERVA\u00c7\u00c3O<\/strong><\/li>\n<\/ol>\n<p>Os dados pessoais recolhidos pela \u201cRetail Hydro\u201d s\u00e3o por esta armazenados e conservados durante a vig\u00eancia da rela\u00e7\u00e3o de presta\u00e7\u00e3o de servi\u00e7os e\/ou contratual estabelecida e, bem assim, mesmo depois da respetiva cessa\u00e7\u00e3o, pelo per\u00edodo necess\u00e1rio ao cumprimento de obriga\u00e7\u00f5es legais, podendo tal prazo variar em conformidade com as finalidades acima referidas.<\/p>\n<p>\u00a0<\/p>\n<ol start=\"8\">\n<li><strong> SEGURAN\u00c7A DO TRATAMENTO DOS DADOS PESSOAIS<\/strong><\/li>\n<\/ol>\n<p><strong>8.1.\u00a0<\/strong>Os dados pessoais recolhidos pela \u201cRetail Hydro\u201d, ser\u00e3o processados e armazenados informaticamente e em suporte de papel.<\/p>\n<p><strong>8.2.\u00a0<\/strong>A \u201cRetail Hydro\u201d assume o compromisso de garantir a seguran\u00e7a e prote\u00e7\u00e3o dos dados pessoais que lhe forem disponibilizados, adotando as medidas adequadas necess\u00e1rias para o efeito, de natureza t\u00e9cnica e organizativa, que acautelem a ocorr\u00eancia de qualquer perda, destrui\u00e7\u00e3o, altera\u00e7\u00e3o ou acesso e utiliza\u00e7\u00e3o n\u00e3o autorizadas, em conformidade com o estado da tecnologia em cada momento, a natureza dos dados e os poss\u00edveis riscos a que estejam expostos.<\/p>\n<p><strong>8.3.<\/strong>\u00a0\u00c0 data da elabora\u00e7\u00e3o desta vers\u00e3o da sua Pol\u00edtica de Privacidade, as referidas medidas implementadas consistem:<\/p>\n<p>&#8211; Na prote\u00e7\u00e3o com passwords;<\/p>\n<p>&#8211; Em restri\u00e7\u00f5es de entrada f\u00edsica aos locais onde os servidores de armazenamento de dados pessoais se encontram localizados;<\/p>\n<p><strong>8.4.\u00a0<\/strong>As medidas de seguran\u00e7a referidas no ponto anterior s\u00e3o revistas e atualizadas consoante as necessidades e exig\u00eancias das respetivas mat\u00e9rias.<\/p>\n<p><strong>8.5.<\/strong>\u00a0Caso, por algum motivo, se verifique uma viola\u00e7\u00e3o da seguran\u00e7a que provoque, de modo acidental ou il\u00edcito, a destrui\u00e7\u00e3o, a perda, a altera\u00e7\u00e3o, a divulga\u00e7\u00e3o ou o acesso, n\u00e3o autorizados aos dados pessoais, a \u201cRetail Hydro\u201d compromete-se, nos termos da legisla\u00e7\u00e3o aplic\u00e1vel, a comunicar a ocorr\u00eancia junto das autoridades competentes, sem demora justificada e, sempre que poss\u00edvel, at\u00e9 72 horas ap\u00f3s ter tido conhecimento da mesma.<\/p>\n<p>\u00a0<\/p>\n<ol start=\"9\">\n<li><strong> CONFIDENCIALIDADE DO TRATAMENTO DOS DADOS PESSOAIS<\/strong><\/li>\n<\/ol>\n<p>A \u201cRetail Hydro\u201d, adota uma pol\u00edtica de confidencialidade dos dados pessoais que lhe s\u00e3o fornecidos, limitando o respetivo acesso e uso aos seus colaboradores, que est\u00e3o obrigados a um dever de sigilo e confidencialidade.<\/p>\n<p>\u00a0<\/p>\n<ol start=\"10\">\n<li><strong> DIREITO DE ACESSO, RETIFICA\u00c7\u00c3O, APAGAMENTO, LIMITA\u00c7\u00c3O DO TRATAMENTO E DIREITO DE PORTABILIDADE DOS DADOS PESSOAIS<\/strong><\/li>\n<\/ol>\n<p><strong>10.1.<\/strong>\u00a0A \u201cRetail Hydro\u201d assegura ao titular dos dados, a qualquer momento, o direito de acesso aos seus dados pessoais, bem como a respetiva retifica\u00e7\u00e3o, elimina\u00e7\u00e3o, portabilidade, limita\u00e7\u00e3o e\/ou oposi\u00e7\u00e3o ao tratamento.<\/p>\n<p><strong>10.2.<\/strong>\u00a0Especificamente no que respeita ao direito de apagamento, o titular dos dados pessoais tem o direito de obter, do respons\u00e1vel pelo seu tratamento, a elimina\u00e7\u00e3o dos seus dados pessoais, o qual, por sua vez, ter\u00e1 a obriga\u00e7\u00e3o de os eliminar, sempre que seja aplic\u00e1vel um dos seguintes motivos:<\/p>\n<p><strong>(i)<\/strong>\u00a0Os dados deixem de ser necess\u00e1rios para a finalidade que motivou a sua recolha ou tratamento;<\/p>\n<p><strong>(ii)\u00a0<\/strong>O titular retire o consentimento, quando o consentimento for a base legal ou o titular se oponha ao tratamento e n\u00e3o existam interesses leg\u00edtimos prevalecentes que justifiquem a sua manuten\u00e7\u00e3o.<\/p>\n<p><strong>10.3.<\/strong>\u00a0O titular dos dados pessoais poder\u00e1 exercer qualquer destes direitos dirigindo-se, por escrito, \u00e0 \u201cRetail Hydro\u201d, atrav\u00e9s da morada da sede ou atrav\u00e9s do seguinte correio eletr\u00f3nico:\u00a0<a href=\"mailto:protecaodedados@avelinorte.pt\">protecaodedados@retail-hydro.pt<\/a>\u00a0<\/p>\n<p>\u00a0<\/p>\n<ol start=\"11\">\n<li><strong> DIREITO DE APRESENTAR UMA RECLAMA\u00c7\u00c3O \u00c0 AUTORIDADE DE CONTROLO<\/strong><\/li>\n<\/ol>\n<p>O titular dos dados poder\u00e1 sempre apresentar as reclama\u00e7\u00f5es que entender necess\u00e1rias junto da autoridade competente para o efeito (previsivelmente, em Portugal, tal Autoridade ser\u00e1 a CNPD \u2013 Comiss\u00e3o Nacional de Prote\u00e7\u00e3o de Dados \u2013\u00a0<a href=\"http:\/\/www.cnpd.pt\/\">www.cnpd.pt<\/a>).<\/p>\n<p>\u00a0<\/p>\n<ol start=\"12\">\n<li><strong> COMUNICA\u00c7\u00c3O DE DADOS PESSOAIS A OUTRAS ENTIDADES<\/strong><\/li>\n<\/ol>\n<p><strong>12.1.\u00a0<\/strong>No \u00e2mbito da sua atividade, a \u201cRetail Hydro\u201d poder\u00e1 recorrer a terceiros para a presta\u00e7\u00e3o de determinados servi\u00e7os (localizados dentro ou fora da Uni\u00e3o Europeia), o que poder\u00e1 implicar, em algumas situa\u00e7\u00f5es, o acesso, por tais entidades, aos dados pessoais do titular dos dados.<\/p>\n<p><strong>12.2.<\/strong>\u00a0Num tal cen\u00e1rio, a \u201cRetail Hydro\u201d compromete-se a adotar as medidas necess\u00e1rias e adequadas, por forma a assegurar que as entidades que tenham acesso a tais dados pessoais, sejam reputadas e ofere\u00e7am elevadas garantias a este n\u00edvel, o que ficar\u00e1 devidamente consagrado e acautelado em contrato a celebrar, por escrito, entre a \u201cRetail Hydro\u201d e a(s) terceira(s) entidade(s).<\/p>\n<p><strong>12.3.\u00a0<\/strong>Qualquer entidade subcontratada pela \u201cRetail Hydro\u201d tratar\u00e1 os dados pessoais do titular dos dados, em seu nome e por sua conta no compromisso de adotar as medidas t\u00e9cnicas e organizacionais necess\u00e1rias por forma a proteger os dados pessoais contra a destrui\u00e7\u00e3o, acidental ou il\u00edcita, a perda acidental, a altera\u00e7\u00e3o, a difus\u00e3o ou o acesso n\u00e3o autorizado e contra qualquer outra forma de tratamento il\u00edcito.<\/p>\n<p><strong>12.4.<\/strong>\u00a0Em qualquer dos casos, a \u201cRetail Hydro\u201d permanece respons\u00e1vel pelo tratamento dos dados pessoais.<\/p>\n<p><strong>12.5.<\/strong>\u00a0Sempre que necess\u00e1rio, e no \u00e2mbito da contrata\u00e7\u00e3o de terceiros pela \u201cRetail Hydro\u201d, os dados pessoais poder\u00e3o ser transferidos para fora da Uni\u00e3o Europeia, nos termos e condi\u00e7\u00f5es permitidos pela legisla\u00e7\u00e3o aplic\u00e1vel.<\/p>\n<p>\u00a0<\/p>\n<ol start=\"13\">\n<li><strong> DIREITO DE ALTERA\u00c7\u00c3O DA POL\u00cdTICA DE PRIVACIDADE<\/strong><\/li>\n<\/ol>\n<p>A \u201cRetail Hydro\u201d reserva-se o direito de, a qualquer altura, proceder a reajustamentos ou altera\u00e7\u00f5es \u00e0 presente Pol\u00edtica de Privacidade, por forma a adapt\u00e1-la \u00e0 sua realidade e\/ou a eventuais altera\u00e7\u00f5es legislativas que assim o venham a exigir.<\/p>\n<p>\u00a0<\/p>\n<p>A vers\u00e3o ora divulgada \u00e9 a que se encontra atualmente em vigor.<\/p>\n<!-- \/wp:paragraph -->\t\t\t\t\t\t<\/div>\n\t\t\t\t<\/div>\n\t\t\t\t\t<\/div>\n\t\t<\/div>\n\t\t\t\t\t<\/div>\n\t\t<\/section>\n\t\t\t\t<\/div>\n\t\t","protected":false},"excerpt":{"rendered":"<p>POL\u00cdTICA DE PRIVACIDADE\u00a0&#8211;\u00a0TRATAMENTO E PROTE\u00c7\u00c3O DE DADOS A Retail Hydro, Lda, doravante abreviadamente designada por \u201cRetail Hydro\u201d, est\u00e1 especialmente empenhada em proteger a privacidade dos dados pessoais dos Colaboradores, bem como de todos os seus Clientes, potenciais Clientes, Parceiros e potenciais Parceiros, a que tenha acesso leg\u00edtimo e a cujo tratamento proceda no \u00e2mbito da [&hellip;]<\/p>\n","protected":false},"author":7,"featured_media":0,"parent":0,"menu_order":0,"comment_status":"closed","ping_status":"closed","template":"","meta":{"footnotes":""},"class_list":["post-1742","page","type-page","status-publish","hentry"],"blocksy_meta":{"styles_descriptor":{"styles":{"desktop":"","tablet":"","mobile":""},"google_fonts":[],"version":6}},"aioseo_notices":[],"yoast_head":"<!-- This site is optimized with the Yoast SEO plugin v23.9 - https:\/\/yoast.com\/wordpress\/plugins\/seo\/ -->\n<title>POL\u00cdTICA DE PRIVACIDADE - Retail Hydro<\/title>\n<meta name=\"robots\" content=\"index, follow, max-snippet:-1, max-image-preview:large, max-video-preview:-1\" \/>\n<link rel=\"canonical\" href=\"https:\/\/retail.alojar.pt\/retail-hydro\/politica-de-privacidade\/\" \/>\n<meta property=\"og:locale\" content=\"pt_PT\" \/>\n<meta property=\"og:type\" content=\"article\" \/>\n<meta property=\"og:title\" content=\"POL\u00cdTICA DE PRIVACIDADE - Retail Hydro\" \/>\n<meta property=\"og:description\" content=\"POL\u00cdTICA DE PRIVACIDADE\u00a0&#8211;\u00a0TRATAMENTO E PROTE\u00c7\u00c3O DE DADOS A Retail Hydro, Lda, doravante abreviadamente designada por \u201cRetail Hydro\u201d, est\u00e1 especialmente empenhada em proteger a privacidade dos dados pessoais dos Colaboradores, bem como de todos os seus Clientes, potenciais Clientes, Parceiros e potenciais Parceiros, a que tenha acesso leg\u00edtimo e a cujo tratamento proceda no \u00e2mbito da [&hellip;]\" \/>\n<meta property=\"og:url\" content=\"https:\/\/retail.alojar.pt\/retail-hydro\/politica-de-privacidade\/\" \/>\n<meta property=\"og:site_name\" content=\"Retail Hydro\" \/>\n<meta property=\"article:modified_time\" content=\"2024-02-03T18:31:24+00:00\" \/>\n<meta name=\"twitter:card\" content=\"summary_large_image\" \/>\n<meta name=\"twitter:label1\" content=\"Tempo estimado de leitura\" \/>\n\t<meta name=\"twitter:data1\" content=\"8 minutos\" \/>\n<script type=\"application\/ld+json\" class=\"yoast-schema-graph\">{\"@context\":\"https:\/\/schema.org\",\"@graph\":[{\"@type\":\"WebPage\",\"@id\":\"https:\/\/retail.alojar.pt\/retail-hydro\/politica-de-privacidade\/\",\"url\":\"https:\/\/retail.alojar.pt\/retail-hydro\/politica-de-privacidade\/\",\"name\":\"POL\u00cdTICA DE PRIVACIDADE - Retail Hydro\",\"isPartOf\":{\"@id\":\"https:\/\/retail.alojar.pt\/retail-hydro\/#website\"},\"datePublished\":\"2023-03-12T18:37:44+00:00\",\"dateModified\":\"2024-02-03T18:31:24+00:00\",\"breadcrumb\":{\"@id\":\"https:\/\/retail.alojar.pt\/retail-hydro\/politica-de-privacidade\/#breadcrumb\"},\"inLanguage\":\"pt-PT\",\"potentialAction\":[{\"@type\":\"ReadAction\",\"target\":[\"https:\/\/retail.alojar.pt\/retail-hydro\/politica-de-privacidade\/\"]}]},{\"@type\":\"BreadcrumbList\",\"@id\":\"https:\/\/retail.alojar.pt\/retail-hydro\/politica-de-privacidade\/#breadcrumb\",\"itemListElement\":[{\"@type\":\"ListItem\",\"position\":1,\"name\":\"In\u00edcio\",\"item\":\"https:\/\/retail.alojar.pt\/retail-hydro\/\"},{\"@type\":\"ListItem\",\"position\":2,\"name\":\"POL\u00cdTICA DE PRIVACIDADE\"}]},{\"@type\":\"WebSite\",\"@id\":\"https:\/\/retail.alojar.pt\/retail-hydro\/#website\",\"url\":\"https:\/\/retail.alojar.pt\/retail-hydro\/\",\"name\":\"Retail Hydro\",\"description\":\"Instala\u00e7\u00f5es hidr\u00e1ulicas\",\"publisher\":{\"@id\":\"https:\/\/retail.alojar.pt\/retail-hydro\/#organization\"},\"potentialAction\":[{\"@type\":\"SearchAction\",\"target\":{\"@type\":\"EntryPoint\",\"urlTemplate\":\"https:\/\/retail.alojar.pt\/retail-hydro\/?s={search_term_string}\"},\"query-input\":{\"@type\":\"PropertyValueSpecification\",\"valueRequired\":true,\"valueName\":\"search_term_string\"}}],\"inLanguage\":\"pt-PT\"},{\"@type\":\"Organization\",\"@id\":\"https:\/\/retail.alojar.pt\/retail-hydro\/#organization\",\"name\":\"Retail Hydro\",\"url\":\"https:\/\/retail.alojar.pt\/retail-hydro\/\",\"logo\":{\"@type\":\"ImageObject\",\"inLanguage\":\"pt-PT\",\"@id\":\"https:\/\/retail.alojar.pt\/retail-hydro\/#\/schema\/logo\/image\/\",\"url\":\"https:\/\/retail.alojar.pt\/retail-hydro\/wp-content\/uploads\/sites\/3\/2024\/04\/1.png\",\"contentUrl\":\"https:\/\/retail.alojar.pt\/retail-hydro\/wp-content\/uploads\/sites\/3\/2024\/04\/1.png\",\"width\":500,\"height\":195,\"caption\":\"Retail Hydro\"},\"image\":{\"@id\":\"https:\/\/retail.alojar.pt\/retail-hydro\/#\/schema\/logo\/image\/\"}}]}<\/script>\n<!-- \/ Yoast SEO plugin. -->","yoast_head_json":{"title":"POL\u00cdTICA DE PRIVACIDADE - Retail Hydro","robots":{"index":"index","follow":"follow","max-snippet":"max-snippet:-1","max-image-preview":"max-image-preview:large","max-video-preview":"max-video-preview:-1"},"canonical":"https:\/\/retail.alojar.pt\/retail-hydro\/politica-de-privacidade\/","og_locale":"pt_PT","og_type":"article","og_title":"POL\u00cdTICA DE PRIVACIDADE - Retail Hydro","og_description":"POL\u00cdTICA DE PRIVACIDADE\u00a0&#8211;\u00a0TRATAMENTO E PROTE\u00c7\u00c3O DE DADOS A Retail Hydro, Lda, doravante abreviadamente designada por \u201cRetail Hydro\u201d, est\u00e1 especialmente empenhada em proteger a privacidade dos dados pessoais dos Colaboradores, bem como de todos os seus Clientes, potenciais Clientes, Parceiros e potenciais Parceiros, a que tenha acesso leg\u00edtimo e a cujo tratamento proceda no \u00e2mbito da [&hellip;]","og_url":"https:\/\/retail.alojar.pt\/retail-hydro\/politica-de-privacidade\/","og_site_name":"Retail Hydro","article_modified_time":"2024-02-03T18:31:24+00:00","twitter_card":"summary_large_image","twitter_misc":{"Tempo estimado de leitura":"8 minutos"},"schema":{"@context":"https:\/\/schema.org","@graph":[{"@type":"WebPage","@id":"https:\/\/retail.alojar.pt\/retail-hydro\/politica-de-privacidade\/","url":"https:\/\/retail.alojar.pt\/retail-hydro\/politica-de-privacidade\/","name":"POL\u00cdTICA DE PRIVACIDADE - Retail Hydro","isPartOf":{"@id":"https:\/\/retail.alojar.pt\/retail-hydro\/#website"},"datePublished":"2023-03-12T18:37:44+00:00","dateModified":"2024-02-03T18:31:24+00:00","breadcrumb":{"@id":"https:\/\/retail.alojar.pt\/retail-hydro\/politica-de-privacidade\/#breadcrumb"},"inLanguage":"pt-PT","potentialAction":[{"@type":"ReadAction","target":["https:\/\/retail.alojar.pt\/retail-hydro\/politica-de-privacidade\/"]}]},{"@type":"BreadcrumbList","@id":"https:\/\/retail.alojar.pt\/retail-hydro\/politica-de-privacidade\/#breadcrumb","itemListElement":[{"@type":"ListItem","position":1,"name":"In\u00edcio","item":"https:\/\/retail.alojar.pt\/retail-hydro\/"},{"@type":"ListItem","position":2,"name":"POL\u00cdTICA DE PRIVACIDADE"}]},{"@type":"WebSite","@id":"https:\/\/retail.alojar.pt\/retail-hydro\/#website","url":"https:\/\/retail.alojar.pt\/retail-hydro\/","name":"Retail Hydro","description":"Instala\u00e7\u00f5es hidr\u00e1ulicas","publisher":{"@id":"https:\/\/retail.alojar.pt\/retail-hydro\/#organization"},"potentialAction":[{"@type":"SearchAction","target":{"@type":"EntryPoint","urlTemplate":"https:\/\/retail.alojar.pt\/retail-hydro\/?s={search_term_string}"},"query-input":{"@type":"PropertyValueSpecification","valueRequired":true,"valueName":"search_term_string"}}],"inLanguage":"pt-PT"},{"@type":"Organization","@id":"https:\/\/retail.alojar.pt\/retail-hydro\/#organization","name":"Retail Hydro","url":"https:\/\/retail.alojar.pt\/retail-hydro\/","logo":{"@type":"ImageObject","inLanguage":"pt-PT","@id":"https:\/\/retail.alojar.pt\/retail-hydro\/#\/schema\/logo\/image\/","url":"https:\/\/retail.alojar.pt\/retail-hydro\/wp-content\/uploads\/sites\/3\/2024\/04\/1.png","contentUrl":"https:\/\/retail.alojar.pt\/retail-hydro\/wp-content\/uploads\/sites\/3\/2024\/04\/1.png","width":500,"height":195,"caption":"Retail Hydro"},"image":{"@id":"https:\/\/retail.alojar.pt\/retail-hydro\/#\/schema\/logo\/image\/"}}]}},"rttpg_featured_image_url":null,"rttpg_author":{"display_name":"anapeixoto","author_link":"https:\/\/retail.alojar.pt\/retail-hydro\/author\/anapeixoto\/"},"rttpg_comment":0,"rttpg_category":null,"rttpg_excerpt":"POL\u00cdTICA DE PRIVACIDADE\u00a0&#8211;\u00a0TRATAMENTO E PROTE\u00c7\u00c3O DE DADOS A Retail Hydro, Lda, doravante abreviadamente designada por \u201cRetail Hydro\u201d, est\u00e1 especialmente empenhada em proteger a privacidade dos dados pessoais dos Colaboradores, bem como de todos os seus Clientes, potenciais Clientes, Parceiros e potenciais Parceiros, a que tenha acesso leg\u00edtimo e a cujo tratamento proceda no \u00e2mbito da&hellip;","_links":{"self":[{"href":"https:\/\/retail.alojar.pt\/retail-hydro\/wp-json\/wp\/v2\/pages\/1742","targetHints":{"allow":["GET"]}}],"collection":[{"href":"https:\/\/retail.alojar.pt\/retail-hydro\/wp-json\/wp\/v2\/pages"}],"about":[{"href":"https:\/\/retail.alojar.pt\/retail-hydro\/wp-json\/wp\/v2\/types\/page"}],"author":[{"embeddable":true,"href":"https:\/\/retail.alojar.pt\/retail-hydro\/wp-json\/wp\/v2\/users\/7"}],"replies":[{"embeddable":true,"href":"https:\/\/retail.alojar.pt\/retail-hydro\/wp-json\/wp\/v2\/comments?post=1742"}],"version-history":[{"count":11,"href":"https:\/\/retail.alojar.pt\/retail-hydro\/wp-json\/wp\/v2\/pages\/1742\/revisions"}],"predecessor-version":[{"id":2000,"href":"https:\/\/retail.alojar.pt\/retail-hydro\/wp-json\/wp\/v2\/pages\/1742\/revisions\/2000"}],"wp:attachment":[{"href":"https:\/\/retail.alojar.pt\/retail-hydro\/wp-json\/wp\/v2\/media?parent=1742"}],"curies":[{"name":"wp","href":"https:\/\/api.w.org\/{rel}","templated":true}]}}