{"id":1366,"date":"2022-10-16T18:40:45","date_gmt":"2022-10-16T18:40:45","guid":{"rendered":"https:\/\/retail.alojar.pt\/retail-hydro\/?page_id=1366"},"modified":"2024-11-28T17:48:47","modified_gmt":"2024-11-28T17:48:47","slug":"orcamentos-2","status":"publish","type":"page","link":"https:\/\/retail.alojar.pt\/retail-hydro\/orcamentos-2\/","title":{"rendered":"OR\u00c7AMENTOS"},"content":{"rendered":"\t\t<div data-elementor-type=\"wp-page\" data-elementor-id=\"1366\" class=\"elementor elementor-1366\">\n\t\t\t\t<div class=\"elementor-element elementor-element-2faf4fb e-flex e-con-boxed e-con e-parent\" data-id=\"2faf4fb\" data-element_type=\"container\">\n\t\t\t\t\t<div class=\"e-con-inner\">\n\t\t\t\t<div class=\"elementor-element elementor-element-df14a2d elementor-drop-cap-yes elementor-widget__width-initial elementor-drop-cap-view-default elementor-widget elementor-widget-text-editor\" data-id=\"df14a2d\" data-element_type=\"widget\" data-settings=\"{&quot;drop_cap&quot;:&quot;yes&quot;}\" data-widget_type=\"text-editor.default\">\n\t\t\t\t<div class=\"elementor-widget-container\">\n\t\t\t\t\t\t\t<p><strong>Preencha p<\/strong><strong>or favor seguinte formul\u00e1rio:<\/strong><\/p>\t\t\t\t\t\t<\/div>\n\t\t\t\t<\/div>\n\t\t\t\t\t<\/div>\n\t\t\t\t<\/div>\n\t\t<div class=\"elementor-element elementor-element-dd3dad7 e-flex e-con-boxed e-con e-parent\" data-id=\"dd3dad7\" data-element_type=\"container\" data-settings=\"{&quot;background_background&quot;:&quot;classic&quot;}\">\n\t\t\t\t\t<div class=\"e-con-inner\">\n\t\t\t\t<div class=\"elementor-element elementor-element-2d812c8 elementor-widget__width-initial elementor-widget elementor-widget-wpforms\" data-id=\"2d812c8\" data-element_type=\"widget\" data-widget_type=\"wpforms.default\">\n\t\t\t\t<div class=\"elementor-widget-container\">\n\t\t\t<div class=\"wpforms-container \" id=\"wpforms-1368\"><form id=\"wpforms-form-1368\" class=\"wpforms-validate wpforms-form wpforms-ajax-form\" data-formid=\"1368\" method=\"post\" enctype=\"multipart\/form-data\" action=\"\/retail-hydro\/wp-json\/wp\/v2\/pages\/1366\" data-token=\"98d15e10627586b3769dc0223d82b00e\" data-token-time=\"1776593724\"><noscript class=\"wpforms-error-noscript\">Please enable JavaScript in your browser to complete this form.<\/noscript><div class=\"wpforms-field-container\"><div id=\"wpforms-1368-field_1-container\" class=\"wpforms-field wpforms-field-text\" data-field-id=\"1\"><label class=\"wpforms-field-label\" for=\"wpforms-1368-field_1\">NIPC\/NIF (cliente) <span class=\"wpforms-required-label\">*<\/span><\/label><input type=\"text\" id=\"wpforms-1368-field_1\" class=\"wpforms-field-small wpforms-field-required\" name=\"wpforms[fields][1]\" required><\/div><div id=\"wpforms-1368-field_2-container\" class=\"wpforms-field wpforms-field-text\" data-field-id=\"2\"><label class=\"wpforms-field-label\" for=\"wpforms-1368-field_2\">Nome (Representante do cliente) <span class=\"wpforms-required-label\">*<\/span><\/label><input type=\"text\" id=\"wpforms-1368-field_2\" class=\"wpforms-field-medium wpforms-field-required\" name=\"wpforms[fields][2]\" required><\/div><div id=\"wpforms-1368-field_3-container\" class=\"wpforms-field wpforms-field-email\" data-field-id=\"3\"><label class=\"wpforms-field-label\" for=\"wpforms-1368-field_3\">Email <span class=\"wpforms-required-label\">*<\/span><\/label><input type=\"email\" id=\"wpforms-1368-field_3\" class=\"wpforms-field-medium wpforms-field-required\" name=\"wpforms[fields][3]\" spellcheck=\"false\" required><\/div><div id=\"wpforms-1368-field_4-container\" class=\"wpforms-field wpforms-field-textarea\" data-field-id=\"4\"><label class=\"wpforms-field-label\" for=\"wpforms-1368-field_4\">Mensagem <span class=\"wpforms-required-label\">*<\/span><\/label><textarea id=\"wpforms-1368-field_4\" class=\"wpforms-field-medium wpforms-field-required\" name=\"wpforms[fields][4]\" required><\/textarea><\/div><div id=\"wpforms-1368-field_7-container\" class=\"wpforms-field wpforms-field-checkbox\" data-field-id=\"7\"><ul id=\"wpforms-1368-field_7\"><li class=\"choice-1 depth-1\"><input type=\"checkbox\" id=\"wpforms-1368-field_7_1\" name=\"wpforms[fields][7][]\" value=\"Tenho conhecimento e autorizo, de forma expressa e informada, a recolha e o tratamento dos dados, sob compromisso da Hydro Retail, LDA manter a integridade e uso exclusivo das finalidades previstas.\"  ><label class=\"wpforms-field-label-inline\" for=\"wpforms-1368-field_7_1\">Tenho conhecimento e autorizo, de forma expressa e informada, a recolha e o tratamento dos dados, sob compromisso da Hydro Retail, LDA manter a integridade e uso exclusivo das finalidades previstas.<\/label><\/li><\/ul><\/div><\/div><!-- .wpforms-field-container --><div class=\"wpforms-submit-container\" ><input type=\"hidden\" name=\"wpforms[id]\" value=\"1368\"><input type=\"hidden\" name=\"page_title\" value=\"\"><input type=\"hidden\" name=\"page_url\" value=\"https:\/\/retail.alojar.pt\/retail-hydro\/wp-json\/wp\/v2\/pages\/1366\"><button type=\"submit\" name=\"wpforms[submit]\" id=\"wpforms-submit-1368\" class=\"wpforms-submit\" data-alt-text=\"A enviar...\" data-submit-text=\"Enviar\" aria-live=\"assertive\" value=\"wpforms-submit\">Enviar<\/button><img decoding=\"async\" src=\"https:\/\/retail.alojar.pt\/retail-hydro\/wp-content\/plugins\/wpforms-lite\/assets\/images\/submit-spin.svg\" class=\"wpforms-submit-spinner\" style=\"display: none;\" width=\"26\" height=\"26\" alt=\"Loading\"><\/div><\/form><\/div>  <!-- .wpforms-container -->\t\t<\/div>\n\t\t\t\t<\/div>\n\t\t\t\t\t<\/div>\n\t\t\t\t<\/div>\n\t\t\t\t<\/div>\n\t\t","protected":false},"excerpt":{"rendered":"<p>Preencha por favor seguinte formul\u00e1rio: Please enable JavaScript in your browser to complete this form.NIPC\/NIF (cliente) *Nome (Representante do cliente) *Email *Mensagem * Tenho conhecimento e autorizo, de forma expressa e informada, a recolha e o tratamento dos dados, sob compromisso da Hydro Retail, LDA manter a integridade e uso exclusivo das finalidades previstas. Enviar<\/p>\n","protected":false},"author":7,"featured_media":0,"parent":0,"menu_order":0,"comment_status":"closed","ping_status":"closed","template":"","meta":{"footnotes":""},"class_list":["post-1366","page","type-page","status-publish","hentry"],"blocksy_meta":{"styles_descriptor":{"styles":{"desktop":"","tablet":"","mobile":""},"google_fonts":[],"version":6}},"aioseo_notices":[],"yoast_head":"<!-- This site is optimized with the Yoast SEO plugin v23.9 - https:\/\/yoast.com\/wordpress\/plugins\/seo\/ -->\n<title>OR\u00c7AMENTOS - Retail Hydro<\/title>\n<meta name=\"robots\" content=\"index, follow, max-snippet:-1, max-image-preview:large, max-video-preview:-1\" \/>\n<link rel=\"canonical\" href=\"https:\/\/retail.alojar.pt\/retail-hydro\/orcamentos-2\/\" \/>\n<meta property=\"og:locale\" content=\"pt_PT\" \/>\n<meta property=\"og:type\" content=\"article\" \/>\n<meta property=\"og:title\" content=\"OR\u00c7AMENTOS - Retail Hydro\" \/>\n<meta property=\"og:description\" content=\"Preencha por favor seguinte formul\u00e1rio: Please enable JavaScript in your browser to complete this form.NIPC\/NIF (cliente) *Nome (Representante do cliente) *Email *Mensagem * Tenho conhecimento e autorizo, de forma expressa e informada, a recolha e o tratamento dos dados, sob compromisso da Hydro Retail, LDA manter a integridade e uso exclusivo das finalidades previstas. Enviar\" \/>\n<meta property=\"og:url\" content=\"https:\/\/retail.alojar.pt\/retail-hydro\/orcamentos-2\/\" \/>\n<meta property=\"og:site_name\" content=\"Retail Hydro\" \/>\n<meta property=\"article:modified_time\" content=\"2024-11-28T17:48:47+00:00\" \/>\n<meta property=\"og:image\" content=\"https:\/\/retail.alojar.pt\/retail-hydro\/wp-content\/plugins\/wpforms-lite\/assets\/images\/submit-spin.svg\" \/>\n<meta name=\"twitter:card\" content=\"summary_large_image\" \/>\n<meta name=\"twitter:label1\" content=\"Tempo estimado de leitura\" \/>\n\t<meta name=\"twitter:data1\" content=\"1 minuto\" \/>\n<script type=\"application\/ld+json\" class=\"yoast-schema-graph\">{\"@context\":\"https:\/\/schema.org\",\"@graph\":[{\"@type\":\"WebPage\",\"@id\":\"https:\/\/retail.alojar.pt\/retail-hydro\/orcamentos-2\/\",\"url\":\"https:\/\/retail.alojar.pt\/retail-hydro\/orcamentos-2\/\",\"name\":\"OR\u00c7AMENTOS - Retail Hydro\",\"isPartOf\":{\"@id\":\"https:\/\/retail.alojar.pt\/retail-hydro\/#website\"},\"primaryImageOfPage\":{\"@id\":\"https:\/\/retail.alojar.pt\/retail-hydro\/orcamentos-2\/#primaryimage\"},\"image\":{\"@id\":\"https:\/\/retail.alojar.pt\/retail-hydro\/orcamentos-2\/#primaryimage\"},\"thumbnailUrl\":\"https:\/\/retail.alojar.pt\/retail-hydro\/wp-content\/plugins\/wpforms-lite\/assets\/images\/submit-spin.svg\",\"datePublished\":\"2022-10-16T18:40:45+00:00\",\"dateModified\":\"2024-11-28T17:48:47+00:00\",\"breadcrumb\":{\"@id\":\"https:\/\/retail.alojar.pt\/retail-hydro\/orcamentos-2\/#breadcrumb\"},\"inLanguage\":\"pt-PT\",\"potentialAction\":[{\"@type\":\"ReadAction\",\"target\":[\"https:\/\/retail.alojar.pt\/retail-hydro\/orcamentos-2\/\"]}]},{\"@type\":\"ImageObject\",\"inLanguage\":\"pt-PT\",\"@id\":\"https:\/\/retail.alojar.pt\/retail-hydro\/orcamentos-2\/#primaryimage\",\"url\":\"https:\/\/retail.alojar.pt\/retail-hydro\/wp-content\/plugins\/wpforms-lite\/assets\/images\/submit-spin.svg\",\"contentUrl\":\"https:\/\/retail.alojar.pt\/retail-hydro\/wp-content\/plugins\/wpforms-lite\/assets\/images\/submit-spin.svg\"},{\"@type\":\"BreadcrumbList\",\"@id\":\"https:\/\/retail.alojar.pt\/retail-hydro\/orcamentos-2\/#breadcrumb\",\"itemListElement\":[{\"@type\":\"ListItem\",\"position\":1,\"name\":\"In\u00edcio\",\"item\":\"https:\/\/retail.alojar.pt\/retail-hydro\/\"},{\"@type\":\"ListItem\",\"position\":2,\"name\":\"OR\u00c7AMENTOS\"}]},{\"@type\":\"WebSite\",\"@id\":\"https:\/\/retail.alojar.pt\/retail-hydro\/#website\",\"url\":\"https:\/\/retail.alojar.pt\/retail-hydro\/\",\"name\":\"Retail Hydro\",\"description\":\"Instala\u00e7\u00f5es hidr\u00e1ulicas\",\"publisher\":{\"@id\":\"https:\/\/retail.alojar.pt\/retail-hydro\/#organization\"},\"potentialAction\":[{\"@type\":\"SearchAction\",\"target\":{\"@type\":\"EntryPoint\",\"urlTemplate\":\"https:\/\/retail.alojar.pt\/retail-hydro\/?s={search_term_string}\"},\"query-input\":{\"@type\":\"PropertyValueSpecification\",\"valueRequired\":true,\"valueName\":\"search_term_string\"}}],\"inLanguage\":\"pt-PT\"},{\"@type\":\"Organization\",\"@id\":\"https:\/\/retail.alojar.pt\/retail-hydro\/#organization\",\"name\":\"Retail Hydro\",\"url\":\"https:\/\/retail.alojar.pt\/retail-hydro\/\",\"logo\":{\"@type\":\"ImageObject\",\"inLanguage\":\"pt-PT\",\"@id\":\"https:\/\/retail.alojar.pt\/retail-hydro\/#\/schema\/logo\/image\/\",\"url\":\"https:\/\/retail.alojar.pt\/retail-hydro\/wp-content\/uploads\/sites\/3\/2024\/04\/1.png\",\"contentUrl\":\"https:\/\/retail.alojar.pt\/retail-hydro\/wp-content\/uploads\/sites\/3\/2024\/04\/1.png\",\"width\":500,\"height\":195,\"caption\":\"Retail Hydro\"},\"image\":{\"@id\":\"https:\/\/retail.alojar.pt\/retail-hydro\/#\/schema\/logo\/image\/\"}}]}<\/script>\n<!-- \/ Yoast SEO plugin. -->","yoast_head_json":{"title":"OR\u00c7AMENTOS - Retail Hydro","robots":{"index":"index","follow":"follow","max-snippet":"max-snippet:-1","max-image-preview":"max-image-preview:large","max-video-preview":"max-video-preview:-1"},"canonical":"https:\/\/retail.alojar.pt\/retail-hydro\/orcamentos-2\/","og_locale":"pt_PT","og_type":"article","og_title":"OR\u00c7AMENTOS - Retail Hydro","og_description":"Preencha por favor seguinte formul\u00e1rio: Please enable JavaScript in your browser to complete this form.NIPC\/NIF (cliente) *Nome (Representante do cliente) *Email *Mensagem * Tenho conhecimento e autorizo, de forma expressa e informada, a recolha e o tratamento dos dados, sob compromisso da Hydro Retail, LDA manter a integridade e uso exclusivo das finalidades previstas. Enviar","og_url":"https:\/\/retail.alojar.pt\/retail-hydro\/orcamentos-2\/","og_site_name":"Retail Hydro","article_modified_time":"2024-11-28T17:48:47+00:00","og_image":[{"url":"https:\/\/retail.alojar.pt\/retail-hydro\/wp-content\/plugins\/wpforms-lite\/assets\/images\/submit-spin.svg"}],"twitter_card":"summary_large_image","twitter_misc":{"Tempo estimado de leitura":"1 minuto"},"schema":{"@context":"https:\/\/schema.org","@graph":[{"@type":"WebPage","@id":"https:\/\/retail.alojar.pt\/retail-hydro\/orcamentos-2\/","url":"https:\/\/retail.alojar.pt\/retail-hydro\/orcamentos-2\/","name":"OR\u00c7AMENTOS - Retail Hydro","isPartOf":{"@id":"https:\/\/retail.alojar.pt\/retail-hydro\/#website"},"primaryImageOfPage":{"@id":"https:\/\/retail.alojar.pt\/retail-hydro\/orcamentos-2\/#primaryimage"},"image":{"@id":"https:\/\/retail.alojar.pt\/retail-hydro\/orcamentos-2\/#primaryimage"},"thumbnailUrl":"https:\/\/retail.alojar.pt\/retail-hydro\/wp-content\/plugins\/wpforms-lite\/assets\/images\/submit-spin.svg","datePublished":"2022-10-16T18:40:45+00:00","dateModified":"2024-11-28T17:48:47+00:00","breadcrumb":{"@id":"https:\/\/retail.alojar.pt\/retail-hydro\/orcamentos-2\/#breadcrumb"},"inLanguage":"pt-PT","potentialAction":[{"@type":"ReadAction","target":["https:\/\/retail.alojar.pt\/retail-hydro\/orcamentos-2\/"]}]},{"@type":"ImageObject","inLanguage":"pt-PT","@id":"https:\/\/retail.alojar.pt\/retail-hydro\/orcamentos-2\/#primaryimage","url":"https:\/\/retail.alojar.pt\/retail-hydro\/wp-content\/plugins\/wpforms-lite\/assets\/images\/submit-spin.svg","contentUrl":"https:\/\/retail.alojar.pt\/retail-hydro\/wp-content\/plugins\/wpforms-lite\/assets\/images\/submit-spin.svg"},{"@type":"BreadcrumbList","@id":"https:\/\/retail.alojar.pt\/retail-hydro\/orcamentos-2\/#breadcrumb","itemListElement":[{"@type":"ListItem","position":1,"name":"In\u00edcio","item":"https:\/\/retail.alojar.pt\/retail-hydro\/"},{"@type":"ListItem","position":2,"name":"OR\u00c7AMENTOS"}]},{"@type":"WebSite","@id":"https:\/\/retail.alojar.pt\/retail-hydro\/#website","url":"https:\/\/retail.alojar.pt\/retail-hydro\/","name":"Retail Hydro","description":"Instala\u00e7\u00f5es hidr\u00e1ulicas","publisher":{"@id":"https:\/\/retail.alojar.pt\/retail-hydro\/#organization"},"potentialAction":[{"@type":"SearchAction","target":{"@type":"EntryPoint","urlTemplate":"https:\/\/retail.alojar.pt\/retail-hydro\/?s={search_term_string}"},"query-input":{"@type":"PropertyValueSpecification","valueRequired":true,"valueName":"search_term_string"}}],"inLanguage":"pt-PT"},{"@type":"Organization","@id":"https:\/\/retail.alojar.pt\/retail-hydro\/#organization","name":"Retail Hydro","url":"https:\/\/retail.alojar.pt\/retail-hydro\/","logo":{"@type":"ImageObject","inLanguage":"pt-PT","@id":"https:\/\/retail.alojar.pt\/retail-hydro\/#\/schema\/logo\/image\/","url":"https:\/\/retail.alojar.pt\/retail-hydro\/wp-content\/uploads\/sites\/3\/2024\/04\/1.png","contentUrl":"https:\/\/retail.alojar.pt\/retail-hydro\/wp-content\/uploads\/sites\/3\/2024\/04\/1.png","width":500,"height":195,"caption":"Retail Hydro"},"image":{"@id":"https:\/\/retail.alojar.pt\/retail-hydro\/#\/schema\/logo\/image\/"}}]}},"rttpg_featured_image_url":null,"rttpg_author":{"display_name":"anapeixoto","author_link":"https:\/\/retail.alojar.pt\/retail-hydro\/author\/anapeixoto\/"},"rttpg_comment":0,"rttpg_category":null,"rttpg_excerpt":"Preencha por favor seguinte formul\u00e1rio: Please enable JavaScript in your browser to complete this form.NIPC\/NIF (cliente) *Nome (Representante do cliente) *Email *Mensagem * Tenho conhecimento e autorizo, de forma expressa e informada, a recolha e o tratamento dos dados, sob compromisso da Hydro Retail, LDA manter a integridade e uso exclusivo das finalidades previstas. Enviar","_links":{"self":[{"href":"https:\/\/retail.alojar.pt\/retail-hydro\/wp-json\/wp\/v2\/pages\/1366","targetHints":{"allow":["GET"]}}],"collection":[{"href":"https:\/\/retail.alojar.pt\/retail-hydro\/wp-json\/wp\/v2\/pages"}],"about":[{"href":"https:\/\/retail.alojar.pt\/retail-hydro\/wp-json\/wp\/v2\/types\/page"}],"author":[{"embeddable":true,"href":"https:\/\/retail.alojar.pt\/retail-hydro\/wp-json\/wp\/v2\/users\/7"}],"replies":[{"embeddable":true,"href":"https:\/\/retail.alojar.pt\/retail-hydro\/wp-json\/wp\/v2\/comments?post=1366"}],"version-history":[{"count":32,"href":"https:\/\/retail.alojar.pt\/retail-hydro\/wp-json\/wp\/v2\/pages\/1366\/revisions"}],"predecessor-version":[{"id":2116,"href":"https:\/\/retail.alojar.pt\/retail-hydro\/wp-json\/wp\/v2\/pages\/1366\/revisions\/2116"}],"wp:attachment":[{"href":"https:\/\/retail.alojar.pt\/retail-hydro\/wp-json\/wp\/v2\/media?parent=1366"}],"curies":[{"name":"wp","href":"https:\/\/api.w.org\/{rel}","templated":true}]}}