{"id":1340,"date":"2022-10-16T18:16:20","date_gmt":"2022-10-16T18:16:20","guid":{"rendered":"https:\/\/retail.alojar.pt\/retail-hydro\/?page_id=1340"},"modified":"2024-11-28T18:31:23","modified_gmt":"2024-11-28T18:31:23","slug":"orcamentos","status":"publish","type":"page","link":"https:\/\/retail.alojar.pt\/retail-hydro\/orcamentos\/","title":{"rendered":"RECRUTAMENTO"},"content":{"rendered":"\t\t<div data-elementor-type=\"wp-page\" data-elementor-id=\"1340\" class=\"elementor elementor-1340\">\n\t\t\t\t<div class=\"elementor-element elementor-element-02754f9 e-flex e-con-boxed e-con e-parent\" data-id=\"02754f9\" data-element_type=\"container\">\n\t\t\t\t\t<div class=\"e-con-inner\">\n\t\t\t\t<div class=\"elementor-element elementor-element-27a4e21 elementor-widget elementor-widget-heading\" data-id=\"27a4e21\" data-element_type=\"widget\" data-widget_type=\"heading.default\">\n\t\t\t\t<div class=\"elementor-widget-container\">\n\t\t\t<p class=\"elementor-heading-title elementor-size-default\">Se pretende trabalhar connosco,descreva, por favor, o seu curriculum  vitae (CV),  preenchendo o seguinte formul\u00e1rio:<\/p>\t\t<\/div>\n\t\t\t\t<\/div>\n\t\t\t\t\t<\/div>\n\t\t\t\t<\/div>\n\t\t<div class=\"elementor-element elementor-element-4414678 e-flex e-con-boxed e-con e-parent\" data-id=\"4414678\" data-element_type=\"container\">\n\t\t\t\t\t<div class=\"e-con-inner\">\n\t\t\t\t<div class=\"elementor-element elementor-element-5d60d78 elementor-widget__width-initial elementor-widget elementor-widget-wpforms\" data-id=\"5d60d78\" data-element_type=\"widget\" data-widget_type=\"wpforms.default\">\n\t\t\t\t<div class=\"elementor-widget-container\">\n\t\t\t<div class=\"wpforms-container \" id=\"wpforms-1342\"><form id=\"wpforms-form-1342\" class=\"wpforms-validate wpforms-form wpforms-ajax-form\" data-formid=\"1342\" method=\"post\" enctype=\"multipart\/form-data\" action=\"\/retail-hydro\/wp-json\/wp\/v2\/pages\/1340\" data-token=\"84ef96630a34b3e04a1b0274e5e345fa\" data-token-time=\"1777691670\"><noscript class=\"wpforms-error-noscript\">Please enable JavaScript in your browser to complete this form.<\/noscript><div class=\"wpforms-field-container\"><div id=\"wpforms-1342-field_1-container\" class=\"wpforms-field wpforms-field-text\" data-field-id=\"1\"><label class=\"wpforms-field-label\" for=\"wpforms-1342-field_1\">Nome <span class=\"wpforms-required-label\">*<\/span><\/label><input type=\"text\" id=\"wpforms-1342-field_1\" class=\"wpforms-field-medium wpforms-field-required\" name=\"wpforms[fields][1]\" required><\/div><div id=\"wpforms-1342-field_9-container\" class=\"wpforms-field wpforms-field-number\" data-field-id=\"9\"><label class=\"wpforms-field-label\" for=\"wpforms-1342-field_9\">Contacto telef\u00f3nico <span class=\"wpforms-required-label\">*<\/span><\/label><input type=\"number\" id=\"wpforms-1342-field_9\" class=\"wpforms-field-medium wpforms-field-required\" name=\"wpforms[fields][9]\" required><\/div><div id=\"wpforms-1342-field_3-container\" class=\"wpforms-field wpforms-field-email\" data-field-id=\"3\"><label class=\"wpforms-field-label\" for=\"wpforms-1342-field_3\">Email<\/label><input type=\"email\" id=\"wpforms-1342-field_3\" class=\"wpforms-field-medium\" name=\"wpforms[fields][3]\" spellcheck=\"false\" ><\/div><div id=\"wpforms-1342-field_4-container\" class=\"wpforms-field wpforms-field-text\" data-field-id=\"4\"><label class=\"wpforms-field-label\" for=\"wpforms-1342-field_4\">Escolaridade <span class=\"wpforms-required-label\">*<\/span><\/label><input type=\"text\" id=\"wpforms-1342-field_4\" class=\"wpforms-field-medium wpforms-field-required\" name=\"wpforms[fields][4]\" required><\/div><div id=\"wpforms-1342-field_5-container\" class=\"wpforms-field wpforms-field-textarea\" data-field-id=\"5\"><label class=\"wpforms-field-label\" for=\"wpforms-1342-field_5\">Experi\u00eancia e disponibilidade <span class=\"wpforms-required-label\">*<\/span><\/label><textarea id=\"wpforms-1342-field_5\" class=\"wpforms-field-medium wpforms-field-required\" name=\"wpforms[fields][5]\" required><\/textarea><\/div><div id=\"wpforms-1342-field_6-container\" class=\"wpforms-field wpforms-field-textarea\" data-field-id=\"6\"><label class=\"wpforms-field-label\" for=\"wpforms-1342-field_6\">Motiva\u00e7\u00e3o<\/label><textarea id=\"wpforms-1342-field_6\" class=\"wpforms-field-medium\" name=\"wpforms[fields][6]\" ><\/textarea><\/div><div id=\"wpforms-1342-field_10-container\" class=\"wpforms-field wpforms-field-checkbox\" data-field-id=\"10\"><ul id=\"wpforms-1342-field_10\"><li class=\"choice-1 depth-1\"><input type=\"checkbox\" id=\"wpforms-1342-field_10_1\" name=\"wpforms[fields][10][]\" value=\"Tenho conhecimento e autorizo, de forma expressa e informada, a recolha e o tratamento dos dados, sob compromisso da Hydro Retail, LDA manter a integridade e uso exclusivo das finalidades previstas.\"  ><label class=\"wpforms-field-label-inline\" for=\"wpforms-1342-field_10_1\">Tenho conhecimento e autorizo, de forma expressa e informada, a recolha e o tratamento dos dados, sob compromisso da Hydro Retail, LDA manter a integridade e uso exclusivo das finalidades previstas.<\/label><\/li><\/ul><\/div><\/div><!-- .wpforms-field-container --><div class=\"wpforms-submit-container\" ><input type=\"hidden\" name=\"wpforms[id]\" value=\"1342\"><input type=\"hidden\" name=\"page_title\" value=\"\"><input type=\"hidden\" name=\"page_url\" value=\"https:\/\/retail.alojar.pt\/retail-hydro\/wp-json\/wp\/v2\/pages\/1340\"><button type=\"submit\" name=\"wpforms[submit]\" id=\"wpforms-submit-1342\" class=\"wpforms-submit\" data-alt-text=\"A enviar...\" data-submit-text=\"Enviar\" aria-live=\"assertive\" value=\"wpforms-submit\">Enviar<\/button><img decoding=\"async\" src=\"https:\/\/retail.alojar.pt\/retail-hydro\/wp-content\/plugins\/wpforms-lite\/assets\/images\/submit-spin.svg\" class=\"wpforms-submit-spinner\" style=\"display: none;\" width=\"26\" height=\"26\" alt=\"Loading\"><\/div><\/form><\/div>  <!-- .wpforms-container -->\t\t<\/div>\n\t\t\t\t<\/div>\n\t\t\t\t\t<\/div>\n\t\t\t\t<\/div>\n\t\t<div class=\"elementor-element elementor-element-7ac04ec e-flex e-con-boxed e-con e-parent\" data-id=\"7ac04ec\" data-element_type=\"container\">\n\t\t\t\t\t<div class=\"e-con-inner\">\n\t\t\t\t\t<\/div>\n\t\t\t\t<\/div>\n\t\t\t\t<\/div>\n\t\t","protected":false},"excerpt":{"rendered":"<p>Se pretende trabalhar connosco,descreva, por favor, o seu curriculum vitae (CV), preenchendo o seguinte formul\u00e1rio: Please enable JavaScript in your browser to complete this form.Nome *Contacto telef\u00f3nico *EmailEscolaridade *Experi\u00eancia e disponibilidade *Motiva\u00e7\u00e3o Tenho conhecimento e autorizo, de forma expressa e informada, a recolha e o tratamento dos dados, sob compromisso da Hydro Retail, LDA manter [&hellip;]<\/p>\n","protected":false},"author":7,"featured_media":0,"parent":0,"menu_order":0,"comment_status":"closed","ping_status":"closed","template":"","meta":{"footnotes":""},"class_list":["post-1340","page","type-page","status-publish","hentry"],"blocksy_meta":{"styles_descriptor":{"styles":{"desktop":"","tablet":"","mobile":""},"google_fonts":[],"version":6}},"aioseo_notices":[],"yoast_head":"<!-- This site is optimized with the Yoast SEO plugin v23.9 - https:\/\/yoast.com\/wordpress\/plugins\/seo\/ -->\n<title>RECRUTAMENTO - Retail Hydro<\/title>\n<meta name=\"robots\" content=\"index, follow, max-snippet:-1, max-image-preview:large, max-video-preview:-1\" \/>\n<link rel=\"canonical\" href=\"https:\/\/retail.alojar.pt\/retail-hydro\/orcamentos\/\" \/>\n<meta property=\"og:locale\" content=\"pt_PT\" \/>\n<meta property=\"og:type\" content=\"article\" \/>\n<meta property=\"og:title\" content=\"RECRUTAMENTO - Retail Hydro\" \/>\n<meta property=\"og:description\" content=\"Se pretende trabalhar connosco,descreva, por favor, o seu curriculum vitae (CV), preenchendo o seguinte formul\u00e1rio: Please enable JavaScript in your browser to complete this form.Nome *Contacto telef\u00f3nico *EmailEscolaridade *Experi\u00eancia e disponibilidade *Motiva\u00e7\u00e3o Tenho conhecimento e autorizo, de forma expressa e informada, a recolha e o tratamento dos dados, sob compromisso da Hydro Retail, LDA manter [&hellip;]\" \/>\n<meta property=\"og:url\" content=\"https:\/\/retail.alojar.pt\/retail-hydro\/orcamentos\/\" \/>\n<meta property=\"og:site_name\" content=\"Retail Hydro\" \/>\n<meta property=\"article:modified_time\" content=\"2024-11-28T18:31:23+00:00\" \/>\n<meta property=\"og:image\" content=\"https:\/\/retail.alojar.pt\/retail-hydro\/wp-content\/plugins\/wpforms-lite\/assets\/images\/submit-spin.svg\" \/>\n<meta name=\"twitter:card\" content=\"summary_large_image\" \/>\n<meta name=\"twitter:label1\" content=\"Tempo estimado de leitura\" \/>\n\t<meta name=\"twitter:data1\" content=\"1 minuto\" \/>\n<script type=\"application\/ld+json\" class=\"yoast-schema-graph\">{\"@context\":\"https:\/\/schema.org\",\"@graph\":[{\"@type\":\"WebPage\",\"@id\":\"https:\/\/retail.alojar.pt\/retail-hydro\/orcamentos\/\",\"url\":\"https:\/\/retail.alojar.pt\/retail-hydro\/orcamentos\/\",\"name\":\"RECRUTAMENTO - Retail Hydro\",\"isPartOf\":{\"@id\":\"https:\/\/retail.alojar.pt\/retail-hydro\/#website\"},\"primaryImageOfPage\":{\"@id\":\"https:\/\/retail.alojar.pt\/retail-hydro\/orcamentos\/#primaryimage\"},\"image\":{\"@id\":\"https:\/\/retail.alojar.pt\/retail-hydro\/orcamentos\/#primaryimage\"},\"thumbnailUrl\":\"https:\/\/retail.alojar.pt\/retail-hydro\/wp-content\/plugins\/wpforms-lite\/assets\/images\/submit-spin.svg\",\"datePublished\":\"2022-10-16T18:16:20+00:00\",\"dateModified\":\"2024-11-28T18:31:23+00:00\",\"breadcrumb\":{\"@id\":\"https:\/\/retail.alojar.pt\/retail-hydro\/orcamentos\/#breadcrumb\"},\"inLanguage\":\"pt-PT\",\"potentialAction\":[{\"@type\":\"ReadAction\",\"target\":[\"https:\/\/retail.alojar.pt\/retail-hydro\/orcamentos\/\"]}]},{\"@type\":\"ImageObject\",\"inLanguage\":\"pt-PT\",\"@id\":\"https:\/\/retail.alojar.pt\/retail-hydro\/orcamentos\/#primaryimage\",\"url\":\"https:\/\/retail.alojar.pt\/retail-hydro\/wp-content\/plugins\/wpforms-lite\/assets\/images\/submit-spin.svg\",\"contentUrl\":\"https:\/\/retail.alojar.pt\/retail-hydro\/wp-content\/plugins\/wpforms-lite\/assets\/images\/submit-spin.svg\"},{\"@type\":\"BreadcrumbList\",\"@id\":\"https:\/\/retail.alojar.pt\/retail-hydro\/orcamentos\/#breadcrumb\",\"itemListElement\":[{\"@type\":\"ListItem\",\"position\":1,\"name\":\"In\u00edcio\",\"item\":\"https:\/\/retail.alojar.pt\/retail-hydro\/\"},{\"@type\":\"ListItem\",\"position\":2,\"name\":\"RECRUTAMENTO\"}]},{\"@type\":\"WebSite\",\"@id\":\"https:\/\/retail.alojar.pt\/retail-hydro\/#website\",\"url\":\"https:\/\/retail.alojar.pt\/retail-hydro\/\",\"name\":\"Retail Hydro\",\"description\":\"Instala\u00e7\u00f5es hidr\u00e1ulicas\",\"publisher\":{\"@id\":\"https:\/\/retail.alojar.pt\/retail-hydro\/#organization\"},\"potentialAction\":[{\"@type\":\"SearchAction\",\"target\":{\"@type\":\"EntryPoint\",\"urlTemplate\":\"https:\/\/retail.alojar.pt\/retail-hydro\/?s={search_term_string}\"},\"query-input\":{\"@type\":\"PropertyValueSpecification\",\"valueRequired\":true,\"valueName\":\"search_term_string\"}}],\"inLanguage\":\"pt-PT\"},{\"@type\":\"Organization\",\"@id\":\"https:\/\/retail.alojar.pt\/retail-hydro\/#organization\",\"name\":\"Retail Hydro\",\"url\":\"https:\/\/retail.alojar.pt\/retail-hydro\/\",\"logo\":{\"@type\":\"ImageObject\",\"inLanguage\":\"pt-PT\",\"@id\":\"https:\/\/retail.alojar.pt\/retail-hydro\/#\/schema\/logo\/image\/\",\"url\":\"https:\/\/retail.alojar.pt\/retail-hydro\/wp-content\/uploads\/sites\/3\/2024\/04\/1.png\",\"contentUrl\":\"https:\/\/retail.alojar.pt\/retail-hydro\/wp-content\/uploads\/sites\/3\/2024\/04\/1.png\",\"width\":500,\"height\":195,\"caption\":\"Retail Hydro\"},\"image\":{\"@id\":\"https:\/\/retail.alojar.pt\/retail-hydro\/#\/schema\/logo\/image\/\"}}]}<\/script>\n<!-- \/ Yoast SEO plugin. -->","yoast_head_json":{"title":"RECRUTAMENTO - Retail Hydro","robots":{"index":"index","follow":"follow","max-snippet":"max-snippet:-1","max-image-preview":"max-image-preview:large","max-video-preview":"max-video-preview:-1"},"canonical":"https:\/\/retail.alojar.pt\/retail-hydro\/orcamentos\/","og_locale":"pt_PT","og_type":"article","og_title":"RECRUTAMENTO - Retail Hydro","og_description":"Se pretende trabalhar connosco,descreva, por favor, o seu curriculum vitae (CV), preenchendo o seguinte formul\u00e1rio: Please enable JavaScript in your browser to complete this form.Nome *Contacto telef\u00f3nico *EmailEscolaridade *Experi\u00eancia e disponibilidade *Motiva\u00e7\u00e3o Tenho conhecimento e autorizo, de forma expressa e informada, a recolha e o tratamento dos dados, sob compromisso da Hydro Retail, LDA manter [&hellip;]","og_url":"https:\/\/retail.alojar.pt\/retail-hydro\/orcamentos\/","og_site_name":"Retail Hydro","article_modified_time":"2024-11-28T18:31:23+00:00","og_image":[{"url":"https:\/\/retail.alojar.pt\/retail-hydro\/wp-content\/plugins\/wpforms-lite\/assets\/images\/submit-spin.svg"}],"twitter_card":"summary_large_image","twitter_misc":{"Tempo estimado de leitura":"1 minuto"},"schema":{"@context":"https:\/\/schema.org","@graph":[{"@type":"WebPage","@id":"https:\/\/retail.alojar.pt\/retail-hydro\/orcamentos\/","url":"https:\/\/retail.alojar.pt\/retail-hydro\/orcamentos\/","name":"RECRUTAMENTO - Retail Hydro","isPartOf":{"@id":"https:\/\/retail.alojar.pt\/retail-hydro\/#website"},"primaryImageOfPage":{"@id":"https:\/\/retail.alojar.pt\/retail-hydro\/orcamentos\/#primaryimage"},"image":{"@id":"https:\/\/retail.alojar.pt\/retail-hydro\/orcamentos\/#primaryimage"},"thumbnailUrl":"https:\/\/retail.alojar.pt\/retail-hydro\/wp-content\/plugins\/wpforms-lite\/assets\/images\/submit-spin.svg","datePublished":"2022-10-16T18:16:20+00:00","dateModified":"2024-11-28T18:31:23+00:00","breadcrumb":{"@id":"https:\/\/retail.alojar.pt\/retail-hydro\/orcamentos\/#breadcrumb"},"inLanguage":"pt-PT","potentialAction":[{"@type":"ReadAction","target":["https:\/\/retail.alojar.pt\/retail-hydro\/orcamentos\/"]}]},{"@type":"ImageObject","inLanguage":"pt-PT","@id":"https:\/\/retail.alojar.pt\/retail-hydro\/orcamentos\/#primaryimage","url":"https:\/\/retail.alojar.pt\/retail-hydro\/wp-content\/plugins\/wpforms-lite\/assets\/images\/submit-spin.svg","contentUrl":"https:\/\/retail.alojar.pt\/retail-hydro\/wp-content\/plugins\/wpforms-lite\/assets\/images\/submit-spin.svg"},{"@type":"BreadcrumbList","@id":"https:\/\/retail.alojar.pt\/retail-hydro\/orcamentos\/#breadcrumb","itemListElement":[{"@type":"ListItem","position":1,"name":"In\u00edcio","item":"https:\/\/retail.alojar.pt\/retail-hydro\/"},{"@type":"ListItem","position":2,"name":"RECRUTAMENTO"}]},{"@type":"WebSite","@id":"https:\/\/retail.alojar.pt\/retail-hydro\/#website","url":"https:\/\/retail.alojar.pt\/retail-hydro\/","name":"Retail Hydro","description":"Instala\u00e7\u00f5es hidr\u00e1ulicas","publisher":{"@id":"https:\/\/retail.alojar.pt\/retail-hydro\/#organization"},"potentialAction":[{"@type":"SearchAction","target":{"@type":"EntryPoint","urlTemplate":"https:\/\/retail.alojar.pt\/retail-hydro\/?s={search_term_string}"},"query-input":{"@type":"PropertyValueSpecification","valueRequired":true,"valueName":"search_term_string"}}],"inLanguage":"pt-PT"},{"@type":"Organization","@id":"https:\/\/retail.alojar.pt\/retail-hydro\/#organization","name":"Retail Hydro","url":"https:\/\/retail.alojar.pt\/retail-hydro\/","logo":{"@type":"ImageObject","inLanguage":"pt-PT","@id":"https:\/\/retail.alojar.pt\/retail-hydro\/#\/schema\/logo\/image\/","url":"https:\/\/retail.alojar.pt\/retail-hydro\/wp-content\/uploads\/sites\/3\/2024\/04\/1.png","contentUrl":"https:\/\/retail.alojar.pt\/retail-hydro\/wp-content\/uploads\/sites\/3\/2024\/04\/1.png","width":500,"height":195,"caption":"Retail Hydro"},"image":{"@id":"https:\/\/retail.alojar.pt\/retail-hydro\/#\/schema\/logo\/image\/"}}]}},"rttpg_featured_image_url":null,"rttpg_author":{"display_name":"anapeixoto","author_link":"https:\/\/retail.alojar.pt\/retail-hydro\/author\/anapeixoto\/"},"rttpg_comment":0,"rttpg_category":null,"rttpg_excerpt":"Se pretende trabalhar connosco,descreva, por favor, o seu curriculum vitae (CV), preenchendo o seguinte formul\u00e1rio: Please enable JavaScript in your browser to complete this form.Nome *Contacto telef\u00f3nico *EmailEscolaridade *Experi\u00eancia e disponibilidade *Motiva\u00e7\u00e3o Tenho conhecimento e autorizo, de forma expressa e informada, a recolha e o tratamento dos dados, sob compromisso da Hydro Retail, LDA manter&hellip;","_links":{"self":[{"href":"https:\/\/retail.alojar.pt\/retail-hydro\/wp-json\/wp\/v2\/pages\/1340","targetHints":{"allow":["GET"]}}],"collection":[{"href":"https:\/\/retail.alojar.pt\/retail-hydro\/wp-json\/wp\/v2\/pages"}],"about":[{"href":"https:\/\/retail.alojar.pt\/retail-hydro\/wp-json\/wp\/v2\/types\/page"}],"author":[{"embeddable":true,"href":"https:\/\/retail.alojar.pt\/retail-hydro\/wp-json\/wp\/v2\/users\/7"}],"replies":[{"embeddable":true,"href":"https:\/\/retail.alojar.pt\/retail-hydro\/wp-json\/wp\/v2\/comments?post=1340"}],"version-history":[{"count":45,"href":"https:\/\/retail.alojar.pt\/retail-hydro\/wp-json\/wp\/v2\/pages\/1340\/revisions"}],"predecessor-version":[{"id":2125,"href":"https:\/\/retail.alojar.pt\/retail-hydro\/wp-json\/wp\/v2\/pages\/1340\/revisions\/2125"}],"wp:attachment":[{"href":"https:\/\/retail.alojar.pt\/retail-hydro\/wp-json\/wp\/v2\/media?parent=1340"}],"curies":[{"name":"wp","href":"https:\/\/api.w.org\/{rel}","templated":true}]}}