{"id":1435,"date":"2022-12-14T20:46:57","date_gmt":"2022-12-14T20:46:57","guid":{"rendered":"https:\/\/retail.alojar.pt\/retail-advance\/?page_id=1435"},"modified":"2024-03-26T20:25:30","modified_gmt":"2024-03-26T20:25:30","slug":"politica-de-qualidade","status":"publish","type":"page","link":"https:\/\/retail.alojar.pt\/retail-advance\/politica-de-qualidade\/","title":{"rendered":"Pol\u00edtica SST"},"content":{"rendered":"\t\t<div data-elementor-type=\"wp-page\" data-elementor-id=\"1435\" class=\"elementor elementor-1435\">\n\t\t\t\t<div class=\"elementor-element elementor-element-7626503 e-flex e-con-boxed e-con e-parent\" data-id=\"7626503\" data-element_type=\"container\">\n\t\t\t\t\t<div class=\"e-con-inner\">\n\t\t\t\t<div class=\"elementor-element elementor-element-3ebec05 elementor-widget elementor-widget-heading\" data-id=\"3ebec05\" data-element_type=\"widget\" data-widget_type=\"heading.default\">\n\t\t\t\t<div class=\"elementor-widget-container\">\n\t\t\t<h2 class=\"elementor-heading-title elementor-size-default\">POL\u00cdTICA DE SEGURAN\u00c7A E SAUDE NO TRABALHO<\/h2>\t\t<\/div>\n\t\t\t\t<\/div>\n\t\t\t\t\t<\/div>\n\t\t\t\t<\/div>\n\t\t<div class=\"elementor-element elementor-element-f7a1339 e-flex e-con-boxed e-con e-parent\" data-id=\"f7a1339\" data-element_type=\"container\">\n\t\t\t\t\t<div class=\"e-con-inner\">\n\t\t\t\t<div class=\"elementor-element elementor-element-f46335a elementor-widget elementor-widget-spacer\" data-id=\"f46335a\" data-element_type=\"widget\" data-widget_type=\"spacer.default\">\n\t\t\t\t<div class=\"elementor-widget-container\">\n\t\t\t\t\t<div class=\"elementor-spacer\">\n\t\t\t<div class=\"elementor-spacer-inner\"><\/div>\n\t\t<\/div>\n\t\t\t\t<\/div>\n\t\t\t\t<\/div>\n\t\t\t\t\t<\/div>\n\t\t\t\t<\/div>\n\t\t<div class=\"elementor-element elementor-element-35ad483 e-flex e-con-boxed e-con e-parent\" data-id=\"35ad483\" data-element_type=\"container\">\n\t\t\t\t\t<div class=\"e-con-inner\">\n\t\t\t\t<div class=\"elementor-element elementor-element-39f08c3 elementor-widget__width-initial elementor-widget elementor-widget-text-editor\" data-id=\"39f08c3\" data-element_type=\"widget\" data-widget_type=\"text-editor.default\">\n\t\t\t\t<div class=\"elementor-widget-container\">\n\t\t\t\t\t\t\t<p>A Pol\u00edtica e os princ\u00edpios basilares da Retail Advance, no dom\u00ednio da seguran\u00e7a e sa\u00fade no trabalho, s\u00e3o permanentemente atualizados, consubstanciando esta miss\u00e3o num dos pilares cruciais da gest\u00e3o empresarial, manifestando-se, em todas as decis\u00f5es tomadas pela Organiza\u00e7\u00e3o. <br \/>Nunca menosprezando a import\u00e2ncia e relev\u00e2ncia do setor no qual desenvolve a sua atividade, e na capacidade de influenciar a qualidade de vida dos seus trabalhadores, colaboradores e terceiros, a Retail Advance, Lda., compromete-se a proporcionar um ambiente saud\u00e1vel e seguro a todos os seus trabalhadores, colaboradores e a terceiros, atrav\u00e9s dos seguintes princ\u00edpios orientadores:<\/p><p><br \/>\u2022 Garantir o cumprimento da legisla\u00e7\u00e3o, regulamenta\u00e7\u00e3o e requisitos em vigor, bem como de outros aplic\u00e1veis \u00e0 sua atividade; <br \/>\u2022 Garantir que s\u00e3o sistematicamente assegurados todos os aspetos relacionados com a seguran\u00e7a e a sa\u00fade no trabalho;<br \/>\u2022 Eliminar, reduzir e controlar os riscos em todas as suas \u00e1reas de atividade, com o objetivo de prevenir incidentes, acidentes e doen\u00e7as profissionais;<br \/>\u2022 Promover a forma\u00e7\u00e3o e informa\u00e7\u00e3o de todos os que trabalham sob o controlo Retail Advance, Lda., sensibilizando-os para a necessidade de envolvimento de todos no cumprimento das normas de Seguran\u00e7a;<br \/>\u2022 Usar o melhor conhecimento dispon\u00edvel para eliminar os perigos e reduzir os riscos para a SST;<br \/>\u2022 Proporcionar o desenvolvimento de compet\u00eancias dos trabalhadores, necess\u00e1rias ao desempenho das suas fun\u00e7\u00f5es, consultando-os, motivando-os para a sua participa\u00e7\u00e3o e envolvimento e sensibilizando-os simultaneamente para as suas responsabilidades no \u00e2mbito do sistema de gest\u00e3o;<br \/>\u2022 Promover, junto dos seus Subcontratados e terceiros, a ado\u00e7\u00e3o de boas pr\u00e1ticas coerentes com a presente Pol\u00edtica, incentivando parcerias que cumpram os requisitos legais e outros definidos pela Organiza\u00e7\u00e3o no \u00e2mbito da Seguran\u00e7a e Sa\u00fade no Trabalho;<br \/>\u2022 Disponibilizar os recursos necess\u00e1rios para garantir o cumprimento dos princ\u00edpios definidos nesta pol\u00edtica.<\/p>\t\t\t\t\t\t<\/div>\n\t\t\t\t<\/div>\n\t\t\t\t\t<\/div>\n\t\t\t\t<\/div>\n\t\t\t\t<\/div>\n\t\t","protected":false},"excerpt":{"rendered":"<p>POL\u00cdTICA DE SEGURAN\u00c7A E SAUDE NO TRABALHO A Pol\u00edtica e os princ\u00edpios basilares da Retail Advance, no dom\u00ednio da seguran\u00e7a e sa\u00fade no trabalho, s\u00e3o permanentemente atualizados, consubstanciando esta miss\u00e3o num dos pilares cruciais da gest\u00e3o empresarial, manifestando-se, em todas as decis\u00f5es tomadas pela Organiza\u00e7\u00e3o. Nunca menosprezando a import\u00e2ncia e relev\u00e2ncia do setor no qual [&hellip;]<\/p>\n","protected":false},"author":7,"featured_media":0,"parent":0,"menu_order":0,"comment_status":"closed","ping_status":"closed","template":"","meta":{"footnotes":""},"class_list":["post-1435","page","type-page","status-publish","hentry"],"blocksy_meta":{"styles_descriptor":{"styles":{"desktop":"","tablet":"","mobile":""},"google_fonts":[],"version":6}},"aioseo_notices":[],"yoast_head":"<!-- This site is optimized with the Yoast SEO plugin v23.9 - https:\/\/yoast.com\/wordpress\/plugins\/seo\/ -->\n<title>Pol\u00edtica SST - Retail Advance<\/title>\n<meta name=\"robots\" content=\"index, follow, max-snippet:-1, max-image-preview:large, max-video-preview:-1\" \/>\n<link rel=\"canonical\" href=\"https:\/\/retail.alojar.pt\/retail-advance\/politica-de-qualidade\/\" \/>\n<meta property=\"og:locale\" content=\"pt_PT\" \/>\n<meta property=\"og:type\" content=\"article\" \/>\n<meta property=\"og:title\" content=\"Pol\u00edtica SST - Retail Advance\" \/>\n<meta property=\"og:description\" content=\"POL\u00cdTICA DE SEGURAN\u00c7A E SAUDE NO TRABALHO A Pol\u00edtica e os princ\u00edpios basilares da Retail Advance, no dom\u00ednio da seguran\u00e7a e sa\u00fade no trabalho, s\u00e3o permanentemente atualizados, consubstanciando esta miss\u00e3o num dos pilares cruciais da gest\u00e3o empresarial, manifestando-se, em todas as decis\u00f5es tomadas pela Organiza\u00e7\u00e3o. Nunca menosprezando a import\u00e2ncia e relev\u00e2ncia do setor no qual [&hellip;]\" \/>\n<meta property=\"og:url\" content=\"https:\/\/retail.alojar.pt\/retail-advance\/politica-de-qualidade\/\" \/>\n<meta property=\"og:site_name\" content=\"Retail Advance\" \/>\n<meta property=\"article:modified_time\" content=\"2024-03-26T20:25:30+00:00\" \/>\n<meta name=\"twitter:card\" content=\"summary_large_image\" \/>\n<meta name=\"twitter:label1\" content=\"Tempo estimado de leitura\" \/>\n\t<meta name=\"twitter:data1\" content=\"2 minutos\" \/>\n<script type=\"application\/ld+json\" class=\"yoast-schema-graph\">{\"@context\":\"https:\/\/schema.org\",\"@graph\":[{\"@type\":\"WebPage\",\"@id\":\"https:\/\/retail.alojar.pt\/retail-advance\/politica-de-qualidade\/\",\"url\":\"https:\/\/retail.alojar.pt\/retail-advance\/politica-de-qualidade\/\",\"name\":\"Pol\u00edtica SST - Retail Advance\",\"isPartOf\":{\"@id\":\"https:\/\/retail.alojar.pt\/retail-advance\/#website\"},\"datePublished\":\"2022-12-14T20:46:57+00:00\",\"dateModified\":\"2024-03-26T20:25:30+00:00\",\"breadcrumb\":{\"@id\":\"https:\/\/retail.alojar.pt\/retail-advance\/politica-de-qualidade\/#breadcrumb\"},\"inLanguage\":\"pt-PT\",\"potentialAction\":[{\"@type\":\"ReadAction\",\"target\":[\"https:\/\/retail.alojar.pt\/retail-advance\/politica-de-qualidade\/\"]}]},{\"@type\":\"BreadcrumbList\",\"@id\":\"https:\/\/retail.alojar.pt\/retail-advance\/politica-de-qualidade\/#breadcrumb\",\"itemListElement\":[{\"@type\":\"ListItem\",\"position\":1,\"name\":\"In\u00edcio\",\"item\":\"https:\/\/retail.alojar.pt\/retail-advance\/\"},{\"@type\":\"ListItem\",\"position\":2,\"name\":\"Pol\u00edtica SST\"}]},{\"@type\":\"WebSite\",\"@id\":\"https:\/\/retail.alojar.pt\/retail-advance\/#website\",\"url\":\"https:\/\/retail.alojar.pt\/retail-advance\/\",\"name\":\"Retail Advance\",\"description\":\"Servi\u00e7os indiferenciados em espa\u00e7os comerciais\",\"publisher\":{\"@id\":\"https:\/\/retail.alojar.pt\/retail-advance\/#organization\"},\"potentialAction\":[{\"@type\":\"SearchAction\",\"target\":{\"@type\":\"EntryPoint\",\"urlTemplate\":\"https:\/\/retail.alojar.pt\/retail-advance\/?s={search_term_string}\"},\"query-input\":{\"@type\":\"PropertyValueSpecification\",\"valueRequired\":true,\"valueName\":\"search_term_string\"}}],\"inLanguage\":\"pt-PT\"},{\"@type\":\"Organization\",\"@id\":\"https:\/\/retail.alojar.pt\/retail-advance\/#organization\",\"name\":\"Retail Advance\",\"url\":\"https:\/\/retail.alojar.pt\/retail-advance\/\",\"logo\":{\"@type\":\"ImageObject\",\"inLanguage\":\"pt-PT\",\"@id\":\"https:\/\/retail.alojar.pt\/retail-advance\/#\/schema\/logo\/image\/\",\"url\":\"https:\/\/retail.alojar.pt\/retail-advance\/wp-content\/uploads\/sites\/4\/2024\/03\/Design-sem-nome-2.png\",\"contentUrl\":\"https:\/\/retail.alojar.pt\/retail-advance\/wp-content\/uploads\/sites\/4\/2024\/03\/Design-sem-nome-2.png\",\"width\":1500,\"height\":1500,\"caption\":\"Retail Advance\"},\"image\":{\"@id\":\"https:\/\/retail.alojar.pt\/retail-advance\/#\/schema\/logo\/image\/\"}}]}<\/script>\n<!-- \/ Yoast SEO plugin. -->","yoast_head_json":{"title":"Pol\u00edtica SST - Retail Advance","robots":{"index":"index","follow":"follow","max-snippet":"max-snippet:-1","max-image-preview":"max-image-preview:large","max-video-preview":"max-video-preview:-1"},"canonical":"https:\/\/retail.alojar.pt\/retail-advance\/politica-de-qualidade\/","og_locale":"pt_PT","og_type":"article","og_title":"Pol\u00edtica SST - Retail Advance","og_description":"POL\u00cdTICA DE SEGURAN\u00c7A E SAUDE NO TRABALHO A Pol\u00edtica e os princ\u00edpios basilares da Retail Advance, no dom\u00ednio da seguran\u00e7a e sa\u00fade no trabalho, s\u00e3o permanentemente atualizados, consubstanciando esta miss\u00e3o num dos pilares cruciais da gest\u00e3o empresarial, manifestando-se, em todas as decis\u00f5es tomadas pela Organiza\u00e7\u00e3o. Nunca menosprezando a import\u00e2ncia e relev\u00e2ncia do setor no qual [&hellip;]","og_url":"https:\/\/retail.alojar.pt\/retail-advance\/politica-de-qualidade\/","og_site_name":"Retail Advance","article_modified_time":"2024-03-26T20:25:30+00:00","twitter_card":"summary_large_image","twitter_misc":{"Tempo estimado de leitura":"2 minutos"},"schema":{"@context":"https:\/\/schema.org","@graph":[{"@type":"WebPage","@id":"https:\/\/retail.alojar.pt\/retail-advance\/politica-de-qualidade\/","url":"https:\/\/retail.alojar.pt\/retail-advance\/politica-de-qualidade\/","name":"Pol\u00edtica SST - Retail Advance","isPartOf":{"@id":"https:\/\/retail.alojar.pt\/retail-advance\/#website"},"datePublished":"2022-12-14T20:46:57+00:00","dateModified":"2024-03-26T20:25:30+00:00","breadcrumb":{"@id":"https:\/\/retail.alojar.pt\/retail-advance\/politica-de-qualidade\/#breadcrumb"},"inLanguage":"pt-PT","potentialAction":[{"@type":"ReadAction","target":["https:\/\/retail.alojar.pt\/retail-advance\/politica-de-qualidade\/"]}]},{"@type":"BreadcrumbList","@id":"https:\/\/retail.alojar.pt\/retail-advance\/politica-de-qualidade\/#breadcrumb","itemListElement":[{"@type":"ListItem","position":1,"name":"In\u00edcio","item":"https:\/\/retail.alojar.pt\/retail-advance\/"},{"@type":"ListItem","position":2,"name":"Pol\u00edtica SST"}]},{"@type":"WebSite","@id":"https:\/\/retail.alojar.pt\/retail-advance\/#website","url":"https:\/\/retail.alojar.pt\/retail-advance\/","name":"Retail Advance","description":"Servi\u00e7os indiferenciados em espa\u00e7os comerciais","publisher":{"@id":"https:\/\/retail.alojar.pt\/retail-advance\/#organization"},"potentialAction":[{"@type":"SearchAction","target":{"@type":"EntryPoint","urlTemplate":"https:\/\/retail.alojar.pt\/retail-advance\/?s={search_term_string}"},"query-input":{"@type":"PropertyValueSpecification","valueRequired":true,"valueName":"search_term_string"}}],"inLanguage":"pt-PT"},{"@type":"Organization","@id":"https:\/\/retail.alojar.pt\/retail-advance\/#organization","name":"Retail Advance","url":"https:\/\/retail.alojar.pt\/retail-advance\/","logo":{"@type":"ImageObject","inLanguage":"pt-PT","@id":"https:\/\/retail.alojar.pt\/retail-advance\/#\/schema\/logo\/image\/","url":"https:\/\/retail.alojar.pt\/retail-advance\/wp-content\/uploads\/sites\/4\/2024\/03\/Design-sem-nome-2.png","contentUrl":"https:\/\/retail.alojar.pt\/retail-advance\/wp-content\/uploads\/sites\/4\/2024\/03\/Design-sem-nome-2.png","width":1500,"height":1500,"caption":"Retail Advance"},"image":{"@id":"https:\/\/retail.alojar.pt\/retail-advance\/#\/schema\/logo\/image\/"}}]}},"rttpg_featured_image_url":null,"rttpg_author":{"display_name":"anapeixoto","author_link":"https:\/\/retail.alojar.pt\/retail-advance\/author\/anapeixoto\/"},"rttpg_comment":0,"rttpg_category":null,"rttpg_excerpt":"POL\u00cdTICA DE SEGURAN\u00c7A E SAUDE NO TRABALHO A Pol\u00edtica e os princ\u00edpios basilares da Retail Advance, no dom\u00ednio da seguran\u00e7a e sa\u00fade no trabalho, s\u00e3o permanentemente atualizados, consubstanciando esta miss\u00e3o num dos pilares cruciais da gest\u00e3o empresarial, manifestando-se, em todas as decis\u00f5es tomadas pela Organiza\u00e7\u00e3o. Nunca menosprezando a import\u00e2ncia e relev\u00e2ncia do setor no qual&hellip;","_links":{"self":[{"href":"https:\/\/retail.alojar.pt\/retail-advance\/wp-json\/wp\/v2\/pages\/1435","targetHints":{"allow":["GET"]}}],"collection":[{"href":"https:\/\/retail.alojar.pt\/retail-advance\/wp-json\/wp\/v2\/pages"}],"about":[{"href":"https:\/\/retail.alojar.pt\/retail-advance\/wp-json\/wp\/v2\/types\/page"}],"author":[{"embeddable":true,"href":"https:\/\/retail.alojar.pt\/retail-advance\/wp-json\/wp\/v2\/users\/7"}],"replies":[{"embeddable":true,"href":"https:\/\/retail.alojar.pt\/retail-advance\/wp-json\/wp\/v2\/comments?post=1435"}],"version-history":[{"count":11,"href":"https:\/\/retail.alojar.pt\/retail-advance\/wp-json\/wp\/v2\/pages\/1435\/revisions"}],"predecessor-version":[{"id":1642,"href":"https:\/\/retail.alojar.pt\/retail-advance\/wp-json\/wp\/v2\/pages\/1435\/revisions\/1642"}],"wp:attachment":[{"href":"https:\/\/retail.alojar.pt\/retail-advance\/wp-json\/wp\/v2\/media?parent=1435"}],"curies":[{"name":"wp","href":"https:\/\/api.w.org\/{rel}","templated":true}]}}