{"id":1431,"date":"2022-12-14T20:46:05","date_gmt":"2022-12-14T20:46:05","guid":{"rendered":"https:\/\/retail.alojar.pt\/retail-advance\/?page_id=1431"},"modified":"2023-03-12T22:53:47","modified_gmt":"2023-03-12T22:53:47","slug":"orcamentos","status":"publish","type":"page","link":"https:\/\/retail.alojar.pt\/retail-advance\/orcamentos\/","title":{"rendered":"Or\u00e7amentos"},"content":{"rendered":"\t\t<div data-elementor-type=\"wp-page\" data-elementor-id=\"1431\" class=\"elementor elementor-1431\">\n\t\t\t\t<div class=\"elementor-element elementor-element-d1f1e10 e-flex e-con-boxed e-con e-parent\" data-id=\"d1f1e10\" data-element_type=\"container\">\n\t\t\t\t\t<div class=\"e-con-inner\">\n\t\t\t\t<div class=\"elementor-element elementor-element-6ddb618 elementor-widget elementor-widget-spacer\" data-id=\"6ddb618\" data-element_type=\"widget\" data-widget_type=\"spacer.default\">\n\t\t\t\t<div class=\"elementor-widget-container\">\n\t\t\t\t\t<div class=\"elementor-spacer\">\n\t\t\t<div class=\"elementor-spacer-inner\"><\/div>\n\t\t<\/div>\n\t\t\t\t<\/div>\n\t\t\t\t<\/div>\n\t\t\t\t\t<\/div>\n\t\t\t\t<\/div>\n\t\t<div class=\"elementor-element elementor-element-24e2716 e-flex e-con-boxed e-con e-parent\" data-id=\"24e2716\" data-element_type=\"container\">\n\t\t\t\t\t<div class=\"e-con-inner\">\n\t\t\t\t<div class=\"elementor-element elementor-element-e66f71a elementor-widget elementor-widget-text-editor\" data-id=\"e66f71a\" data-element_type=\"widget\" data-widget_type=\"text-editor.default\">\n\t\t\t\t<div class=\"elementor-widget-container\">\n\t\t\t\t\t\t\t<main id=\"PAGES_CONTAINER\" tabindex=\"-1\"><div id=\"SITE_PAGES\" class=\"_1gF1C\"><div id=\"SITE_PAGES_TRANSITION_GROUP\" class=\"_2YGAo\"><div id=\"bvpqv\" class=\"Ry26q\"><div class=\"_3K7uv\"><div id=\"Containerbvpqv\" class=\"_1KV2M\"><div class=\"\" data-mesh-id=\"ContainerbvpqvinlineContent\" data-testid=\"inline-content\"><div data-mesh-id=\"ContainerbvpqvinlineContent-gridContainer\" data-testid=\"mesh-container-content\"><section id=\"comp-kz2zh8t3\" class=\"_3d64y\"><div class=\"_1uldx\" data-testid=\"columns\"><div id=\"comp-kz2zh8ua\" class=\"_1vNJf\"><div class=\"\" data-mesh-id=\"comp-kz2zh8uainlineContent\" data-testid=\"inline-content\"><div data-mesh-id=\"comp-kz2zh8uainlineContent-gridContainer\" data-testid=\"mesh-container-content\"><div id=\"comp-kz2zh8x2\" class=\"_2Hij5 _3bcaz\" data-testid=\"richTextElement\"><p class=\"font_7\"><strong>Para qualquer informa\u00e7\u00e3o ou pedido de or\u00e7amento, preencha, por favor, o seguinte formul\u00e1rio:<\/strong><\/p><\/div><\/div><\/div><\/div><\/div><\/section><\/div><\/div><\/div><\/div><\/div><\/div><\/div><\/main>\t\t\t\t\t\t<\/div>\n\t\t\t\t<\/div>\n\t\t\t\t\t<\/div>\n\t\t\t\t<\/div>\n\t\t<div class=\"elementor-element elementor-element-54356d7 e-flex e-con-boxed e-con e-parent\" data-id=\"54356d7\" data-element_type=\"container\">\n\t\t\t\t\t<div class=\"e-con-inner\">\n\t\t\t\t<div class=\"elementor-element elementor-element-66de620 elementor-widget elementor-widget-wpforms\" data-id=\"66de620\" data-element_type=\"widget\" data-widget_type=\"wpforms.default\">\n\t\t\t\t<div class=\"elementor-widget-container\">\n\t\t\t<div class=\"wpforms-container \" id=\"wpforms-1503\"><form id=\"wpforms-form-1503\" class=\"wpforms-validate wpforms-form wpforms-ajax-form\" data-formid=\"1503\" method=\"post\" enctype=\"multipart\/form-data\" action=\"\/retail-advance\/wp-json\/wp\/v2\/pages\/1431\" data-token=\"7bddea64f89cf9568049e6c1cef7656b\" data-token-time=\"1777666796\"><noscript class=\"wpforms-error-noscript\">Please enable JavaScript in your browser to complete this form.<\/noscript><div class=\"wpforms-field-container\"><div id=\"wpforms-1503-field_1-container\" class=\"wpforms-field wpforms-field-text\" data-field-id=\"1\"><label class=\"wpforms-field-label\" for=\"wpforms-1503-field_1\">NIPC\/NIF (cliente) <span class=\"wpforms-required-label\">*<\/span><\/label><input type=\"text\" id=\"wpforms-1503-field_1\" class=\"wpforms-field-medium wpforms-field-required\" name=\"wpforms[fields][1]\" required><\/div><div id=\"wpforms-1503-field_4-container\" class=\"wpforms-field wpforms-field-text\" data-field-id=\"4\"><label class=\"wpforms-field-label\" for=\"wpforms-1503-field_4\">Nome (Representante do cliente) <span class=\"wpforms-required-label\">*<\/span><\/label><input type=\"text\" id=\"wpforms-1503-field_4\" class=\"wpforms-field-medium wpforms-field-required\" name=\"wpforms[fields][4]\" required><\/div><div id=\"wpforms-1503-field_5-container\" class=\"wpforms-field wpforms-field-email\" data-field-id=\"5\"><label class=\"wpforms-field-label\" for=\"wpforms-1503-field_5\">Email <span class=\"wpforms-required-label\">*<\/span><\/label><input type=\"email\" id=\"wpforms-1503-field_5\" class=\"wpforms-field-medium wpforms-field-required\" name=\"wpforms[fields][5]\" spellcheck=\"false\" required><\/div><div id=\"wpforms-1503-field_6-container\" class=\"wpforms-field wpforms-field-textarea\" data-field-id=\"6\"><label class=\"wpforms-field-label\" for=\"wpforms-1503-field_6\">Mensagem <span class=\"wpforms-required-label\">*<\/span><\/label><textarea id=\"wpforms-1503-field_6\" class=\"wpforms-field-medium wpforms-field-required\" name=\"wpforms[fields][6]\" required><\/textarea><\/div><div id=\"wpforms-1503-field_7-container\" class=\"wpforms-field wpforms-field-checkbox\" data-field-id=\"7\"><ul id=\"wpforms-1503-field_7\"><li class=\"choice-1 depth-1\"><input type=\"checkbox\" id=\"wpforms-1503-field_7_1\" name=\"wpforms[fields][7][]\" value=\"Tenho conhecimento e autorizo, de forma expressa e informada, a recolha e o tratamento dos dados, sob compromisso da Retail Advance, Lda manter a integridade e uso exclusivo das finalidades previstas.\"  ><label class=\"wpforms-field-label-inline\" for=\"wpforms-1503-field_7_1\">Tenho conhecimento e autorizo, de forma expressa e informada, a recolha e o tratamento dos dados, sob compromisso da Retail Advance, Lda manter a integridade e uso exclusivo das finalidades previstas.<\/label><\/li><\/ul><\/div><\/div><!-- .wpforms-field-container --><div class=\"wpforms-submit-container\" ><input type=\"hidden\" name=\"wpforms[id]\" value=\"1503\"><input type=\"hidden\" name=\"page_title\" value=\"\"><input type=\"hidden\" name=\"page_url\" value=\"https:\/\/retail.alojar.pt\/retail-advance\/wp-json\/wp\/v2\/pages\/1431\"><button type=\"submit\" name=\"wpforms[submit]\" id=\"wpforms-submit-1503\" class=\"wpforms-submit\" data-alt-text=\"a enviar...\" data-submit-text=\"Enviar\" aria-live=\"assertive\" value=\"wpforms-submit\">Enviar<\/button><img decoding=\"async\" src=\"https:\/\/retail.alojar.pt\/retail-advance\/wp-content\/plugins\/wpforms-lite\/assets\/images\/submit-spin.svg\" class=\"wpforms-submit-spinner\" style=\"display: none;\" width=\"26\" height=\"26\" alt=\"Loading\"><\/div><\/form><\/div>  <!-- .wpforms-container -->\t\t<\/div>\n\t\t\t\t<\/div>\n\t\t\t\t\t<\/div>\n\t\t\t\t<\/div>\n\t\t\t\t<\/div>\n\t\t","protected":false},"excerpt":{"rendered":"<p>Para qualquer informa\u00e7\u00e3o ou pedido de or\u00e7amento, preencha, por favor, o seguinte formul\u00e1rio:<\/p>\n","protected":false},"author":7,"featured_media":0,"parent":0,"menu_order":0,"comment_status":"closed","ping_status":"closed","template":"","meta":{"footnotes":""},"class_list":["post-1431","page","type-page","status-publish","hentry"],"blocksy_meta":{"styles_descriptor":{"styles":{"desktop":"","tablet":"","mobile":""},"google_fonts":[],"version":6}},"aioseo_notices":[],"yoast_head":"<!-- This site is optimized with the Yoast SEO plugin v23.9 - https:\/\/yoast.com\/wordpress\/plugins\/seo\/ -->\n<title>Or\u00e7amentos - Retail Advance<\/title>\n<meta name=\"robots\" content=\"index, follow, max-snippet:-1, max-image-preview:large, max-video-preview:-1\" \/>\n<link rel=\"canonical\" href=\"https:\/\/retail.alojar.pt\/retail-advance\/orcamentos\/\" \/>\n<meta property=\"og:locale\" content=\"pt_PT\" \/>\n<meta property=\"og:type\" content=\"article\" \/>\n<meta property=\"og:title\" content=\"Or\u00e7amentos - Retail Advance\" \/>\n<meta property=\"og:description\" content=\"Para qualquer informa\u00e7\u00e3o ou pedido de or\u00e7amento, preencha, por favor, o seguinte formul\u00e1rio:\" \/>\n<meta property=\"og:url\" content=\"https:\/\/retail.alojar.pt\/retail-advance\/orcamentos\/\" \/>\n<meta property=\"og:site_name\" content=\"Retail Advance\" \/>\n<meta property=\"article:modified_time\" content=\"2023-03-12T22:53:47+00:00\" \/>\n<meta name=\"twitter:card\" content=\"summary_large_image\" \/>\n<meta name=\"twitter:label1\" content=\"Tempo estimado de leitura\" \/>\n\t<meta name=\"twitter:data1\" content=\"1 minuto\" \/>\n<script type=\"application\/ld+json\" class=\"yoast-schema-graph\">{\"@context\":\"https:\/\/schema.org\",\"@graph\":[{\"@type\":\"WebPage\",\"@id\":\"https:\/\/retail.alojar.pt\/retail-advance\/orcamentos\/\",\"url\":\"https:\/\/retail.alojar.pt\/retail-advance\/orcamentos\/\",\"name\":\"Or\u00e7amentos - Retail Advance\",\"isPartOf\":{\"@id\":\"https:\/\/retail.alojar.pt\/retail-advance\/#website\"},\"datePublished\":\"2022-12-14T20:46:05+00:00\",\"dateModified\":\"2023-03-12T22:53:47+00:00\",\"breadcrumb\":{\"@id\":\"https:\/\/retail.alojar.pt\/retail-advance\/orcamentos\/#breadcrumb\"},\"inLanguage\":\"pt-PT\",\"potentialAction\":[{\"@type\":\"ReadAction\",\"target\":[\"https:\/\/retail.alojar.pt\/retail-advance\/orcamentos\/\"]}]},{\"@type\":\"BreadcrumbList\",\"@id\":\"https:\/\/retail.alojar.pt\/retail-advance\/orcamentos\/#breadcrumb\",\"itemListElement\":[{\"@type\":\"ListItem\",\"position\":1,\"name\":\"In\u00edcio\",\"item\":\"https:\/\/retail.alojar.pt\/retail-advance\/\"},{\"@type\":\"ListItem\",\"position\":2,\"name\":\"Or\u00e7amentos\"}]},{\"@type\":\"WebSite\",\"@id\":\"https:\/\/retail.alojar.pt\/retail-advance\/#website\",\"url\":\"https:\/\/retail.alojar.pt\/retail-advance\/\",\"name\":\"Retail Advance\",\"description\":\"Servi\u00e7os indiferenciados em espa\u00e7os comerciais\",\"publisher\":{\"@id\":\"https:\/\/retail.alojar.pt\/retail-advance\/#organization\"},\"potentialAction\":[{\"@type\":\"SearchAction\",\"target\":{\"@type\":\"EntryPoint\",\"urlTemplate\":\"https:\/\/retail.alojar.pt\/retail-advance\/?s={search_term_string}\"},\"query-input\":{\"@type\":\"PropertyValueSpecification\",\"valueRequired\":true,\"valueName\":\"search_term_string\"}}],\"inLanguage\":\"pt-PT\"},{\"@type\":\"Organization\",\"@id\":\"https:\/\/retail.alojar.pt\/retail-advance\/#organization\",\"name\":\"Retail Advance\",\"url\":\"https:\/\/retail.alojar.pt\/retail-advance\/\",\"logo\":{\"@type\":\"ImageObject\",\"inLanguage\":\"pt-PT\",\"@id\":\"https:\/\/retail.alojar.pt\/retail-advance\/#\/schema\/logo\/image\/\",\"url\":\"https:\/\/retail.alojar.pt\/retail-advance\/wp-content\/uploads\/sites\/4\/2024\/03\/Design-sem-nome-2.png\",\"contentUrl\":\"https:\/\/retail.alojar.pt\/retail-advance\/wp-content\/uploads\/sites\/4\/2024\/03\/Design-sem-nome-2.png\",\"width\":1500,\"height\":1500,\"caption\":\"Retail Advance\"},\"image\":{\"@id\":\"https:\/\/retail.alojar.pt\/retail-advance\/#\/schema\/logo\/image\/\"}}]}<\/script>\n<!-- \/ Yoast SEO plugin. -->","yoast_head_json":{"title":"Or\u00e7amentos - Retail Advance","robots":{"index":"index","follow":"follow","max-snippet":"max-snippet:-1","max-image-preview":"max-image-preview:large","max-video-preview":"max-video-preview:-1"},"canonical":"https:\/\/retail.alojar.pt\/retail-advance\/orcamentos\/","og_locale":"pt_PT","og_type":"article","og_title":"Or\u00e7amentos - Retail Advance","og_description":"Para qualquer informa\u00e7\u00e3o ou pedido de or\u00e7amento, preencha, por favor, o seguinte formul\u00e1rio:","og_url":"https:\/\/retail.alojar.pt\/retail-advance\/orcamentos\/","og_site_name":"Retail Advance","article_modified_time":"2023-03-12T22:53:47+00:00","twitter_card":"summary_large_image","twitter_misc":{"Tempo estimado de leitura":"1 minuto"},"schema":{"@context":"https:\/\/schema.org","@graph":[{"@type":"WebPage","@id":"https:\/\/retail.alojar.pt\/retail-advance\/orcamentos\/","url":"https:\/\/retail.alojar.pt\/retail-advance\/orcamentos\/","name":"Or\u00e7amentos - Retail Advance","isPartOf":{"@id":"https:\/\/retail.alojar.pt\/retail-advance\/#website"},"datePublished":"2022-12-14T20:46:05+00:00","dateModified":"2023-03-12T22:53:47+00:00","breadcrumb":{"@id":"https:\/\/retail.alojar.pt\/retail-advance\/orcamentos\/#breadcrumb"},"inLanguage":"pt-PT","potentialAction":[{"@type":"ReadAction","target":["https:\/\/retail.alojar.pt\/retail-advance\/orcamentos\/"]}]},{"@type":"BreadcrumbList","@id":"https:\/\/retail.alojar.pt\/retail-advance\/orcamentos\/#breadcrumb","itemListElement":[{"@type":"ListItem","position":1,"name":"In\u00edcio","item":"https:\/\/retail.alojar.pt\/retail-advance\/"},{"@type":"ListItem","position":2,"name":"Or\u00e7amentos"}]},{"@type":"WebSite","@id":"https:\/\/retail.alojar.pt\/retail-advance\/#website","url":"https:\/\/retail.alojar.pt\/retail-advance\/","name":"Retail Advance","description":"Servi\u00e7os indiferenciados em espa\u00e7os comerciais","publisher":{"@id":"https:\/\/retail.alojar.pt\/retail-advance\/#organization"},"potentialAction":[{"@type":"SearchAction","target":{"@type":"EntryPoint","urlTemplate":"https:\/\/retail.alojar.pt\/retail-advance\/?s={search_term_string}"},"query-input":{"@type":"PropertyValueSpecification","valueRequired":true,"valueName":"search_term_string"}}],"inLanguage":"pt-PT"},{"@type":"Organization","@id":"https:\/\/retail.alojar.pt\/retail-advance\/#organization","name":"Retail Advance","url":"https:\/\/retail.alojar.pt\/retail-advance\/","logo":{"@type":"ImageObject","inLanguage":"pt-PT","@id":"https:\/\/retail.alojar.pt\/retail-advance\/#\/schema\/logo\/image\/","url":"https:\/\/retail.alojar.pt\/retail-advance\/wp-content\/uploads\/sites\/4\/2024\/03\/Design-sem-nome-2.png","contentUrl":"https:\/\/retail.alojar.pt\/retail-advance\/wp-content\/uploads\/sites\/4\/2024\/03\/Design-sem-nome-2.png","width":1500,"height":1500,"caption":"Retail Advance"},"image":{"@id":"https:\/\/retail.alojar.pt\/retail-advance\/#\/schema\/logo\/image\/"}}]}},"rttpg_featured_image_url":null,"rttpg_author":{"display_name":"anapeixoto","author_link":"https:\/\/retail.alojar.pt\/retail-advance\/author\/anapeixoto\/"},"rttpg_comment":0,"rttpg_category":null,"rttpg_excerpt":"Para qualquer informa\u00e7\u00e3o ou pedido de or\u00e7amento, preencha, por favor, o seguinte formul\u00e1rio:","_links":{"self":[{"href":"https:\/\/retail.alojar.pt\/retail-advance\/wp-json\/wp\/v2\/pages\/1431","targetHints":{"allow":["GET"]}}],"collection":[{"href":"https:\/\/retail.alojar.pt\/retail-advance\/wp-json\/wp\/v2\/pages"}],"about":[{"href":"https:\/\/retail.alojar.pt\/retail-advance\/wp-json\/wp\/v2\/types\/page"}],"author":[{"embeddable":true,"href":"https:\/\/retail.alojar.pt\/retail-advance\/wp-json\/wp\/v2\/users\/7"}],"replies":[{"embeddable":true,"href":"https:\/\/retail.alojar.pt\/retail-advance\/wp-json\/wp\/v2\/comments?post=1431"}],"version-history":[{"count":4,"href":"https:\/\/retail.alojar.pt\/retail-advance\/wp-json\/wp\/v2\/pages\/1431\/revisions"}],"predecessor-version":[{"id":1512,"href":"https:\/\/retail.alojar.pt\/retail-advance\/wp-json\/wp\/v2\/pages\/1431\/revisions\/1512"}],"wp:attachment":[{"href":"https:\/\/retail.alojar.pt\/retail-advance\/wp-json\/wp\/v2\/media?parent=1431"}],"curies":[{"name":"wp","href":"https:\/\/api.w.org\/{rel}","templated":true}]}}