{"id":2618,"date":"2024-02-03T21:25:29","date_gmt":"2024-02-03T21:25:29","guid":{"rendered":"https:\/\/retail.alojar.pt\/bajazet\/?page_id=2618"},"modified":"2024-02-04T19:35:47","modified_gmt":"2024-02-04T19:35:47","slug":"movimentacao-de-cargas","status":"publish","type":"page","link":"https:\/\/retail.alojar.pt\/bajazet\/movimentacao-de-cargas\/","title":{"rendered":"Movimenta\u00e7\u00e3o de Cargas"},"content":{"rendered":"\t\t<div data-elementor-type=\"wp-post\" data-elementor-id=\"2618\" class=\"elementor elementor-2618\">\n\t\t\t\t<div class=\"elementor-element elementor-element-c1b876d e-flex e-con-boxed e-con e-parent\" data-id=\"c1b876d\" data-element_type=\"container\">\n\t\t\t\t\t<div class=\"e-con-inner\">\n\t\t\t\t<div class=\"elementor-element elementor-element-4b038ad elementor-widget elementor-widget-spacer\" data-id=\"4b038ad\" data-element_type=\"widget\" data-widget_type=\"spacer.default\">\n\t\t\t\t<div class=\"elementor-widget-container\">\n\t\t\t\t\t<div class=\"elementor-spacer\">\n\t\t\t<div class=\"elementor-spacer-inner\"><\/div>\n\t\t<\/div>\n\t\t\t\t<\/div>\n\t\t\t\t<\/div>\n\t\t\t\t\t<\/div>\n\t\t\t\t<\/div>\n\t\t<div class=\"elementor-element elementor-element-765ad6f e-flex e-con-boxed e-con e-parent\" data-id=\"765ad6f\" data-element_type=\"container\" data-settings=\"{&quot;background_background&quot;:&quot;classic&quot;}\">\n\t\t\t\t\t<div class=\"e-con-inner\">\n\t\t<div class=\"elementor-element elementor-element-07b9fcf e-con-full e-flex e-con e-child\" data-id=\"07b9fcf\" data-element_type=\"container\" data-settings=\"{&quot;background_background&quot;:&quot;classic&quot;}\">\n\t\t\t\t<div class=\"elementor-element elementor-element-e47aeae elementor-widget elementor-widget-heading\" data-id=\"e47aeae\" data-element_type=\"widget\" data-widget_type=\"heading.default\">\n\t\t\t\t<div class=\"elementor-widget-container\">\n\t\t\t<h2 class=\"elementor-heading-title elementor-size-default\"><h2 class=\"font_2 wixui-rich-text__text\" style=\"background: transparent;font-style: normal;font-size: 97px;line-height: 1em;margin-bottom: 0px;text-align: center\"><span class=\"wixui-rich-text__text\" style=\"background: transparent;border: 0px;margin: 0px;padding: 0px;vertical-align: baseline\"><span class=\"wixui-rich-text__text\" style=\"background: transparent;border: 0px;margin: 0px;padding: 0px;vertical-align: baseline\"><span class=\"wixui-rich-text__text\" style=\"background: transparent;border: 0px;margin: 0px;padding: 0px;vertical-align: baseline\"><span class=\"wixui-rich-text__text\" style=\"background: transparent;border: 0px;margin: 0px;padding: 0px;vertical-align: baseline;font-family: avenir-lt-w01_85-heavy1475544, avenir-lt-w05_85-heavy, sans-serif\"><span class=\"wixui-rich-text__text\" style=\"background: transparent;border: 0px;margin: 0px;padding: 0px;vertical-align: baseline;letter-spacing: -0.04em\">MOVIMENTA\u00c7\u00c3O<br class=\"wixui-rich-text__text\">de cargas<\/span><\/span><\/span><\/span><\/span><\/h2><\/h2>\t\t<\/div>\n\t\t\t\t<\/div>\n\t\t\t\t<\/div>\n\t\t\t\t\t<\/div>\n\t\t\t\t<\/div>\n\t\t<div class=\"elementor-element elementor-element-4edaad6 e-flex e-con-boxed e-con e-parent\" data-id=\"4edaad6\" data-element_type=\"container\">\n\t\t\t\t\t<div class=\"e-con-inner\">\n\t\t\t\t<div class=\"elementor-element elementor-element-8010ba1 elementor-widget elementor-widget-spacer\" data-id=\"8010ba1\" data-element_type=\"widget\" data-widget_type=\"spacer.default\">\n\t\t\t\t<div class=\"elementor-widget-container\">\n\t\t\t\t\t<div class=\"elementor-spacer\">\n\t\t\t<div class=\"elementor-spacer-inner\"><\/div>\n\t\t<\/div>\n\t\t\t\t<\/div>\n\t\t\t\t<\/div>\n\t\t\t\t\t<\/div>\n\t\t\t\t<\/div>\n\t\t<div class=\"elementor-element elementor-element-a1b1fbc e-flex e-con-boxed e-con e-parent\" data-id=\"a1b1fbc\" data-element_type=\"container\">\n\t\t\t\t\t<div class=\"e-con-inner\">\n\t\t\t\t<div class=\"elementor-element elementor-element-ec2da1a elementor-widget elementor-widget-text-editor\" data-id=\"ec2da1a\" data-element_type=\"widget\" data-widget_type=\"text-editor.default\">\n\t\t\t\t<div class=\"elementor-widget-container\">\n\t\t\t\t\t\t\t<p class=\"font_9 wixui-rich-text__text\" style=\"background: transparent; pointer-events: auto; font-style: normal; font-weight: 400; font-size: 33px; line-height: 1.3em; color: rgb(var(--color_14)); margin-block: 0px; margin-bottom: 0px;\"><span class=\"wixui-rich-text__text\" style=\"background: transparent; border: 0px; margin: 0px; outline: 0px; padding: 0px; vertical-align: baseline;\"><span class=\"wixui-rich-text__text\" style=\"background: transparent; border: 0px; margin: 0px; outline: 0px; padding: 0px; vertical-align: baseline; color: #3e84b5;\"><span class=\"wixui-rich-text__text\" style=\"background: transparent; border: 0px; margin: 0px; outline: 0px; padding: 0px; vertical-align: baseline; font-family: arial, '\uff4d\uff53 \uff50\u30b4\u30b7\u30c3\u30af', 'ms pgothic', \ub3cb\uc6c0, dotum, helvetica, sans-serif;\"><span class=\"wixui-rich-text__text\" style=\"background: transparent; border: 0px; margin: 0px; outline: 0px; padding: 0px; vertical-align: baseline;\">\u2726<\/span><\/span><\/span><span class=\"wixui-rich-text__text\" style=\"background: transparent; border: 0px; margin: 0px; outline: 0px; padding: 0px; vertical-align: baseline; color: #000000;\"><span class=\"wixui-rich-text__text\" style=\"background: transparent; border: 0px; margin: 0px; outline: 0px; padding: 0px; vertical-align: baseline; font-family: arial, '\uff4d\uff53 \uff50\u30b4\u30b7\u30c3\u30af', 'ms pgothic', \ub3cb\uc6c0, dotum, helvetica, sans-serif;\"><span class=\"wixui-rich-text__text\" style=\"background: transparent; border: 0px; margin: 0px; outline: 0px; padding: 0px; vertical-align: baseline;\">\u00a0Multifun\u00e7\u00f5es Diesel 12\/14\/18Mts<\/span><\/span><\/span><br class=\"wixui-rich-text__text\" \/><span class=\"wixui-rich-text__text\" style=\"background: transparent; border: 0px; margin: 0px; outline: 0px; padding: 0px; vertical-align: baseline; color: #3e84b5;\"><span class=\"wixui-rich-text__text\" style=\"background: transparent; border: 0px; margin: 0px; outline: 0px; padding: 0px; vertical-align: baseline; font-family: arial, '\uff4d\uff53 \uff50\u30b4\u30b7\u30c3\u30af', 'ms pgothic', \ub3cb\uc6c0, dotum, helvetica, sans-serif;\"><span class=\"wixui-rich-text__text\" style=\"background: transparent; border: 0px; margin: 0px; outline: 0px; padding: 0px; vertical-align: baseline;\">\u2726<\/span><\/span><\/span><span class=\"wixui-rich-text__text\" style=\"background: transparent; border: 0px; margin: 0px; outline: 0px; padding: 0px; vertical-align: baseline; color: #000000;\"><span class=\"wixui-rich-text__text\" style=\"background: transparent; border: 0px; margin: 0px; outline: 0px; padding: 0px; vertical-align: baseline; font-family: arial, '\uff4d\uff53 \uff50\u30b4\u30b7\u30c3\u30af', 'ms pgothic', \ub3cb\uc6c0, dotum, helvetica, sans-serif;\"><span class=\"wixui-rich-text__text\" style=\"background: transparent; border: 0px; margin: 0px; outline: 0px; padding: 0px; vertical-align: baseline;\">\u00a0Multifun\u00e7\u00f5es Rotativo Diesel 21Mts<\/span><\/span><\/span><br class=\"wixui-rich-text__text\" \/><span class=\"wixui-rich-text__text\" style=\"background: transparent; border: 0px; margin: 0px; outline: 0px; padding: 0px; vertical-align: baseline; color: #3e84b5;\"><span class=\"wixui-rich-text__text\" style=\"background: transparent; border: 0px; margin: 0px; outline: 0px; padding: 0px; vertical-align: baseline; font-family: arial, '\uff4d\uff53 \uff50\u30b4\u30b7\u30c3\u30af', 'ms pgothic', \ub3cb\uc6c0, dotum, helvetica, sans-serif;\"><span class=\"wixui-rich-text__text\" style=\"background: transparent; border: 0px; margin: 0px; outline: 0px; padding: 0px; vertical-align: baseline;\">\u2726<\/span><\/span><\/span><span class=\"wixui-rich-text__text\" style=\"background: transparent; border: 0px; margin: 0px; outline: 0px; padding: 0px; vertical-align: baseline; color: #000000;\"><span class=\"wixui-rich-text__text\" style=\"background: transparent; border: 0px; margin: 0px; outline: 0px; padding: 0px; vertical-align: baseline; font-family: arial, '\uff4d\uff53 \uff50\u30b4\u30b7\u30c3\u30af', 'ms pgothic', \ub3cb\uc6c0, dotum, helvetica, sans-serif;\"><span class=\"wixui-rich-text__text\" style=\"background: transparent; border: 0px; margin: 0px; outline: 0px; padding: 0px; vertical-align: baseline;\">\u00a0Empilhador El\u00e9trico\/Diesel 1,5\/2,0\/2,5Ton<\/span><\/span><\/span><\/span><\/p><p class=\"font_9 wixui-rich-text__text\" style=\"background: transparent; pointer-events: auto; font-style: normal; font-weight: 400; font-size: 33px; line-height: 1.3em; color: rgb(var(--color_14)); margin-block: 0px; margin-bottom: 0px;\"><span class=\"wixui-rich-text__text\" style=\"background: transparent; border: 0px; margin: 0px; outline: 0px; padding: 0px; vertical-align: baseline;\"><span class=\"wixui-rich-text__text\" style=\"background: transparent; border: 0px; margin: 0px; outline: 0px; padding: 0px; vertical-align: baseline; color: #3e84b5;\"><span class=\"wixui-rich-text__text\" style=\"background: transparent; border: 0px; margin: 0px; outline: 0px; padding: 0px; vertical-align: baseline; font-family: arial, '\uff4d\uff53 \uff50\u30b4\u30b7\u30c3\u30af', 'ms pgothic', \ub3cb\uc6c0, dotum, helvetica, sans-serif;\"><span class=\"wixui-rich-text__text\" style=\"background: transparent; border: 0px; margin: 0px; outline: 0px; padding: 0px; vertical-align: baseline;\">\u2726<\/span><\/span><\/span><span class=\"wixui-rich-text__text\" style=\"background: transparent; border: 0px; margin: 0px; outline: 0px; padding: 0px; vertical-align: baseline; color: #000000;\"><span class=\"wixui-rich-text__text\" style=\"background: transparent; border: 0px; margin: 0px; outline: 0px; padding: 0px; vertical-align: baseline; font-family: arial, '\uff4d\uff53 \uff50\u30b4\u30b7\u30c3\u30af', 'ms pgothic', \ub3cb\uc6c0, dotum, helvetica, sans-serif;\"><span class=\"wixui-rich-text__text\" style=\"background: transparent; border: 0px; margin: 0px; outline: 0px; padding: 0px; vertical-align: baseline;\">\u00a0Porta Paletes<\/span><\/span><\/span><br class=\"wixui-rich-text__text\" \/><span class=\"wixui-rich-text__text\" style=\"background: transparent; border: 0px; margin: 0px; outline: 0px; padding: 0px; vertical-align: baseline; color: #3e84b5;\"><span class=\"wixui-rich-text__text\" style=\"background: transparent; border: 0px; margin: 0px; outline: 0px; padding: 0px; vertical-align: baseline; font-family: arial, '\uff4d\uff53 \uff50\u30b4\u30b7\u30c3\u30af', 'ms pgothic', \ub3cb\uc6c0, dotum, helvetica, sans-serif;\"><span class=\"wixui-rich-text__text\" style=\"background: transparent; border: 0px; margin: 0px; outline: 0px; padding: 0px; vertical-align: baseline;\">\u2726<\/span><\/span><\/span><span class=\"wixui-rich-text__text\" style=\"background: transparent; border: 0px; margin: 0px; outline: 0px; padding: 0px; vertical-align: baseline; color: #000000;\"><span class=\"wixui-rich-text__text\" style=\"background: transparent; border: 0px; margin: 0px; outline: 0px; padding: 0px; vertical-align: baseline; font-family: arial, '\uff4d\uff53 \uff50\u30b4\u30b7\u30c3\u30af', 'ms pgothic', \ub3cb\uc6c0, dotum, helvetica, sans-serif;\"><span class=\"wixui-rich-text__text\" style=\"background: transparent; border: 0px; margin: 0px; outline: 0px; padding: 0px; vertical-align: baseline;\">\u00a0Guincho<\/span><\/span><\/span><br class=\"wixui-rich-text__text\" \/><span class=\"wixui-rich-text__text\" style=\"background: transparent; border: 0px; margin: 0px; outline: 0px; padding: 0px; vertical-align: baseline; color: #3e84b5;\"><span class=\"wixui-rich-text__text\" style=\"background: transparent; border: 0px; margin: 0px; outline: 0px; padding: 0px; vertical-align: baseline; font-family: arial, '\uff4d\uff53 \uff50\u30b4\u30b7\u30c3\u30af', 'ms pgothic', \ub3cb\uc6c0, dotum, helvetica, sans-serif;\"><span class=\"wixui-rich-text__text\" style=\"background: transparent; border: 0px; margin: 0px; outline: 0px; padding: 0px; vertical-align: baseline;\">\u2726<\/span><\/span><\/span><span class=\"wixui-rich-text__text\" style=\"background: transparent; border: 0px; margin: 0px; outline: 0px; padding: 0px; vertical-align: baseline; color: #000000;\"><span class=\"wixui-rich-text__text\" style=\"background: transparent; border: 0px; margin: 0px; outline: 0px; padding: 0px; vertical-align: baseline; font-family: arial, '\uff4d\uff53 \uff50\u30b4\u30b7\u30c3\u30af', 'ms pgothic', \ub3cb\uc6c0, dotum, helvetica, sans-serif;\"><span class=\"wixui-rich-text__text\" style=\"background: transparent; border: 0px; margin: 0px; outline: 0px; padding: 0px; vertical-align: baseline;\">\u00a0Grueta<\/span><\/span><\/span><br class=\"wixui-rich-text__text\" \/><span class=\"wixui-rich-text__text\" style=\"background: transparent; border: 0px; margin: 0px; outline: 0px; padding: 0px; vertical-align: baseline; color: #3e84b5;\"><span class=\"wixui-rich-text__text\" style=\"background: transparent; border: 0px; margin: 0px; outline: 0px; padding: 0px; vertical-align: baseline; font-family: arial, '\uff4d\uff53 \uff50\u30b4\u30b7\u30c3\u30af', 'ms pgothic', \ub3cb\uc6c0, dotum, helvetica, sans-serif;\"><span class=\"wixui-rich-text__text\" style=\"background: transparent; border: 0px; margin: 0px; outline: 0px; padding: 0px; vertical-align: baseline;\">\u2726<\/span><\/span><\/span><span class=\"wixui-rich-text__text\" style=\"background: transparent; border: 0px; margin: 0px; outline: 0px; padding: 0px; vertical-align: baseline; color: #000000;\"><span class=\"wixui-rich-text__text\" style=\"background: transparent; border: 0px; margin: 0px; outline: 0px; padding: 0px; vertical-align: baseline; font-family: arial, '\uff4d\uff53 \uff50\u30b4\u30b7\u30c3\u30af', 'ms pgothic', \ub3cb\uc6c0, dotum, helvetica, sans-serif;\"><span class=\"wixui-rich-text__text\" style=\"background: transparent; border: 0px; margin: 0px; outline: 0px; padding: 0px; vertical-align: baseline;\">\u00a0Plataforma Carga p\/Varanda<\/span><\/span><\/span><\/span><\/p>\t\t\t\t\t\t<\/div>\n\t\t\t\t<\/div>\n\t\t\t\t\t<\/div>\n\t\t\t\t<\/div>\n\t\t\t\t<\/div>\n\t\t","protected":false},"excerpt":{"rendered":"<p>MOVIMENTA\u00c7\u00c3Ode cargas \u2726\u00a0Multifun\u00e7\u00f5es Diesel 12\/14\/18Mts\u2726\u00a0Multifun\u00e7\u00f5es Rotativo Diesel 21Mts\u2726\u00a0Empilhador El\u00e9trico\/Diesel 1,5\/2,0\/2,5Ton \u2726\u00a0Porta Paletes\u2726\u00a0Guincho\u2726\u00a0Grueta\u2726\u00a0Plataforma Carga p\/Varanda<\/p>\n","protected":false},"author":7,"featured_media":0,"parent":0,"menu_order":0,"comment_status":"closed","ping_status":"closed","template":"","meta":{"site-sidebar-layout":"no-sidebar","site-content-layout":"page-builder","ast-site-content-layout":"full-width-container","site-content-style":"unboxed","site-sidebar-style":"unboxed","ast-global-header-display":"","ast-banner-title-visibility":"","ast-main-header-display":"","ast-hfb-above-header-display":"","ast-hfb-below-header-display":"","ast-hfb-mobile-header-display":"","site-post-title":"disabled","ast-breadcrumbs-content":"","ast-featured-img":"disabled","footer-sml-layout":"","theme-transparent-header-meta":"enabled","adv-header-id-meta":"","stick-header-meta":"","header-above-stick-meta":"","header-main-stick-meta":"","header-below-stick-meta":"","astra-migrate-meta-layouts":"set","ast-page-background-enabled":"default","ast-page-background-meta":{"desktop":{"background-color":"","background-image":"","background-repeat":"repeat","background-position":"center center","background-size":"auto","background-attachment":"scroll","background-type":"","background-media":"","overlay-type":"","overlay-color":"","overlay-opacity":"","overlay-gradient":""},"tablet":{"background-color":"","background-image":"","background-repeat":"repeat","background-position":"center center","background-size":"auto","background-attachment":"scroll","background-type":"","background-media":"","overlay-type":"","overlay-color":"","overlay-opacity":"","overlay-gradient":""},"mobile":{"background-color":"","background-image":"","background-repeat":"repeat","background-position":"center center","background-size":"auto","background-attachment":"scroll","background-type":"","background-media":"","overlay-type":"","overlay-color":"","overlay-opacity":"","overlay-gradient":""}},"ast-content-background-meta":{"desktop":{"background-color":"var(--ast-global-color-5)","background-image":"","background-repeat":"repeat","background-position":"center center","background-size":"auto","background-attachment":"scroll","background-type":"","background-media":"","overlay-type":"","overlay-color":"","overlay-opacity":"","overlay-gradient":""},"tablet":{"background-color":"var(--ast-global-color-5)","background-image":"","background-repeat":"repeat","background-position":"center center","background-size":"auto","background-attachment":"scroll","background-type":"","background-media":"","overlay-type":"","overlay-color":"","overlay-opacity":"","overlay-gradient":""},"mobile":{"background-color":"var(--ast-global-color-5)","background-image":"","background-repeat":"repeat","background-position":"center center","background-size":"auto","background-attachment":"scroll","background-type":"","background-media":"","overlay-type":"","overlay-color":"","overlay-opacity":"","overlay-gradient":""}},"footnotes":""},"class_list":["post-2618","page","type-page","status-publish","hentry"],"aioseo_notices":[],"yoast_head":"<!-- This site is optimized with the Yoast SEO plugin v23.9 - https:\/\/yoast.com\/wordpress\/plugins\/seo\/ -->\n<title>Movimenta\u00e7\u00e3o de Cargas - Bajazet<\/title>\n<meta name=\"robots\" content=\"index, follow, max-snippet:-1, max-image-preview:large, max-video-preview:-1\" \/>\n<link rel=\"canonical\" href=\"https:\/\/retail.alojar.pt\/bajazet\/movimentacao-de-cargas\/\" \/>\n<meta property=\"og:locale\" content=\"pt_PT\" \/>\n<meta property=\"og:type\" content=\"article\" \/>\n<meta property=\"og:title\" content=\"Movimenta\u00e7\u00e3o de Cargas - Bajazet\" \/>\n<meta property=\"og:description\" content=\"MOVIMENTA\u00c7\u00c3Ode cargas \u2726\u00a0Multifun\u00e7\u00f5es Diesel 12\/14\/18Mts\u2726\u00a0Multifun\u00e7\u00f5es Rotativo Diesel 21Mts\u2726\u00a0Empilhador El\u00e9trico\/Diesel 1,5\/2,0\/2,5Ton \u2726\u00a0Porta Paletes\u2726\u00a0Guincho\u2726\u00a0Grueta\u2726\u00a0Plataforma Carga p\/Varanda\" \/>\n<meta property=\"og:url\" content=\"https:\/\/retail.alojar.pt\/bajazet\/movimentacao-de-cargas\/\" \/>\n<meta property=\"og:site_name\" content=\"Bajazet\" \/>\n<meta property=\"article:modified_time\" content=\"2024-02-04T19:35:47+00:00\" \/>\n<meta name=\"twitter:card\" content=\"summary_large_image\" \/>\n<meta name=\"twitter:label1\" content=\"Tempo estimado de leitura\" \/>\n\t<meta name=\"twitter:data1\" content=\"1 minuto\" \/>\n<script type=\"application\/ld+json\" class=\"yoast-schema-graph\">{\"@context\":\"https:\/\/schema.org\",\"@graph\":[{\"@type\":\"WebPage\",\"@id\":\"https:\/\/retail.alojar.pt\/bajazet\/movimentacao-de-cargas\/\",\"url\":\"https:\/\/retail.alojar.pt\/bajazet\/movimentacao-de-cargas\/\",\"name\":\"Movimenta\u00e7\u00e3o de Cargas - Bajazet\",\"isPartOf\":{\"@id\":\"https:\/\/retail.alojar.pt\/bajazet\/#website\"},\"datePublished\":\"2024-02-03T21:25:29+00:00\",\"dateModified\":\"2024-02-04T19:35:47+00:00\",\"breadcrumb\":{\"@id\":\"https:\/\/retail.alojar.pt\/bajazet\/movimentacao-de-cargas\/#breadcrumb\"},\"inLanguage\":\"pt-PT\",\"potentialAction\":[{\"@type\":\"ReadAction\",\"target\":[\"https:\/\/retail.alojar.pt\/bajazet\/movimentacao-de-cargas\/\"]}]},{\"@type\":\"BreadcrumbList\",\"@id\":\"https:\/\/retail.alojar.pt\/bajazet\/movimentacao-de-cargas\/#breadcrumb\",\"itemListElement\":[{\"@type\":\"ListItem\",\"position\":1,\"name\":\"In\u00edcio\",\"item\":\"https:\/\/retail.alojar.pt\/bajazet\/\"},{\"@type\":\"ListItem\",\"position\":2,\"name\":\"Movimenta\u00e7\u00e3o de Cargas\"}]},{\"@type\":\"WebSite\",\"@id\":\"https:\/\/retail.alojar.pt\/bajazet\/#website\",\"url\":\"https:\/\/retail.alojar.pt\/bajazet\/\",\"name\":\"Bajazet\",\"description\":\"\",\"publisher\":{\"@id\":\"https:\/\/retail.alojar.pt\/bajazet\/#organization\"},\"potentialAction\":[{\"@type\":\"SearchAction\",\"target\":{\"@type\":\"EntryPoint\",\"urlTemplate\":\"https:\/\/retail.alojar.pt\/bajazet\/?s={search_term_string}\"},\"query-input\":{\"@type\":\"PropertyValueSpecification\",\"valueRequired\":true,\"valueName\":\"search_term_string\"}}],\"inLanguage\":\"pt-PT\"},{\"@type\":\"Organization\",\"@id\":\"https:\/\/retail.alojar.pt\/bajazet\/#organization\",\"name\":\"Bajazet\",\"url\":\"https:\/\/retail.alojar.pt\/bajazet\/\",\"logo\":{\"@type\":\"ImageObject\",\"inLanguage\":\"pt-PT\",\"@id\":\"https:\/\/retail.alojar.pt\/bajazet\/#\/schema\/logo\/image\/\",\"url\":\"https:\/\/retail.alojar.pt\/bajazet\/wp-content\/uploads\/sites\/6\/2024\/01\/Registado2-bajazet_logo.png\",\"contentUrl\":\"https:\/\/retail.alojar.pt\/bajazet\/wp-content\/uploads\/sites\/6\/2024\/01\/Registado2-bajazet_logo.png\",\"width\":2671,\"height\":1042,\"caption\":\"Bajazet\"},\"image\":{\"@id\":\"https:\/\/retail.alojar.pt\/bajazet\/#\/schema\/logo\/image\/\"}}]}<\/script>\n<!-- \/ Yoast SEO plugin. -->","yoast_head_json":{"title":"Movimenta\u00e7\u00e3o de Cargas - Bajazet","robots":{"index":"index","follow":"follow","max-snippet":"max-snippet:-1","max-image-preview":"max-image-preview:large","max-video-preview":"max-video-preview:-1"},"canonical":"https:\/\/retail.alojar.pt\/bajazet\/movimentacao-de-cargas\/","og_locale":"pt_PT","og_type":"article","og_title":"Movimenta\u00e7\u00e3o de Cargas - Bajazet","og_description":"MOVIMENTA\u00c7\u00c3Ode cargas \u2726\u00a0Multifun\u00e7\u00f5es Diesel 12\/14\/18Mts\u2726\u00a0Multifun\u00e7\u00f5es Rotativo Diesel 21Mts\u2726\u00a0Empilhador El\u00e9trico\/Diesel 1,5\/2,0\/2,5Ton \u2726\u00a0Porta Paletes\u2726\u00a0Guincho\u2726\u00a0Grueta\u2726\u00a0Plataforma Carga p\/Varanda","og_url":"https:\/\/retail.alojar.pt\/bajazet\/movimentacao-de-cargas\/","og_site_name":"Bajazet","article_modified_time":"2024-02-04T19:35:47+00:00","twitter_card":"summary_large_image","twitter_misc":{"Tempo estimado de leitura":"1 minuto"},"schema":{"@context":"https:\/\/schema.org","@graph":[{"@type":"WebPage","@id":"https:\/\/retail.alojar.pt\/bajazet\/movimentacao-de-cargas\/","url":"https:\/\/retail.alojar.pt\/bajazet\/movimentacao-de-cargas\/","name":"Movimenta\u00e7\u00e3o de Cargas - Bajazet","isPartOf":{"@id":"https:\/\/retail.alojar.pt\/bajazet\/#website"},"datePublished":"2024-02-03T21:25:29+00:00","dateModified":"2024-02-04T19:35:47+00:00","breadcrumb":{"@id":"https:\/\/retail.alojar.pt\/bajazet\/movimentacao-de-cargas\/#breadcrumb"},"inLanguage":"pt-PT","potentialAction":[{"@type":"ReadAction","target":["https:\/\/retail.alojar.pt\/bajazet\/movimentacao-de-cargas\/"]}]},{"@type":"BreadcrumbList","@id":"https:\/\/retail.alojar.pt\/bajazet\/movimentacao-de-cargas\/#breadcrumb","itemListElement":[{"@type":"ListItem","position":1,"name":"In\u00edcio","item":"https:\/\/retail.alojar.pt\/bajazet\/"},{"@type":"ListItem","position":2,"name":"Movimenta\u00e7\u00e3o de Cargas"}]},{"@type":"WebSite","@id":"https:\/\/retail.alojar.pt\/bajazet\/#website","url":"https:\/\/retail.alojar.pt\/bajazet\/","name":"Bajazet","description":"","publisher":{"@id":"https:\/\/retail.alojar.pt\/bajazet\/#organization"},"potentialAction":[{"@type":"SearchAction","target":{"@type":"EntryPoint","urlTemplate":"https:\/\/retail.alojar.pt\/bajazet\/?s={search_term_string}"},"query-input":{"@type":"PropertyValueSpecification","valueRequired":true,"valueName":"search_term_string"}}],"inLanguage":"pt-PT"},{"@type":"Organization","@id":"https:\/\/retail.alojar.pt\/bajazet\/#organization","name":"Bajazet","url":"https:\/\/retail.alojar.pt\/bajazet\/","logo":{"@type":"ImageObject","inLanguage":"pt-PT","@id":"https:\/\/retail.alojar.pt\/bajazet\/#\/schema\/logo\/image\/","url":"https:\/\/retail.alojar.pt\/bajazet\/wp-content\/uploads\/sites\/6\/2024\/01\/Registado2-bajazet_logo.png","contentUrl":"https:\/\/retail.alojar.pt\/bajazet\/wp-content\/uploads\/sites\/6\/2024\/01\/Registado2-bajazet_logo.png","width":2671,"height":1042,"caption":"Bajazet"},"image":{"@id":"https:\/\/retail.alojar.pt\/bajazet\/#\/schema\/logo\/image\/"}}]}},"rttpg_featured_image_url":null,"rttpg_author":{"display_name":"anapeixoto","author_link":"https:\/\/retail.alojar.pt\/bajazet\/author\/anapeixoto\/"},"rttpg_comment":0,"rttpg_category":null,"rttpg_excerpt":"MOVIMENTA\u00c7\u00c3Ode cargas \u2726\u00a0Multifun\u00e7\u00f5es Diesel 12\/14\/18Mts\u2726\u00a0Multifun\u00e7\u00f5es Rotativo Diesel 21Mts\u2726\u00a0Empilhador El\u00e9trico\/Diesel 1,5\/2,0\/2,5Ton \u2726\u00a0Porta Paletes\u2726\u00a0Guincho\u2726\u00a0Grueta\u2726\u00a0Plataforma Carga p\/Varanda","_links":{"self":[{"href":"https:\/\/retail.alojar.pt\/bajazet\/wp-json\/wp\/v2\/pages\/2618","targetHints":{"allow":["GET"]}}],"collection":[{"href":"https:\/\/retail.alojar.pt\/bajazet\/wp-json\/wp\/v2\/pages"}],"about":[{"href":"https:\/\/retail.alojar.pt\/bajazet\/wp-json\/wp\/v2\/types\/page"}],"author":[{"embeddable":true,"href":"https:\/\/retail.alojar.pt\/bajazet\/wp-json\/wp\/v2\/users\/7"}],"replies":[{"embeddable":true,"href":"https:\/\/retail.alojar.pt\/bajazet\/wp-json\/wp\/v2\/comments?post=2618"}],"version-history":[{"count":7,"href":"https:\/\/retail.alojar.pt\/bajazet\/wp-json\/wp\/v2\/pages\/2618\/revisions"}],"predecessor-version":[{"id":2812,"href":"https:\/\/retail.alojar.pt\/bajazet\/wp-json\/wp\/v2\/pages\/2618\/revisions\/2812"}],"wp:attachment":[{"href":"https:\/\/retail.alojar.pt\/bajazet\/wp-json\/wp\/v2\/media?parent=2618"}],"curies":[{"name":"wp","href":"https:\/\/api.w.org\/{rel}","templated":true}]}}