{"id":2515,"date":"2024-01-28T20:25:54","date_gmt":"2024-01-28T20:25:54","guid":{"rendered":"https:\/\/retail.alojar.pt\/bajazet\/?page_id=2515"},"modified":"2024-02-04T23:55:27","modified_gmt":"2024-02-04T23:55:27","slug":"quem-somos","status":"publish","type":"page","link":"https:\/\/retail.alojar.pt\/bajazet\/quem-somos\/","title":{"rendered":"Quem Somos"},"content":{"rendered":"\t\t<div data-elementor-type=\"wp-post\" data-elementor-id=\"2515\" class=\"elementor elementor-2515\">\n\t\t\t\t<div class=\"elementor-element elementor-element-0c3076c e-flex e-con-boxed e-con e-parent\" data-id=\"0c3076c\" data-element_type=\"container\" data-settings=\"{&quot;background_background&quot;:&quot;classic&quot;}\">\n\t\t\t\t\t<div class=\"e-con-inner\">\n\t\t<div class=\"elementor-element elementor-element-3035015 e-con-full e-flex e-con e-child\" data-id=\"3035015\" data-element_type=\"container\" data-settings=\"{&quot;background_background&quot;:&quot;classic&quot;}\">\n\t\t\t\t<div class=\"elementor-element elementor-element-f8545d1 elementor-widget elementor-widget-heading\" data-id=\"f8545d1\" data-element_type=\"widget\" data-widget_type=\"heading.default\">\n\t\t\t\t<div class=\"elementor-widget-container\">\n\t\t\t<h2 class=\"elementor-heading-title elementor-size-default\"><h2 class=\"font_2 wixui-rich-text__text\" style=\"background: transparent;font-style: normal;font-size: 97px;line-height: 1em;margin-bottom: 0px;text-align: center\"><span class=\"wixui-rich-text__text\" style=\"background: transparent;border: 0px;margin: 0px;padding: 0px;vertical-align: baseline\"><span class=\"wixui-rich-text__text\" style=\"background: transparent;border: 0px;margin: 0px;padding: 0px;vertical-align: baseline\"><span class=\"wixui-rich-text__text\" style=\"background: transparent;border: 0px;margin: 0px;padding: 0px;vertical-align: baseline\"><span class=\"wixui-rich-text__text\" style=\"background: transparent;border: 0px;margin: 0px;padding: 0px;vertical-align: baseline;font-family: avenir-lt-w01_85-heavy1475544, avenir-lt-w05_85-heavy, sans-serif\"><span class=\"wixui-rich-text__text\" style=\"background: transparent;border: 0px;margin: 0px;padding: 0px;vertical-align: baseline;letter-spacing: -0.04em\">Damos resposta<br class=\"wixui-rich-text__text\">aos seus problemas<\/span><\/span><\/span><\/span><\/span><\/h2><\/h2>\t\t<\/div>\n\t\t\t\t<\/div>\n\t\t\t\t<\/div>\n\t\t\t\t\t<\/div>\n\t\t\t\t<\/div>\n\t\t<div class=\"elementor-element elementor-element-58a66b9 e-flex e-con-boxed e-con e-parent\" data-id=\"58a66b9\" data-element_type=\"container\">\n\t\t\t\t\t<div class=\"e-con-inner\">\n\t\t\t\t<div class=\"elementor-element elementor-element-2cc2ca0 elementor-widget elementor-widget-spacer\" data-id=\"2cc2ca0\" data-element_type=\"widget\" data-widget_type=\"spacer.default\">\n\t\t\t\t<div class=\"elementor-widget-container\">\n\t\t\t\t\t<div class=\"elementor-spacer\">\n\t\t\t<div class=\"elementor-spacer-inner\"><\/div>\n\t\t<\/div>\n\t\t\t\t<\/div>\n\t\t\t\t<\/div>\n\t\t\t\t\t<\/div>\n\t\t\t\t<\/div>\n\t\t<div class=\"elementor-element elementor-element-2a6724b e-flex e-con-boxed e-con e-parent\" data-id=\"2a6724b\" data-element_type=\"container\">\n\t\t\t\t\t<div class=\"e-con-inner\">\n\t\t<div class=\"elementor-element elementor-element-bf3e07b e-con-full e-flex e-con e-child\" data-id=\"bf3e07b\" data-element_type=\"container\">\n\t\t\t\t<div class=\"elementor-element elementor-element-98f87ea elementor-widget elementor-widget-text-editor\" data-id=\"98f87ea\" data-element_type=\"widget\" data-widget_type=\"text-editor.default\">\n\t\t\t\t<div class=\"elementor-widget-container\">\n\t\t\t\t\t\t\t<div id=\"comp-kvsslv0x1\" class=\"KQmfd2\"><div id=\"text-content-comp-kvsslv0x1\" class=\"KcpHeO tz5f0K comp-kvsslv0x1 wixui-rich-text\" data-testid=\"richTextElement\"><h2 class=\"font_2 wixui-rich-text__text\"><span class=\"wixui-rich-text__text\">QUEM SOMOS<\/span><\/h2><\/div><\/div><div id=\"comp-kvsslv111\" class=\"comp-kvsslv111 aVng1S wixui-horizontal-line\"><span style=\"font-style: inherit; font-weight: inherit; text-align: var(--text-align); color: var(--ast-global-color-3);\">A Bajazet M\u00e1quinas e Equipamentos, S.A. foi adquirida e inserida no\u00a0Group Retail Concept\u00a0para dar resposta \u00e0 procura de m\u00e1quinas em regime de aluguer. Foi, ao longo dos anos, melhorando e inovando os seus servi\u00e7os, bem como, aumentando o seu parque de m\u00e1quinas e equipamentos, acompanhando as necessidades dos seus clientes, garantindo, assim, a satisfa\u00e7\u00e3o dos seus parceiros de neg\u00f3cio. Atualmente, tem a sua atividade assente, primordialmente, no aluguer, manuten\u00e7\u00e3o e repara\u00e7\u00e3o de m\u00e1quinas e equipamentos manuten\u00e7\u00e3o de viaturas. A empresa desenvolve a sua atua\u00e7\u00e3o em todo o territ\u00f3rio nacional, com especial destaque para a \u00e1rea metropolitana do Porto.<\/span><\/div><div id=\"comp-kvsslv15\" class=\"KQmfd2\"><div id=\"text-content-comp-kvsslv15\" class=\"KcpHeO tz5f0K comp-kvsslv15 wixui-rich-text\" data-testid=\"richTextElement\"><p class=\"font_7 wixui-rich-text__text\" style=\"font-size: 16px;\"><span class=\"wixui-rich-text__text\">Temos uma equipa s\u00f3lida e credenciada de profissionais, trazendo solu\u00e7\u00f5es, que v\u00e3o ao encontro da necessidade do cliente para o desenvolvimento e concretiza\u00e7\u00e3o do seu projeto, garantindo a qualidade de todos os servi\u00e7os prestados.<\/span><\/p><\/div><\/div>\t\t\t\t\t\t<\/div>\n\t\t\t\t<\/div>\n\t\t\t\t<\/div>\n\t\t<div class=\"elementor-element elementor-element-777af1c e-con-full e-flex e-con e-child\" data-id=\"777af1c\" data-element_type=\"container\">\n\t\t\t\t<div class=\"elementor-element elementor-element-07073a2 elementor-widget elementor-widget-image\" data-id=\"07073a2\" data-element_type=\"widget\" data-widget_type=\"image.default\">\n\t\t\t\t<div class=\"elementor-widget-container\">\n\t\t\t\t\t\t\t\t\t\t\t\t\t<img fetchpriority=\"high\" decoding=\"async\" width=\"1024\" height=\"768\" src=\"https:\/\/retail.alojar.pt\/bajazet\/wp-content\/uploads\/sites\/6\/2024\/01\/3-1024x768.jpg\" class=\"attachment-large size-large wp-image-2474\" alt=\"\" \/>\t\t\t\t\t\t\t\t\t\t\t\t\t<\/div>\n\t\t\t\t<\/div>\n\t\t\t\t<\/div>\n\t\t\t\t\t<\/div>\n\t\t\t\t<\/div>\n\t\t<div class=\"elementor-element elementor-element-191dc5f e-flex e-con-boxed e-con e-parent\" data-id=\"191dc5f\" data-element_type=\"container\">\n\t\t\t\t\t<div class=\"e-con-inner\">\n\t\t\t\t<div class=\"elementor-element elementor-element-f723206 elementor-widget elementor-widget-spacer\" data-id=\"f723206\" data-element_type=\"widget\" data-widget_type=\"spacer.default\">\n\t\t\t\t<div class=\"elementor-widget-container\">\n\t\t\t\t\t<div class=\"elementor-spacer\">\n\t\t\t<div class=\"elementor-spacer-inner\"><\/div>\n\t\t<\/div>\n\t\t\t\t<\/div>\n\t\t\t\t<\/div>\n\t\t\t\t\t<\/div>\n\t\t\t\t<\/div>\n\t\t<div class=\"elementor-element elementor-element-afb93bb e-flex e-con-boxed e-con e-parent\" data-id=\"afb93bb\" data-element_type=\"container\">\n\t\t\t\t\t<div class=\"e-con-inner\">\n\t\t\t\t<div class=\"elementor-element elementor-element-89bb72c elementor-widget-divider--view-line elementor-widget elementor-widget-divider\" data-id=\"89bb72c\" data-element_type=\"widget\" data-widget_type=\"divider.default\">\n\t\t\t\t<div class=\"elementor-widget-container\">\n\t\t\t\t\t<div class=\"elementor-divider\">\n\t\t\t<span class=\"elementor-divider-separator\">\n\t\t\t\t\t\t<\/span>\n\t\t<\/div>\n\t\t\t\t<\/div>\n\t\t\t\t<\/div>\n\t\t\t\t<div class=\"elementor-element elementor-element-710d50e elementor-widget elementor-widget-heading\" data-id=\"710d50e\" data-element_type=\"widget\" data-widget_type=\"heading.default\">\n\t\t\t\t<div class=\"elementor-widget-container\">\n\t\t\t<h2 class=\"elementor-heading-title elementor-size-default\"><h2 class=\"font_2 wixui-rich-text__text\" style=\"background: transparent;font-style: normal;font-size: 100px;line-height: normal;margin-bottom: 0px\"><span class=\"wixui-rich-text__text\" style=\"background: transparent;border: 0px;margin: 0px;padding: 0px;vertical-align: baseline\"><span class=\"wixui-rich-text__text\" style=\"background: transparent;border: 0px;margin: 0px;padding: 0px;vertical-align: baseline;, \ub3cb\uc6c0, dotum, helvetica, sans-serif\"><span class=\"wixui-rich-text__text\" style=\"background: transparent;border: 0px;margin: 0px;padding: 0px;vertical-align: baseline\"><span class=\"wixui-rich-text__text\" style=\"background: transparent;border: 0px;margin: 0px;padding: 0px;vertical-align: baseline;font-size: 55px\"><span class=\"wixui-rich-text__text\" style=\"background: transparent;border: 0px;margin: 0px;padding: 0px;vertical-align: baseline\"><span class=\"wixui-rich-text__text\" style=\"background: transparent;border: 0px;margin: 0px;padding: 0px;vertical-align: baseline;letter-spacing: 0.05em\">SEMPRE PRONTOS<\/span><\/span><\/span><\/span><\/span><\/span><\/h2><\/h2>\t\t<\/div>\n\t\t\t\t<\/div>\n\t\t\t\t\t<\/div>\n\t\t\t\t<\/div>\n\t\t<div class=\"elementor-element elementor-element-7ad4712 e-flex e-con-boxed e-con e-parent\" data-id=\"7ad4712\" data-element_type=\"container\">\n\t\t\t\t\t<div class=\"e-con-inner\">\n\t\t\t\t<div class=\"elementor-element elementor-element-aa9859f elementor-widget elementor-widget-spacer\" data-id=\"aa9859f\" data-element_type=\"widget\" data-widget_type=\"spacer.default\">\n\t\t\t\t<div class=\"elementor-widget-container\">\n\t\t\t\t\t<div class=\"elementor-spacer\">\n\t\t\t<div class=\"elementor-spacer-inner\"><\/div>\n\t\t<\/div>\n\t\t\t\t<\/div>\n\t\t\t\t<\/div>\n\t\t\t\t\t<\/div>\n\t\t\t\t<\/div>\n\t\t<div class=\"elementor-element elementor-element-9cd6af1 e-flex e-con-boxed e-con e-parent\" data-id=\"9cd6af1\" data-element_type=\"container\">\n\t\t\t\t\t<div class=\"e-con-inner\">\n\t\t\t\t<div class=\"elementor-element elementor-element-e5bdf0d elementor-widget elementor-widget-image\" data-id=\"e5bdf0d\" data-element_type=\"widget\" data-widget_type=\"image.default\">\n\t\t\t\t<div class=\"elementor-widget-container\">\n\t\t\t\t\t\t\t\t\t\t\t\t\t<img decoding=\"async\" width=\"866\" height=\"379\" src=\"https:\/\/retail.alojar.pt\/bajazet\/wp-content\/uploads\/sites\/6\/2024\/02\/Capturar.PNGssasssds.png\" class=\"attachment-large size-large wp-image-2723\" alt=\"\" \/>\t\t\t\t\t\t\t\t\t\t\t\t\t<\/div>\n\t\t\t\t<\/div>\n\t\t\t\t\t<\/div>\n\t\t\t\t<\/div>\n\t\t<div class=\"elementor-element elementor-element-46ccd93 e-flex e-con-boxed e-con e-parent\" data-id=\"46ccd93\" data-element_type=\"container\">\n\t\t\t\t\t<div class=\"e-con-inner\">\n\t\t\t\t<div class=\"elementor-element elementor-element-2fd4da5 elementor-widget-divider--view-line elementor-widget elementor-widget-divider\" data-id=\"2fd4da5\" data-element_type=\"widget\" data-widget_type=\"divider.default\">\n\t\t\t\t<div class=\"elementor-widget-container\">\n\t\t\t\t\t<div class=\"elementor-divider\">\n\t\t\t<span class=\"elementor-divider-separator\">\n\t\t\t\t\t\t<\/span>\n\t\t<\/div>\n\t\t\t\t<\/div>\n\t\t\t\t<\/div>\n\t\t\t\t\t<\/div>\n\t\t\t\t<\/div>\n\t\t<div class=\"elementor-element elementor-element-8829764 e-flex e-con-boxed e-con e-parent\" data-id=\"8829764\" data-element_type=\"container\" data-settings=\"{&quot;background_background&quot;:&quot;classic&quot;}\">\n\t\t\t\t\t<div class=\"e-con-inner\">\n\t\t<div class=\"elementor-element elementor-element-31fe859 e-con-full e-flex e-con e-child\" data-id=\"31fe859\" data-element_type=\"container\">\n\t\t\t\t<div class=\"elementor-element elementor-element-92729cf elementor-align-center elementor-widget elementor-widget-button\" data-id=\"92729cf\" data-element_type=\"widget\" data-widget_type=\"button.default\">\n\t\t\t\t<div class=\"elementor-widget-container\">\n\t\t\t\t\t\t\t<div class=\"elementor-button-wrapper\">\n\t\t\t\t\t<a class=\"elementor-button elementor-button-link elementor-size-sm\" href=\"https:\/\/retail.alojar.pt\/bajazet\/contact-us\/\">\n\t\t\t\t\t\t<span class=\"elementor-button-content-wrapper\">\n\t\t\t\t\t\t<span class=\"elementor-button-icon\">\n\t\t\t\t<svg xmlns=\"http:\/\/www.w3.org\/2000\/svg\" viewBox=\"0 0 32 32\"><path d=\"M 18.71875 6.78125 L 17.28125 8.21875 L 24.0625 15 L 4 15 L 4 17 L 24.0625 17 L 17.28125 23.78125 L 18.71875 25.21875 L 27.21875 16.71875 L 27.90625 16 L 27.21875 15.28125 Z\"><\/path><\/svg>\t\t\t<\/span>\n\t\t\t\t\t\t\t\t\t<span class=\"elementor-button-text\">CONTACTE-NOS<\/span>\n\t\t\t\t\t<\/span>\n\t\t\t\t\t<\/a>\n\t\t\t\t<\/div>\n\t\t\t\t\t\t<\/div>\n\t\t\t\t<\/div>\n\t\t\t\t<\/div>\n\t\t\t\t\t<\/div>\n\t\t\t\t<\/div>\n\t\t\t\t<\/div>\n\t\t","protected":false},"excerpt":{"rendered":"<p>Damos respostaaos seus problemas QUEM SOMOS A Bajazet M\u00e1quinas e Equipamentos, S.A. foi adquirida e inserida no\u00a0Group Retail Concept\u00a0para dar [&hellip;]<\/p>\n","protected":false},"author":7,"featured_media":0,"parent":0,"menu_order":0,"comment_status":"closed","ping_status":"closed","template":"","meta":{"site-sidebar-layout":"no-sidebar","site-content-layout":"page-builder","ast-site-content-layout":"full-width-container","site-content-style":"unboxed","site-sidebar-style":"unboxed","ast-global-header-display":"","ast-banner-title-visibility":"","ast-main-header-display":"","ast-hfb-above-header-display":"","ast-hfb-below-header-display":"","ast-hfb-mobile-header-display":"","site-post-title":"disabled","ast-breadcrumbs-content":"","ast-featured-img":"disabled","footer-sml-layout":"","theme-transparent-header-meta":"enabled","adv-header-id-meta":"","stick-header-meta":"","header-above-stick-meta":"","header-main-stick-meta":"","header-below-stick-meta":"","astra-migrate-meta-layouts":"set","ast-page-background-enabled":"default","ast-page-background-meta":{"desktop":{"background-color":"","background-image":"","background-repeat":"repeat","background-position":"center center","background-size":"auto","background-attachment":"scroll","background-type":"","background-media":"","overlay-type":"","overlay-color":"","overlay-opacity":"","overlay-gradient":""},"tablet":{"background-color":"","background-image":"","background-repeat":"repeat","background-position":"center center","background-size":"auto","background-attachment":"scroll","background-type":"","background-media":"","overlay-type":"","overlay-color":"","overlay-opacity":"","overlay-gradient":""},"mobile":{"background-color":"","background-image":"","background-repeat":"repeat","background-position":"center center","background-size":"auto","background-attachment":"scroll","background-type":"","background-media":"","overlay-type":"","overlay-color":"","overlay-opacity":"","overlay-gradient":""}},"ast-content-background-meta":{"desktop":{"background-color":"var(--ast-global-color-5)","background-image":"","background-repeat":"repeat","background-position":"center center","background-size":"auto","background-attachment":"scroll","background-type":"","background-media":"","overlay-type":"","overlay-color":"","overlay-opacity":"","overlay-gradient":""},"tablet":{"background-color":"var(--ast-global-color-5)","background-image":"","background-repeat":"repeat","background-position":"center center","background-size":"auto","background-attachment":"scroll","background-type":"","background-media":"","overlay-type":"","overlay-color":"","overlay-opacity":"","overlay-gradient":""},"mobile":{"background-color":"var(--ast-global-color-5)","background-image":"","background-repeat":"repeat","background-position":"center center","background-size":"auto","background-attachment":"scroll","background-type":"","background-media":"","overlay-type":"","overlay-color":"","overlay-opacity":"","overlay-gradient":""}},"footnotes":""},"class_list":["post-2515","page","type-page","status-publish","hentry"],"aioseo_notices":[],"yoast_head":"<!-- This site is optimized with the Yoast SEO plugin v23.9 - https:\/\/yoast.com\/wordpress\/plugins\/seo\/ -->\n<title>Quem Somos - Bajazet<\/title>\n<meta name=\"robots\" content=\"index, follow, max-snippet:-1, max-image-preview:large, max-video-preview:-1\" \/>\n<link rel=\"canonical\" href=\"https:\/\/retail.alojar.pt\/bajazet\/quem-somos\/\" \/>\n<meta property=\"og:locale\" content=\"pt_PT\" \/>\n<meta property=\"og:type\" content=\"article\" \/>\n<meta property=\"og:title\" content=\"Quem Somos - Bajazet\" \/>\n<meta property=\"og:description\" content=\"Damos respostaaos seus problemas QUEM SOMOS A Bajazet M\u00e1quinas e Equipamentos, S.A. foi adquirida e inserida no\u00a0Group Retail Concept\u00a0para dar [&hellip;]\" \/>\n<meta property=\"og:url\" content=\"https:\/\/retail.alojar.pt\/bajazet\/quem-somos\/\" \/>\n<meta property=\"og:site_name\" content=\"Bajazet\" \/>\n<meta property=\"article:modified_time\" content=\"2024-02-04T23:55:27+00:00\" \/>\n<meta property=\"og:image\" content=\"https:\/\/retail.alojar.pt\/bajazet\/wp-content\/uploads\/sites\/6\/2024\/01\/3-1024x768.jpg\" \/>\n<meta name=\"twitter:card\" content=\"summary_large_image\" \/>\n<meta name=\"twitter:label1\" content=\"Tempo estimado de leitura\" \/>\n\t<meta name=\"twitter:data1\" content=\"2 minutos\" \/>\n<script type=\"application\/ld+json\" class=\"yoast-schema-graph\">{\"@context\":\"https:\/\/schema.org\",\"@graph\":[{\"@type\":\"WebPage\",\"@id\":\"https:\/\/retail.alojar.pt\/bajazet\/quem-somos\/\",\"url\":\"https:\/\/retail.alojar.pt\/bajazet\/quem-somos\/\",\"name\":\"Quem Somos - Bajazet\",\"isPartOf\":{\"@id\":\"https:\/\/retail.alojar.pt\/bajazet\/#website\"},\"primaryImageOfPage\":{\"@id\":\"https:\/\/retail.alojar.pt\/bajazet\/quem-somos\/#primaryimage\"},\"image\":{\"@id\":\"https:\/\/retail.alojar.pt\/bajazet\/quem-somos\/#primaryimage\"},\"thumbnailUrl\":\"https:\/\/retail.alojar.pt\/bajazet\/wp-content\/uploads\/sites\/6\/2024\/01\/3-1024x768.jpg\",\"datePublished\":\"2024-01-28T20:25:54+00:00\",\"dateModified\":\"2024-02-04T23:55:27+00:00\",\"breadcrumb\":{\"@id\":\"https:\/\/retail.alojar.pt\/bajazet\/quem-somos\/#breadcrumb\"},\"inLanguage\":\"pt-PT\",\"potentialAction\":[{\"@type\":\"ReadAction\",\"target\":[\"https:\/\/retail.alojar.pt\/bajazet\/quem-somos\/\"]}]},{\"@type\":\"ImageObject\",\"inLanguage\":\"pt-PT\",\"@id\":\"https:\/\/retail.alojar.pt\/bajazet\/quem-somos\/#primaryimage\",\"url\":\"https:\/\/retail.alojar.pt\/bajazet\/wp-content\/uploads\/sites\/6\/2024\/01\/3.jpg\",\"contentUrl\":\"https:\/\/retail.alojar.pt\/bajazet\/wp-content\/uploads\/sites\/6\/2024\/01\/3.jpg\",\"width\":1280,\"height\":960},{\"@type\":\"BreadcrumbList\",\"@id\":\"https:\/\/retail.alojar.pt\/bajazet\/quem-somos\/#breadcrumb\",\"itemListElement\":[{\"@type\":\"ListItem\",\"position\":1,\"name\":\"In\u00edcio\",\"item\":\"https:\/\/retail.alojar.pt\/bajazet\/\"},{\"@type\":\"ListItem\",\"position\":2,\"name\":\"Quem Somos\"}]},{\"@type\":\"WebSite\",\"@id\":\"https:\/\/retail.alojar.pt\/bajazet\/#website\",\"url\":\"https:\/\/retail.alojar.pt\/bajazet\/\",\"name\":\"Bajazet\",\"description\":\"\",\"publisher\":{\"@id\":\"https:\/\/retail.alojar.pt\/bajazet\/#organization\"},\"potentialAction\":[{\"@type\":\"SearchAction\",\"target\":{\"@type\":\"EntryPoint\",\"urlTemplate\":\"https:\/\/retail.alojar.pt\/bajazet\/?s={search_term_string}\"},\"query-input\":{\"@type\":\"PropertyValueSpecification\",\"valueRequired\":true,\"valueName\":\"search_term_string\"}}],\"inLanguage\":\"pt-PT\"},{\"@type\":\"Organization\",\"@id\":\"https:\/\/retail.alojar.pt\/bajazet\/#organization\",\"name\":\"Bajazet\",\"url\":\"https:\/\/retail.alojar.pt\/bajazet\/\",\"logo\":{\"@type\":\"ImageObject\",\"inLanguage\":\"pt-PT\",\"@id\":\"https:\/\/retail.alojar.pt\/bajazet\/#\/schema\/logo\/image\/\",\"url\":\"https:\/\/retail.alojar.pt\/bajazet\/wp-content\/uploads\/sites\/6\/2024\/01\/Registado2-bajazet_logo.png\",\"contentUrl\":\"https:\/\/retail.alojar.pt\/bajazet\/wp-content\/uploads\/sites\/6\/2024\/01\/Registado2-bajazet_logo.png\",\"width\":2671,\"height\":1042,\"caption\":\"Bajazet\"},\"image\":{\"@id\":\"https:\/\/retail.alojar.pt\/bajazet\/#\/schema\/logo\/image\/\"}}]}<\/script>\n<!-- \/ Yoast SEO plugin. -->","yoast_head_json":{"title":"Quem Somos - Bajazet","robots":{"index":"index","follow":"follow","max-snippet":"max-snippet:-1","max-image-preview":"max-image-preview:large","max-video-preview":"max-video-preview:-1"},"canonical":"https:\/\/retail.alojar.pt\/bajazet\/quem-somos\/","og_locale":"pt_PT","og_type":"article","og_title":"Quem Somos - Bajazet","og_description":"Damos respostaaos seus problemas QUEM SOMOS A Bajazet M\u00e1quinas e Equipamentos, S.A. foi adquirida e inserida no\u00a0Group Retail Concept\u00a0para dar [&hellip;]","og_url":"https:\/\/retail.alojar.pt\/bajazet\/quem-somos\/","og_site_name":"Bajazet","article_modified_time":"2024-02-04T23:55:27+00:00","og_image":[{"url":"https:\/\/retail.alojar.pt\/bajazet\/wp-content\/uploads\/sites\/6\/2024\/01\/3-1024x768.jpg"}],"twitter_card":"summary_large_image","twitter_misc":{"Tempo estimado de leitura":"2 minutos"},"schema":{"@context":"https:\/\/schema.org","@graph":[{"@type":"WebPage","@id":"https:\/\/retail.alojar.pt\/bajazet\/quem-somos\/","url":"https:\/\/retail.alojar.pt\/bajazet\/quem-somos\/","name":"Quem Somos - Bajazet","isPartOf":{"@id":"https:\/\/retail.alojar.pt\/bajazet\/#website"},"primaryImageOfPage":{"@id":"https:\/\/retail.alojar.pt\/bajazet\/quem-somos\/#primaryimage"},"image":{"@id":"https:\/\/retail.alojar.pt\/bajazet\/quem-somos\/#primaryimage"},"thumbnailUrl":"https:\/\/retail.alojar.pt\/bajazet\/wp-content\/uploads\/sites\/6\/2024\/01\/3-1024x768.jpg","datePublished":"2024-01-28T20:25:54+00:00","dateModified":"2024-02-04T23:55:27+00:00","breadcrumb":{"@id":"https:\/\/retail.alojar.pt\/bajazet\/quem-somos\/#breadcrumb"},"inLanguage":"pt-PT","potentialAction":[{"@type":"ReadAction","target":["https:\/\/retail.alojar.pt\/bajazet\/quem-somos\/"]}]},{"@type":"ImageObject","inLanguage":"pt-PT","@id":"https:\/\/retail.alojar.pt\/bajazet\/quem-somos\/#primaryimage","url":"https:\/\/retail.alojar.pt\/bajazet\/wp-content\/uploads\/sites\/6\/2024\/01\/3.jpg","contentUrl":"https:\/\/retail.alojar.pt\/bajazet\/wp-content\/uploads\/sites\/6\/2024\/01\/3.jpg","width":1280,"height":960},{"@type":"BreadcrumbList","@id":"https:\/\/retail.alojar.pt\/bajazet\/quem-somos\/#breadcrumb","itemListElement":[{"@type":"ListItem","position":1,"name":"In\u00edcio","item":"https:\/\/retail.alojar.pt\/bajazet\/"},{"@type":"ListItem","position":2,"name":"Quem Somos"}]},{"@type":"WebSite","@id":"https:\/\/retail.alojar.pt\/bajazet\/#website","url":"https:\/\/retail.alojar.pt\/bajazet\/","name":"Bajazet","description":"","publisher":{"@id":"https:\/\/retail.alojar.pt\/bajazet\/#organization"},"potentialAction":[{"@type":"SearchAction","target":{"@type":"EntryPoint","urlTemplate":"https:\/\/retail.alojar.pt\/bajazet\/?s={search_term_string}"},"query-input":{"@type":"PropertyValueSpecification","valueRequired":true,"valueName":"search_term_string"}}],"inLanguage":"pt-PT"},{"@type":"Organization","@id":"https:\/\/retail.alojar.pt\/bajazet\/#organization","name":"Bajazet","url":"https:\/\/retail.alojar.pt\/bajazet\/","logo":{"@type":"ImageObject","inLanguage":"pt-PT","@id":"https:\/\/retail.alojar.pt\/bajazet\/#\/schema\/logo\/image\/","url":"https:\/\/retail.alojar.pt\/bajazet\/wp-content\/uploads\/sites\/6\/2024\/01\/Registado2-bajazet_logo.png","contentUrl":"https:\/\/retail.alojar.pt\/bajazet\/wp-content\/uploads\/sites\/6\/2024\/01\/Registado2-bajazet_logo.png","width":2671,"height":1042,"caption":"Bajazet"},"image":{"@id":"https:\/\/retail.alojar.pt\/bajazet\/#\/schema\/logo\/image\/"}}]}},"rttpg_featured_image_url":null,"rttpg_author":{"display_name":"anapeixoto","author_link":"https:\/\/retail.alojar.pt\/bajazet\/author\/anapeixoto\/"},"rttpg_comment":0,"rttpg_category":null,"rttpg_excerpt":"Damos respostaaos seus problemas QUEM SOMOS A Bajazet M\u00e1quinas e Equipamentos, S.A. foi adquirida e inserida no\u00a0Group Retail Concept\u00a0para dar [&hellip;]","_links":{"self":[{"href":"https:\/\/retail.alojar.pt\/bajazet\/wp-json\/wp\/v2\/pages\/2515","targetHints":{"allow":["GET"]}}],"collection":[{"href":"https:\/\/retail.alojar.pt\/bajazet\/wp-json\/wp\/v2\/pages"}],"about":[{"href":"https:\/\/retail.alojar.pt\/bajazet\/wp-json\/wp\/v2\/types\/page"}],"author":[{"embeddable":true,"href":"https:\/\/retail.alojar.pt\/bajazet\/wp-json\/wp\/v2\/users\/7"}],"replies":[{"embeddable":true,"href":"https:\/\/retail.alojar.pt\/bajazet\/wp-json\/wp\/v2\/comments?post=2515"}],"version-history":[{"count":49,"href":"https:\/\/retail.alojar.pt\/bajazet\/wp-json\/wp\/v2\/pages\/2515\/revisions"}],"predecessor-version":[{"id":3027,"href":"https:\/\/retail.alojar.pt\/bajazet\/wp-json\/wp\/v2\/pages\/2515\/revisions\/3027"}],"wp:attachment":[{"href":"https:\/\/retail.alojar.pt\/bajazet\/wp-json\/wp\/v2\/media?parent=2515"}],"curies":[{"name":"wp","href":"https:\/\/api.w.org\/{rel}","templated":true}]}}