{"id":2513,"date":"2024-01-28T20:25:05","date_gmt":"2024-01-28T20:25:05","guid":{"rendered":"https:\/\/retail.alojar.pt\/bajazet\/?page_id=2513"},"modified":"2024-04-29T16:27:57","modified_gmt":"2024-04-29T16:27:57","slug":"maquinas-e-equipamentos","status":"publish","type":"page","link":"https:\/\/retail.alojar.pt\/bajazet\/maquinas-e-equipamentos\/","title":{"rendered":"M\u00e1quinas e Equipamentos"},"content":{"rendered":"\t\t<div data-elementor-type=\"wp-post\" data-elementor-id=\"2513\" class=\"elementor elementor-2513\">\n\t\t\t\t<div class=\"elementor-element elementor-element-57e49cb e-flex e-con-boxed e-con e-parent\" data-id=\"57e49cb\" data-element_type=\"container\" data-settings=\"{&quot;background_background&quot;:&quot;classic&quot;}\">\n\t\t\t\t\t<div class=\"e-con-inner\">\n\t\t<div class=\"elementor-element elementor-element-f3c7d04 e-con-full e-flex e-con e-child\" data-id=\"f3c7d04\" data-element_type=\"container\" data-settings=\"{&quot;background_background&quot;:&quot;classic&quot;}\">\n\t\t\t\t<div class=\"elementor-element elementor-element-5949f0b elementor-widget elementor-widget-heading\" data-id=\"5949f0b\" data-element_type=\"widget\" data-widget_type=\"heading.default\">\n\t\t\t\t<div class=\"elementor-widget-container\">\n\t\t\t<h2 class=\"elementor-heading-title elementor-size-default\"><h2 class=\"font_2 wixui-rich-text__text\" style=\"background: transparent;font-style: normal;font-size: 97px;line-height: 1em;margin-bottom: 0px;text-align: center\"><span class=\"wixui-rich-text__text\" style=\"background: transparent;border: 0px;margin: 0px;padding: 0px;vertical-align: baseline\"><span class=\"wixui-rich-text__text\" style=\"background: transparent;border: 0px;margin: 0px;padding: 0px;vertical-align: baseline\"><span class=\"wixui-rich-text__text\" style=\"background: transparent;border: 0px;margin: 0px;padding: 0px;vertical-align: baseline\"><span class=\"wixui-rich-text__text\" style=\"background: transparent;border: 0px;margin: 0px;padding: 0px;vertical-align: baseline;font-family: avenir-lt-w01_85-heavy1475544, avenir-lt-w05_85-heavy, sans-serif\"><span class=\"wixui-rich-text__text\" style=\"background: transparent;border: 0px;margin: 0px;padding: 0px;vertical-align: baseline;letter-spacing: -0.04em\">Solu\u00e7\u00f5es<br class=\"wixui-rich-text__text\">n\u00e3o faltam<\/span><\/span><\/span><\/span><\/span><\/h2><\/h2>\t\t<\/div>\n\t\t\t\t<\/div>\n\t\t\t\t<\/div>\n\t\t\t\t\t<\/div>\n\t\t\t\t<\/div>\n\t\t<div class=\"elementor-element elementor-element-47e00a1 e-flex e-con-boxed e-con e-parent\" data-id=\"47e00a1\" data-element_type=\"container\">\n\t\t\t\t\t<div class=\"e-con-inner\">\n\t\t\t\t<div class=\"elementor-element elementor-element-e67b51e elementor-widget elementor-widget-spacer\" data-id=\"e67b51e\" data-element_type=\"widget\" data-widget_type=\"spacer.default\">\n\t\t\t\t<div class=\"elementor-widget-container\">\n\t\t\t\t\t<div class=\"elementor-spacer\">\n\t\t\t<div class=\"elementor-spacer-inner\"><\/div>\n\t\t<\/div>\n\t\t\t\t<\/div>\n\t\t\t\t<\/div>\n\t\t\t\t\t<\/div>\n\t\t\t\t<\/div>\n\t\t<div class=\"elementor-element elementor-element-f016bf3 e-flex e-con-boxed e-con e-parent\" data-id=\"f016bf3\" data-element_type=\"container\">\n\t\t\t\t\t<div class=\"e-con-inner\">\n\t\t<div class=\"elementor-element elementor-element-c2044d5 e-con-full e-flex e-con e-child\" data-id=\"c2044d5\" data-element_type=\"container\">\n\t\t\t\t<div class=\"elementor-element elementor-element-4a962e1 elementor-position-top elementor-widget elementor-widget-image-box\" data-id=\"4a962e1\" data-element_type=\"widget\" data-widget_type=\"image-box.default\">\n\t\t\t\t<div class=\"elementor-widget-container\">\n\t\t\t<div class=\"elementor-image-box-wrapper\"><figure class=\"elementor-image-box-img\"><img fetchpriority=\"high\" decoding=\"async\" width=\"500\" height=\"466\" src=\"https:\/\/retail.alojar.pt\/bajazet\/wp-content\/uploads\/sites\/6\/2024\/02\/plat-tesoura_edited.jpg\" class=\"attachment-full size-full wp-image-2783\" alt=\"\" \/><\/figure><div class=\"elementor-image-box-content\"><h3 class=\"elementor-image-box-title\">ELEVA\u00c7\u00c3O<\/h3><\/div><\/div>\t\t<\/div>\n\t\t\t\t<\/div>\n\t\t\t\t<\/div>\n\t\t<div class=\"elementor-element elementor-element-d9492fd e-con-full e-flex e-con e-child\" data-id=\"d9492fd\" data-element_type=\"container\">\n\t\t\t\t<div class=\"elementor-element elementor-element-9fed348 elementor-position-top elementor-widget elementor-widget-image-box\" data-id=\"9fed348\" data-element_type=\"widget\" data-widget_type=\"image-box.default\">\n\t\t\t\t<div class=\"elementor-widget-container\">\n\t\t\t<div class=\"elementor-image-box-wrapper\"><figure class=\"elementor-image-box-img\"><img decoding=\"async\" width=\"300\" height=\"300\" src=\"https:\/\/retail.alojar.pt\/bajazet\/wp-content\/uploads\/sites\/6\/2024\/02\/105869-12711488.jpg\" class=\"attachment-full size-full wp-image-2696\" alt=\"\" \/><\/figure><div class=\"elementor-image-box-content\"><h3 class=\"elementor-image-box-title\">MOVIMENTA\u00c7\u00c3O DE CARGAS<\/h3><\/div><\/div>\t\t<\/div>\n\t\t\t\t<\/div>\n\t\t\t\t<\/div>\n\t\t\t\t\t<\/div>\n\t\t\t\t<\/div>\n\t\t<div class=\"elementor-element elementor-element-5c18b47 e-flex e-con-boxed e-con e-parent\" data-id=\"5c18b47\" data-element_type=\"container\">\n\t\t\t\t\t<div class=\"e-con-inner\">\n\t\t<div class=\"elementor-element elementor-element-5bf929e e-con-full e-flex e-con e-child\" data-id=\"5bf929e\" data-element_type=\"container\">\n\t\t\t\t<div class=\"elementor-element elementor-element-de9d83b elementor-position-top elementor-widget elementor-widget-image-box\" data-id=\"de9d83b\" data-element_type=\"widget\" data-widget_type=\"image-box.default\">\n\t\t\t\t<div class=\"elementor-widget-container\">\n\t\t\t<div class=\"elementor-image-box-wrapper\"><figure class=\"elementor-image-box-img\"><img decoding=\"async\" width=\"600\" height=\"600\" src=\"https:\/\/retail.alojar.pt\/bajazet\/wp-content\/uploads\/sites\/6\/2024\/02\/Dumper.jpg\" class=\"attachment-full size-full wp-image-2736\" alt=\"\" \/><\/figure><div class=\"elementor-image-box-content\"><h3 class=\"elementor-image-box-title\">MOVIMENTA\u00c7\u00c3O DE TERRAS, CONSTRU\u00c7\u00c3O E DEMOLI\u00c7\u00c3O<\/h3><\/div><\/div>\t\t<\/div>\n\t\t\t\t<\/div>\n\t\t\t\t<\/div>\n\t\t<div class=\"elementor-element elementor-element-d8c6fab e-con-full e-flex e-con e-child\" data-id=\"d8c6fab\" data-element_type=\"container\">\n\t\t\t\t<div class=\"elementor-element elementor-element-30216e6 elementor-position-top elementor-widget elementor-widget-image-box\" data-id=\"30216e6\" data-element_type=\"widget\" data-widget_type=\"image-box.default\">\n\t\t\t\t<div class=\"elementor-widget-container\">\n\t\t\t<div class=\"elementor-image-box-wrapper\"><figure class=\"elementor-image-box-img\"><img loading=\"lazy\" decoding=\"async\" width=\"959\" height=\"826\" src=\"https:\/\/retail.alojar.pt\/bajazet\/wp-content\/uploads\/sites\/6\/2024\/02\/Rascador-stripper.png\" class=\"attachment-full size-full wp-image-2656\" alt=\"\" \/><\/figure><div class=\"elementor-image-box-content\"><h3 class=\"elementor-image-box-title\">PREPARA\u00c7\u00c3O DE SUPERF\u00cdCIES<\/h3><\/div><\/div>\t\t<\/div>\n\t\t\t\t<\/div>\n\t\t\t\t<\/div>\n\t\t\t\t\t<\/div>\n\t\t\t\t<\/div>\n\t\t<div class=\"elementor-element elementor-element-c043aff e-flex e-con-boxed e-con e-parent\" data-id=\"c043aff\" data-element_type=\"container\">\n\t\t\t\t\t<div class=\"e-con-inner\">\n\t\t<div class=\"elementor-element elementor-element-d0ce39d e-con-full e-flex e-con e-child\" data-id=\"d0ce39d\" data-element_type=\"container\">\n\t\t\t\t<div class=\"elementor-element elementor-element-6934e2f elementor-position-top elementor-widget elementor-widget-image-box\" data-id=\"6934e2f\" data-element_type=\"widget\" data-widget_type=\"image-box.default\">\n\t\t\t\t<div class=\"elementor-widget-container\">\n\t\t\t<div class=\"elementor-image-box-wrapper\"><figure class=\"elementor-image-box-img\"><img loading=\"lazy\" decoding=\"async\" width=\"259\" height=\"194\" src=\"https:\/\/retail.alojar.pt\/bajazet\/wp-content\/uploads\/sites\/6\/2024\/01\/unnamed_edited_edited.jpg\" class=\"attachment-full size-full wp-image-1197\" alt=\"\" \/><\/figure><div class=\"elementor-image-box-content\"><h3 class=\"elementor-image-box-title\">ARMAZENAMENTO<br>E INSTALA\u00c7\u00d5ES PROVIS\u00d3RIAS<\/h3><\/div><\/div>\t\t<\/div>\n\t\t\t\t<\/div>\n\t\t\t\t<\/div>\n\t\t<div class=\"elementor-element elementor-element-acce8c2 e-con-full e-flex e-con e-child\" data-id=\"acce8c2\" data-element_type=\"container\">\n\t\t\t\t<div class=\"elementor-element elementor-element-4107690 elementor-position-top elementor-widget elementor-widget-image-box\" data-id=\"4107690\" data-element_type=\"widget\" data-widget_type=\"image-box.default\">\n\t\t\t\t<div class=\"elementor-widget-container\">\n\t\t\t<div class=\"elementor-image-box-wrapper\"><figure class=\"elementor-image-box-img\"><img loading=\"lazy\" decoding=\"async\" width=\"400\" height=\"364\" src=\"https:\/\/retail.alojar.pt\/bajazet\/wp-content\/uploads\/sites\/6\/2024\/01\/Lavagem-e-Limpeza_edited_edited.jpg\" class=\"attachment-full size-full wp-image-1190\" alt=\"\" \/><\/figure><div class=\"elementor-image-box-content\"><h3 class=\"elementor-image-box-title\">LAVAGEM E LIMPEZA<\/h3><\/div><\/div>\t\t<\/div>\n\t\t\t\t<\/div>\n\t\t\t\t<\/div>\n\t\t\t\t\t<\/div>\n\t\t\t\t<\/div>\n\t\t<div class=\"elementor-element elementor-element-1e4173c e-flex e-con-boxed e-con e-parent\" data-id=\"1e4173c\" data-element_type=\"container\">\n\t\t\t\t\t<div class=\"e-con-inner\">\n\t\t<div class=\"elementor-element elementor-element-80469ce e-con-full e-flex e-con e-child\" data-id=\"80469ce\" data-element_type=\"container\">\n\t\t\t\t<div class=\"elementor-element elementor-element-d4be389 elementor-position-top elementor-widget elementor-widget-image-box\" data-id=\"d4be389\" data-element_type=\"widget\" data-widget_type=\"image-box.default\">\n\t\t\t\t<div class=\"elementor-widget-container\">\n\t\t\t<div class=\"elementor-image-box-wrapper\"><figure class=\"elementor-image-box-img\"><img loading=\"lazy\" decoding=\"async\" width=\"330\" height=\"402\" src=\"https:\/\/retail.alojar.pt\/bajazet\/wp-content\/uploads\/sites\/6\/2024\/02\/image007.jpg\" class=\"attachment-full size-full wp-image-2763\" alt=\"\" \/><\/figure><div class=\"elementor-image-box-content\"><h3 class=\"elementor-image-box-title\">CLIMATIZA\u00c7\u00c3O DE CONSTRU\u00c7\u00c3O<\/h3><\/div><\/div>\t\t<\/div>\n\t\t\t\t<\/div>\n\t\t\t\t<\/div>\n\t\t<div class=\"elementor-element elementor-element-c9a15d3 e-con-full e-flex e-con e-child\" data-id=\"c9a15d3\" data-element_type=\"container\">\n\t\t\t\t<div class=\"elementor-element elementor-element-cc410fa elementor-position-top elementor-widget elementor-widget-image-box\" data-id=\"cc410fa\" data-element_type=\"widget\" data-widget_type=\"image-box.default\">\n\t\t\t\t<div class=\"elementor-widget-container\">\n\t\t\t<div class=\"elementor-image-box-wrapper\"><figure class=\"elementor-image-box-img\"><img loading=\"lazy\" decoding=\"async\" width=\"740\" height=\"740\" src=\"https:\/\/retail.alojar.pt\/bajazet\/wp-content\/uploads\/sites\/6\/2024\/02\/forche-fpf-new.jpg\" class=\"attachment-full size-full wp-image-2753\" alt=\"\" \/><\/figure><div class=\"elementor-image-box-content\"><h3 class=\"elementor-image-box-title\">ACESS\u00d3RIOS DE CONSTRU\u00c7\u00c3O<\/h3><\/div><\/div>\t\t<\/div>\n\t\t\t\t<\/div>\n\t\t\t\t<\/div>\n\t\t\t\t\t<\/div>\n\t\t\t\t<\/div>\n\t\t<div class=\"elementor-element elementor-element-579b50d e-flex e-con-boxed e-con e-parent\" data-id=\"579b50d\" data-element_type=\"container\">\n\t\t\t\t\t<div class=\"e-con-inner\">\n\t\t\t\t<div class=\"elementor-element elementor-element-56a25b1 elementor-widget elementor-widget-spacer\" data-id=\"56a25b1\" data-element_type=\"widget\" data-widget_type=\"spacer.default\">\n\t\t\t\t<div class=\"elementor-widget-container\">\n\t\t\t\t\t<div class=\"elementor-spacer\">\n\t\t\t<div class=\"elementor-spacer-inner\"><\/div>\n\t\t<\/div>\n\t\t\t\t<\/div>\n\t\t\t\t<\/div>\n\t\t\t\t<div class=\"elementor-element elementor-element-93c2c8e elementor-position-top elementor-widget elementor-widget-image-box\" data-id=\"93c2c8e\" data-element_type=\"widget\" data-widget_type=\"image-box.default\">\n\t\t\t\t<div class=\"elementor-widget-container\">\n\t\t\t<div class=\"elementor-image-box-wrapper\"><figure class=\"elementor-image-box-img\"><img loading=\"lazy\" decoding=\"async\" width=\"675\" height=\"654\" src=\"https:\/\/retail.alojar.pt\/bajazet\/wp-content\/uploads\/sites\/6\/2024\/02\/Pulverizador.png\" class=\"attachment-full size-full wp-image-2655\" alt=\"\" \/><\/figure><div class=\"elementor-image-box-content\"><h3 class=\"elementor-image-box-title\">FERRAMENTAS PROFISSIONAIS<\/h3><\/div><\/div>\t\t<\/div>\n\t\t\t\t<\/div>\n\t\t\t\t\t<\/div>\n\t\t\t\t<\/div>\n\t\t\t\t<\/div>\n\t\t","protected":false},"excerpt":{"rendered":"<p>Solu\u00e7\u00f5esn\u00e3o faltam ELEVA\u00c7\u00c3O MOVIMENTA\u00c7\u00c3O DE CARGAS MOVIMENTA\u00c7\u00c3O DE TERRAS, CONSTRU\u00c7\u00c3O E DEMOLI\u00c7\u00c3O PREPARA\u00c7\u00c3O DE SUPERF\u00cdCIES ARMAZENAMENTOE INSTALA\u00c7\u00d5ES PROVIS\u00d3RIAS LAVAGEM E [&hellip;]<\/p>\n","protected":false},"author":7,"featured_media":0,"parent":0,"menu_order":0,"comment_status":"closed","ping_status":"closed","template":"","meta":{"site-sidebar-layout":"no-sidebar","site-content-layout":"page-builder","ast-site-content-layout":"full-width-container","site-content-style":"unboxed","site-sidebar-style":"unboxed","ast-global-header-display":"","ast-banner-title-visibility":"","ast-main-header-display":"","ast-hfb-above-header-display":"","ast-hfb-below-header-display":"","ast-hfb-mobile-header-display":"","site-post-title":"disabled","ast-breadcrumbs-content":"","ast-featured-img":"disabled","footer-sml-layout":"","theme-transparent-header-meta":"enabled","adv-header-id-meta":"","stick-header-meta":"","header-above-stick-meta":"","header-main-stick-meta":"","header-below-stick-meta":"","astra-migrate-meta-layouts":"set","ast-page-background-enabled":"default","ast-page-background-meta":{"desktop":{"background-color":"","background-image":"","background-repeat":"repeat","background-position":"center center","background-size":"auto","background-attachment":"scroll","background-type":"","background-media":"","overlay-type":"","overlay-color":"","overlay-opacity":"","overlay-gradient":""},"tablet":{"background-color":"","background-image":"","background-repeat":"repeat","background-position":"center center","background-size":"auto","background-attachment":"scroll","background-type":"","background-media":"","overlay-type":"","overlay-color":"","overlay-opacity":"","overlay-gradient":""},"mobile":{"background-color":"","background-image":"","background-repeat":"repeat","background-position":"center center","background-size":"auto","background-attachment":"scroll","background-type":"","background-media":"","overlay-type":"","overlay-color":"","overlay-opacity":"","overlay-gradient":""}},"ast-content-background-meta":{"desktop":{"background-color":"var(--ast-global-color-5)","background-image":"","background-repeat":"repeat","background-position":"center center","background-size":"auto","background-attachment":"scroll","background-type":"","background-media":"","overlay-type":"","overlay-color":"","overlay-opacity":"","overlay-gradient":""},"tablet":{"background-color":"var(--ast-global-color-5)","background-image":"","background-repeat":"repeat","background-position":"center center","background-size":"auto","background-attachment":"scroll","background-type":"","background-media":"","overlay-type":"","overlay-color":"","overlay-opacity":"","overlay-gradient":""},"mobile":{"background-color":"var(--ast-global-color-5)","background-image":"","background-repeat":"repeat","background-position":"center center","background-size":"auto","background-attachment":"scroll","background-type":"","background-media":"","overlay-type":"","overlay-color":"","overlay-opacity":"","overlay-gradient":""}},"footnotes":""},"class_list":["post-2513","page","type-page","status-publish","hentry"],"aioseo_notices":[],"yoast_head":"<!-- This site is optimized with the Yoast SEO plugin v23.9 - https:\/\/yoast.com\/wordpress\/plugins\/seo\/ -->\n<title>M\u00e1quinas e Equipamentos - Bajazet<\/title>\n<meta name=\"robots\" content=\"index, follow, max-snippet:-1, max-image-preview:large, max-video-preview:-1\" \/>\n<link rel=\"canonical\" href=\"https:\/\/retail.alojar.pt\/bajazet\/maquinas-e-equipamentos\/\" \/>\n<meta property=\"og:locale\" content=\"pt_PT\" \/>\n<meta property=\"og:type\" content=\"article\" \/>\n<meta property=\"og:title\" content=\"M\u00e1quinas e Equipamentos - Bajazet\" \/>\n<meta property=\"og:description\" content=\"Solu\u00e7\u00f5esn\u00e3o faltam ELEVA\u00c7\u00c3O MOVIMENTA\u00c7\u00c3O DE CARGAS MOVIMENTA\u00c7\u00c3O DE TERRAS, CONSTRU\u00c7\u00c3O E DEMOLI\u00c7\u00c3O PREPARA\u00c7\u00c3O DE SUPERF\u00cdCIES ARMAZENAMENTOE INSTALA\u00c7\u00d5ES PROVIS\u00d3RIAS LAVAGEM E [&hellip;]\" \/>\n<meta property=\"og:url\" content=\"https:\/\/retail.alojar.pt\/bajazet\/maquinas-e-equipamentos\/\" \/>\n<meta property=\"og:site_name\" content=\"Bajazet\" \/>\n<meta property=\"article:modified_time\" content=\"2024-04-29T16:27:57+00:00\" \/>\n<meta property=\"og:image\" content=\"https:\/\/retail.alojar.pt\/bajazet\/wp-content\/uploads\/sites\/6\/2024\/02\/plat-tesoura_edited.jpg\" \/>\n<meta name=\"twitter:card\" content=\"summary_large_image\" \/>\n<meta name=\"twitter:label1\" content=\"Tempo estimado de leitura\" \/>\n\t<meta name=\"twitter:data1\" content=\"2 minutos\" \/>\n<script type=\"application\/ld+json\" class=\"yoast-schema-graph\">{\"@context\":\"https:\/\/schema.org\",\"@graph\":[{\"@type\":\"WebPage\",\"@id\":\"https:\/\/retail.alojar.pt\/bajazet\/maquinas-e-equipamentos\/\",\"url\":\"https:\/\/retail.alojar.pt\/bajazet\/maquinas-e-equipamentos\/\",\"name\":\"M\u00e1quinas e Equipamentos - Bajazet\",\"isPartOf\":{\"@id\":\"https:\/\/retail.alojar.pt\/bajazet\/#website\"},\"primaryImageOfPage\":{\"@id\":\"https:\/\/retail.alojar.pt\/bajazet\/maquinas-e-equipamentos\/#primaryimage\"},\"image\":{\"@id\":\"https:\/\/retail.alojar.pt\/bajazet\/maquinas-e-equipamentos\/#primaryimage\"},\"thumbnailUrl\":\"https:\/\/retail.alojar.pt\/bajazet\/wp-content\/uploads\/sites\/6\/2024\/02\/plat-tesoura_edited.jpg\",\"datePublished\":\"2024-01-28T20:25:05+00:00\",\"dateModified\":\"2024-04-29T16:27:57+00:00\",\"breadcrumb\":{\"@id\":\"https:\/\/retail.alojar.pt\/bajazet\/maquinas-e-equipamentos\/#breadcrumb\"},\"inLanguage\":\"pt-PT\",\"potentialAction\":[{\"@type\":\"ReadAction\",\"target\":[\"https:\/\/retail.alojar.pt\/bajazet\/maquinas-e-equipamentos\/\"]}]},{\"@type\":\"ImageObject\",\"inLanguage\":\"pt-PT\",\"@id\":\"https:\/\/retail.alojar.pt\/bajazet\/maquinas-e-equipamentos\/#primaryimage\",\"url\":\"https:\/\/retail.alojar.pt\/bajazet\/wp-content\/uploads\/sites\/6\/2024\/02\/plat-tesoura_edited.jpg\",\"contentUrl\":\"https:\/\/retail.alojar.pt\/bajazet\/wp-content\/uploads\/sites\/6\/2024\/02\/plat-tesoura_edited.jpg\",\"width\":500,\"height\":466,\"caption\":\"Plataformas\"},{\"@type\":\"BreadcrumbList\",\"@id\":\"https:\/\/retail.alojar.pt\/bajazet\/maquinas-e-equipamentos\/#breadcrumb\",\"itemListElement\":[{\"@type\":\"ListItem\",\"position\":1,\"name\":\"In\u00edcio\",\"item\":\"https:\/\/retail.alojar.pt\/bajazet\/\"},{\"@type\":\"ListItem\",\"position\":2,\"name\":\"M\u00e1quinas e Equipamentos\"}]},{\"@type\":\"WebSite\",\"@id\":\"https:\/\/retail.alojar.pt\/bajazet\/#website\",\"url\":\"https:\/\/retail.alojar.pt\/bajazet\/\",\"name\":\"Bajazet\",\"description\":\"\",\"publisher\":{\"@id\":\"https:\/\/retail.alojar.pt\/bajazet\/#organization\"},\"potentialAction\":[{\"@type\":\"SearchAction\",\"target\":{\"@type\":\"EntryPoint\",\"urlTemplate\":\"https:\/\/retail.alojar.pt\/bajazet\/?s={search_term_string}\"},\"query-input\":{\"@type\":\"PropertyValueSpecification\",\"valueRequired\":true,\"valueName\":\"search_term_string\"}}],\"inLanguage\":\"pt-PT\"},{\"@type\":\"Organization\",\"@id\":\"https:\/\/retail.alojar.pt\/bajazet\/#organization\",\"name\":\"Bajazet\",\"url\":\"https:\/\/retail.alojar.pt\/bajazet\/\",\"logo\":{\"@type\":\"ImageObject\",\"inLanguage\":\"pt-PT\",\"@id\":\"https:\/\/retail.alojar.pt\/bajazet\/#\/schema\/logo\/image\/\",\"url\":\"https:\/\/retail.alojar.pt\/bajazet\/wp-content\/uploads\/sites\/6\/2024\/01\/Registado2-bajazet_logo.png\",\"contentUrl\":\"https:\/\/retail.alojar.pt\/bajazet\/wp-content\/uploads\/sites\/6\/2024\/01\/Registado2-bajazet_logo.png\",\"width\":2671,\"height\":1042,\"caption\":\"Bajazet\"},\"image\":{\"@id\":\"https:\/\/retail.alojar.pt\/bajazet\/#\/schema\/logo\/image\/\"}}]}<\/script>\n<!-- \/ Yoast SEO plugin. -->","yoast_head_json":{"title":"M\u00e1quinas e Equipamentos - Bajazet","robots":{"index":"index","follow":"follow","max-snippet":"max-snippet:-1","max-image-preview":"max-image-preview:large","max-video-preview":"max-video-preview:-1"},"canonical":"https:\/\/retail.alojar.pt\/bajazet\/maquinas-e-equipamentos\/","og_locale":"pt_PT","og_type":"article","og_title":"M\u00e1quinas e Equipamentos - Bajazet","og_description":"Solu\u00e7\u00f5esn\u00e3o faltam ELEVA\u00c7\u00c3O MOVIMENTA\u00c7\u00c3O DE CARGAS MOVIMENTA\u00c7\u00c3O DE TERRAS, CONSTRU\u00c7\u00c3O E DEMOLI\u00c7\u00c3O PREPARA\u00c7\u00c3O DE SUPERF\u00cdCIES ARMAZENAMENTOE INSTALA\u00c7\u00d5ES PROVIS\u00d3RIAS LAVAGEM E [&hellip;]","og_url":"https:\/\/retail.alojar.pt\/bajazet\/maquinas-e-equipamentos\/","og_site_name":"Bajazet","article_modified_time":"2024-04-29T16:27:57+00:00","og_image":[{"url":"https:\/\/retail.alojar.pt\/bajazet\/wp-content\/uploads\/sites\/6\/2024\/02\/plat-tesoura_edited.jpg"}],"twitter_card":"summary_large_image","twitter_misc":{"Tempo estimado de leitura":"2 minutos"},"schema":{"@context":"https:\/\/schema.org","@graph":[{"@type":"WebPage","@id":"https:\/\/retail.alojar.pt\/bajazet\/maquinas-e-equipamentos\/","url":"https:\/\/retail.alojar.pt\/bajazet\/maquinas-e-equipamentos\/","name":"M\u00e1quinas e Equipamentos - Bajazet","isPartOf":{"@id":"https:\/\/retail.alojar.pt\/bajazet\/#website"},"primaryImageOfPage":{"@id":"https:\/\/retail.alojar.pt\/bajazet\/maquinas-e-equipamentos\/#primaryimage"},"image":{"@id":"https:\/\/retail.alojar.pt\/bajazet\/maquinas-e-equipamentos\/#primaryimage"},"thumbnailUrl":"https:\/\/retail.alojar.pt\/bajazet\/wp-content\/uploads\/sites\/6\/2024\/02\/plat-tesoura_edited.jpg","datePublished":"2024-01-28T20:25:05+00:00","dateModified":"2024-04-29T16:27:57+00:00","breadcrumb":{"@id":"https:\/\/retail.alojar.pt\/bajazet\/maquinas-e-equipamentos\/#breadcrumb"},"inLanguage":"pt-PT","potentialAction":[{"@type":"ReadAction","target":["https:\/\/retail.alojar.pt\/bajazet\/maquinas-e-equipamentos\/"]}]},{"@type":"ImageObject","inLanguage":"pt-PT","@id":"https:\/\/retail.alojar.pt\/bajazet\/maquinas-e-equipamentos\/#primaryimage","url":"https:\/\/retail.alojar.pt\/bajazet\/wp-content\/uploads\/sites\/6\/2024\/02\/plat-tesoura_edited.jpg","contentUrl":"https:\/\/retail.alojar.pt\/bajazet\/wp-content\/uploads\/sites\/6\/2024\/02\/plat-tesoura_edited.jpg","width":500,"height":466,"caption":"Plataformas"},{"@type":"BreadcrumbList","@id":"https:\/\/retail.alojar.pt\/bajazet\/maquinas-e-equipamentos\/#breadcrumb","itemListElement":[{"@type":"ListItem","position":1,"name":"In\u00edcio","item":"https:\/\/retail.alojar.pt\/bajazet\/"},{"@type":"ListItem","position":2,"name":"M\u00e1quinas e Equipamentos"}]},{"@type":"WebSite","@id":"https:\/\/retail.alojar.pt\/bajazet\/#website","url":"https:\/\/retail.alojar.pt\/bajazet\/","name":"Bajazet","description":"","publisher":{"@id":"https:\/\/retail.alojar.pt\/bajazet\/#organization"},"potentialAction":[{"@type":"SearchAction","target":{"@type":"EntryPoint","urlTemplate":"https:\/\/retail.alojar.pt\/bajazet\/?s={search_term_string}"},"query-input":{"@type":"PropertyValueSpecification","valueRequired":true,"valueName":"search_term_string"}}],"inLanguage":"pt-PT"},{"@type":"Organization","@id":"https:\/\/retail.alojar.pt\/bajazet\/#organization","name":"Bajazet","url":"https:\/\/retail.alojar.pt\/bajazet\/","logo":{"@type":"ImageObject","inLanguage":"pt-PT","@id":"https:\/\/retail.alojar.pt\/bajazet\/#\/schema\/logo\/image\/","url":"https:\/\/retail.alojar.pt\/bajazet\/wp-content\/uploads\/sites\/6\/2024\/01\/Registado2-bajazet_logo.png","contentUrl":"https:\/\/retail.alojar.pt\/bajazet\/wp-content\/uploads\/sites\/6\/2024\/01\/Registado2-bajazet_logo.png","width":2671,"height":1042,"caption":"Bajazet"},"image":{"@id":"https:\/\/retail.alojar.pt\/bajazet\/#\/schema\/logo\/image\/"}}]}},"rttpg_featured_image_url":null,"rttpg_author":{"display_name":"anapeixoto","author_link":"https:\/\/retail.alojar.pt\/bajazet\/author\/anapeixoto\/"},"rttpg_comment":0,"rttpg_category":null,"rttpg_excerpt":"Solu\u00e7\u00f5esn\u00e3o faltam ELEVA\u00c7\u00c3O MOVIMENTA\u00c7\u00c3O DE CARGAS MOVIMENTA\u00c7\u00c3O DE TERRAS, CONSTRU\u00c7\u00c3O E DEMOLI\u00c7\u00c3O PREPARA\u00c7\u00c3O DE SUPERF\u00cdCIES ARMAZENAMENTOE INSTALA\u00c7\u00d5ES PROVIS\u00d3RIAS LAVAGEM E [&hellip;]","_links":{"self":[{"href":"https:\/\/retail.alojar.pt\/bajazet\/wp-json\/wp\/v2\/pages\/2513","targetHints":{"allow":["GET"]}}],"collection":[{"href":"https:\/\/retail.alojar.pt\/bajazet\/wp-json\/wp\/v2\/pages"}],"about":[{"href":"https:\/\/retail.alojar.pt\/bajazet\/wp-json\/wp\/v2\/types\/page"}],"author":[{"embeddable":true,"href":"https:\/\/retail.alojar.pt\/bajazet\/wp-json\/wp\/v2\/users\/7"}],"replies":[{"embeddable":true,"href":"https:\/\/retail.alojar.pt\/bajazet\/wp-json\/wp\/v2\/comments?post=2513"}],"version-history":[{"count":37,"href":"https:\/\/retail.alojar.pt\/bajazet\/wp-json\/wp\/v2\/pages\/2513\/revisions"}],"predecessor-version":[{"id":3102,"href":"https:\/\/retail.alojar.pt\/bajazet\/wp-json\/wp\/v2\/pages\/2513\/revisions\/3102"}],"wp:attachment":[{"href":"https:\/\/retail.alojar.pt\/bajazet\/wp-json\/wp\/v2\/media?parent=2513"}],"curies":[{"name":"wp","href":"https:\/\/api.w.org\/{rel}","templated":true}]}}