{"id":285,"date":"2020-08-17T16:14:31","date_gmt":"2020-08-17T16:14:31","guid":{"rendered":"https:\/\/demo.creativethemes.com\/blocksy\/business\/?page_id=285"},"modified":"2026-02-26T17:39:45","modified_gmt":"2026-02-26T17:39:45","slug":"contact","status":"publish","type":"page","link":"https:\/\/retail.alojar.pt\/avelinorte\/contact\/","title":{"rendered":"Contact"},"content":{"rendered":"\t\t<div data-elementor-type=\"wp-page\" data-elementor-id=\"285\" class=\"elementor elementor-285\">\n\t\t\t\t\t\t<section class=\"elementor-section elementor-top-section elementor-element elementor-element-664f0590 elementor-section-boxed elementor-section-height-default elementor-section-height-default\" data-id=\"664f0590\" data-element_type=\"section\">\n\t\t\t\t\t\t<div class=\"elementor-container elementor-column-gap-no\">\n\t\t\t\t\t<div class=\"elementor-column elementor-col-100 elementor-top-column elementor-element elementor-element-44ef6ac6\" data-id=\"44ef6ac6\" data-element_type=\"column\">\n\t\t\t<div class=\"elementor-widget-wrap elementor-element-populated\">\n\t\t\t\t\t\t<div class=\"elementor-element elementor-element-1645fa91 elementor-widget elementor-widget-spacer\" data-id=\"1645fa91\" data-element_type=\"widget\" data-widget_type=\"spacer.default\">\n\t\t\t\t<div class=\"elementor-widget-container\">\n\t\t\t\t\t<div class=\"elementor-spacer\">\n\t\t\t<div class=\"elementor-spacer-inner\"><\/div>\n\t\t<\/div>\n\t\t\t\t<\/div>\n\t\t\t\t<\/div>\n\t\t\t\t\t<\/div>\n\t\t<\/div>\n\t\t\t\t\t<\/div>\n\t\t<\/section>\n\t\t\t\t<section class=\"elementor-section elementor-top-section elementor-element elementor-element-f35c022 elementor-section-boxed elementor-section-height-default elementor-section-height-default\" data-id=\"f35c022\" data-element_type=\"section\">\n\t\t\t\t\t\t<div class=\"elementor-container elementor-column-gap-extended\">\n\t\t\t\t\t<div class=\"elementor-column elementor-col-25 elementor-top-column elementor-element elementor-element-5e9dd39\" data-id=\"5e9dd39\" data-element_type=\"column\">\n\t\t\t<div class=\"elementor-widget-wrap elementor-element-populated\">\n\t\t\t\t\t\t<div class=\"elementor-element elementor-element-2ee5116 ct-service-box elementor-view-default elementor-position-top elementor-mobile-position-top elementor-widget elementor-widget-icon-box\" data-id=\"2ee5116\" data-element_type=\"widget\" data-widget_type=\"icon-box.default\">\n\t\t\t\t<div class=\"elementor-widget-container\">\n\t\t\t\t\t<div class=\"elementor-icon-box-wrapper\">\n\n\t\t\t\t\t\t<div class=\"elementor-icon-box-icon\">\n\t\t\t\t<span  class=\"elementor-icon elementor-animation-\">\n\t\t\t\t<i aria-hidden=\"true\" class=\"fas fa-map-marked-alt\"><\/i>\t\t\t\t<\/span>\n\t\t\t<\/div>\n\t\t\t\n\t\t\t\t\t\t<div class=\"elementor-icon-box-content\">\n\n\t\t\t\t\t\t\t\t\t<h3 class=\"elementor-icon-box-title\">\n\t\t\t\t\t\t<span  >\n\t\t\t\t\t\t\tSede\t\t\t\t\t\t<\/span>\n\t\t\t\t\t<\/h3>\n\t\t\t\t\n\t\t\t\t\t\t\t\t\t<p class=\"elementor-icon-box-description\">\n\t\t\t\t\t\tParque Empresarial do Barroco\nR. do Barroco, 174<br>4465 591 LE\u00c7A DO BALIO<br><br><b>LOJA:<\/b><br>Rua Terramonte, 722 Fra\u00e7\u00e3o A<br>4470-122 Maia\t\t\t\t\t<\/p>\n\t\t\t\t\n\t\t\t<\/div>\n\t\t\t\n\t\t<\/div>\n\t\t\t\t<\/div>\n\t\t\t\t<\/div>\n\t\t\t\t\t<\/div>\n\t\t<\/div>\n\t\t\t\t<div class=\"elementor-column elementor-col-25 elementor-top-column elementor-element elementor-element-3427413\" data-id=\"3427413\" data-element_type=\"column\">\n\t\t\t<div class=\"elementor-widget-wrap elementor-element-populated\">\n\t\t\t\t\t\t<div class=\"elementor-element elementor-element-0a6cd6d ct-service-box elementor-view-default elementor-position-top elementor-mobile-position-top elementor-widget elementor-widget-icon-box\" data-id=\"0a6cd6d\" data-element_type=\"widget\" data-widget_type=\"icon-box.default\">\n\t\t\t\t<div class=\"elementor-widget-container\">\n\t\t\t\t\t<div class=\"elementor-icon-box-wrapper\">\n\n\t\t\t\t\t\t<div class=\"elementor-icon-box-icon\">\n\t\t\t\t<span  class=\"elementor-icon elementor-animation-\">\n\t\t\t\t<i aria-hidden=\"true\" class=\"fas fa-clock\"><\/i>\t\t\t\t<\/span>\n\t\t\t<\/div>\n\t\t\t\n\t\t\t\t\t\t<div class=\"elementor-icon-box-content\">\n\n\t\t\t\t\t\t\t\t\t<h3 class=\"elementor-icon-box-title\">\n\t\t\t\t\t\t<span  >\n\t\t\t\t\t\t\tHor\u00e1rio\t\t\t\t\t\t<\/span>\n\t\t\t\t\t<\/h3>\n\t\t\t\t\n\t\t\t\t\t\t\t\t\t<p class=\"elementor-icon-box-description\">\n\t\t\t\t\t\tSegunda a Sexta<br>8h - 18h<br><br>S\u00e1bado<br>   8h - 13h<br><br><br>\t\t\t\t\t<\/p>\n\t\t\t\t\n\t\t\t<\/div>\n\t\t\t\n\t\t<\/div>\n\t\t\t\t<\/div>\n\t\t\t\t<\/div>\n\t\t\t\t\t<\/div>\n\t\t<\/div>\n\t\t\t\t<div class=\"elementor-column elementor-col-25 elementor-top-column elementor-element elementor-element-3b0a0ca\" data-id=\"3b0a0ca\" data-element_type=\"column\">\n\t\t\t<div class=\"elementor-widget-wrap elementor-element-populated\">\n\t\t\t\t\t\t<div class=\"elementor-element elementor-element-b0a78d8 ct-service-box elementor-view-default elementor-position-top elementor-mobile-position-top elementor-widget elementor-widget-icon-box\" data-id=\"b0a78d8\" data-element_type=\"widget\" data-widget_type=\"icon-box.default\">\n\t\t\t\t<div class=\"elementor-widget-container\">\n\t\t\t\t\t<div class=\"elementor-icon-box-wrapper\">\n\n\t\t\t\t\t\t<div class=\"elementor-icon-box-icon\">\n\t\t\t\t<span  class=\"elementor-icon elementor-animation-\">\n\t\t\t\t<i aria-hidden=\"true\" class=\"fas fa-envelope\"><\/i>\t\t\t\t<\/span>\n\t\t\t<\/div>\n\t\t\t\n\t\t\t\t\t\t<div class=\"elementor-icon-box-content\">\n\n\t\t\t\t\t\t\t\t\t<h3 class=\"elementor-icon-box-title\">\n\t\t\t\t\t\t<span  >\n\t\t\t\t\t\t\tEmail\t\t\t\t\t\t<\/span>\n\t\t\t\t\t<\/h3>\n\t\t\t\t\n\t\t\t\t\t\t\t\t\t<p class=\"elementor-icon-box-description\">\n\t\t\t\t\t\tgeral@avelinorte.pt<br><br><div style=\"text-align: left;\"><span style=\"text-align: inherit; white-space-collapse: collapse;\"><font color=\"#252525\" face=\"-apple-system, BlinkMacSystemFont, Segoe UI, Roboto, Helvetica Neue, Arial, sans-serif, Apple Color Emoji, Segoe UI Emoji, Segoe UI Symbol\">\u200e&nbsp;<\/font><\/span><span style=\"font-size: inherit; text-align: inherit; color: var(--color); font-family: var(--fontFamily); font-style: var(--fontStyle, inherit); font-weight: var(--fontWeight); letter-spacing: var(--letterSpacing); text-transform: var(--textTransform);\"><\/span><\/div><br>\u200e <br>\u200e \t\t\t\t\t<\/p>\n\t\t\t\t\n\t\t\t<\/div>\n\t\t\t\n\t\t<\/div>\n\t\t\t\t<\/div>\n\t\t\t\t<\/div>\n\t\t\t\t\t<\/div>\n\t\t<\/div>\n\t\t\t\t<div class=\"elementor-column elementor-col-25 elementor-top-column elementor-element elementor-element-4dd5a48\" data-id=\"4dd5a48\" data-element_type=\"column\">\n\t\t\t<div class=\"elementor-widget-wrap elementor-element-populated\">\n\t\t\t\t\t\t<div class=\"elementor-element elementor-element-30fe99f ct-service-box elementor-view-default elementor-position-top elementor-mobile-position-top elementor-widget elementor-widget-icon-box\" data-id=\"30fe99f\" data-element_type=\"widget\" data-widget_type=\"icon-box.default\">\n\t\t\t\t<div class=\"elementor-widget-container\">\n\t\t\t\t\t<div class=\"elementor-icon-box-wrapper\">\n\n\t\t\t\t\t\t<div class=\"elementor-icon-box-icon\">\n\t\t\t\t<span  class=\"elementor-icon elementor-animation-\">\n\t\t\t\t<i aria-hidden=\"true\" class=\"fas fa-mobile\"><\/i>\t\t\t\t<\/span>\n\t\t\t<\/div>\n\t\t\t\n\t\t\t\t\t\t<div class=\"elementor-icon-box-content\">\n\n\t\t\t\t\t\t\t\t\t<h3 class=\"elementor-icon-box-title\">\n\t\t\t\t\t\t<span  >\n\t\t\t\t\t\t\tTelefone\t\t\t\t\t\t<\/span>\n\t\t\t\t\t<\/h3>\n\t\t\t\t\n\t\t\t\t\t\t\t\t\t<p class=\"elementor-icon-box-description\">\n\t\t\t\t\t\t<br>(+351) 229 510 518<br>(custo de chamada para rede fixa nacional)\u200e <br>\u200e \u200e <br>\u200e <br>\u200e \u200e \t\t\t\t\t<\/p>\n\t\t\t\t\n\t\t\t<\/div>\n\t\t\t\n\t\t<\/div>\n\t\t\t\t<\/div>\n\t\t\t\t<\/div>\n\t\t\t\t\t<\/div>\n\t\t<\/div>\n\t\t\t\t\t<\/div>\n\t\t<\/section>\n\t\t\t\t<section class=\"elementor-section elementor-top-section elementor-element elementor-element-675240f elementor-section-boxed elementor-section-height-default elementor-section-height-default\" data-id=\"675240f\" data-element_type=\"section\">\n\t\t\t\t\t\t<div class=\"elementor-container elementor-column-gap-default\">\n\t\t\t\t\t<div class=\"elementor-column elementor-col-100 elementor-top-column elementor-element elementor-element-683b7ef\" data-id=\"683b7ef\" data-element_type=\"column\">\n\t\t\t<div class=\"elementor-widget-wrap elementor-element-populated\">\n\t\t\t\t\t\t<div class=\"elementor-element elementor-element-c19ba96 elementor-widget elementor-widget-spacer\" data-id=\"c19ba96\" data-element_type=\"widget\" data-widget_type=\"spacer.default\">\n\t\t\t\t<div class=\"elementor-widget-container\">\n\t\t\t\t\t<div class=\"elementor-spacer\">\n\t\t\t<div class=\"elementor-spacer-inner\"><\/div>\n\t\t<\/div>\n\t\t\t\t<\/div>\n\t\t\t\t<\/div>\n\t\t\t\t\t<\/div>\n\t\t<\/div>\n\t\t\t\t\t<\/div>\n\t\t<\/section>\n\t\t\t\t<section class=\"elementor-section elementor-top-section elementor-element elementor-element-50159123 elementor-section-boxed elementor-section-height-default elementor-section-height-default\" data-id=\"50159123\" data-element_type=\"section\">\n\t\t\t\t\t\t<div class=\"elementor-container elementor-column-gap-no\">\n\t\t\t\t\t<div class=\"elementor-column elementor-col-100 elementor-top-column elementor-element elementor-element-1e78ea7d\" data-id=\"1e78ea7d\" data-element_type=\"column\">\n\t\t\t<div class=\"elementor-widget-wrap elementor-element-populated\">\n\t\t\t\t\t\t<div class=\"elementor-element elementor-element-59ca2d24 elementor-widget elementor-widget-spacer\" data-id=\"59ca2d24\" data-element_type=\"widget\" data-widget_type=\"spacer.default\">\n\t\t\t\t<div class=\"elementor-widget-container\">\n\t\t\t\t\t<div class=\"elementor-spacer\">\n\t\t\t<div class=\"elementor-spacer-inner\"><\/div>\n\t\t<\/div>\n\t\t\t\t<\/div>\n\t\t\t\t<\/div>\n\t\t\t\t<div class=\"elementor-element elementor-element-2abcb25 elementor-absolute elementor-widget elementor-widget-heading\" data-id=\"2abcb25\" data-element_type=\"widget\" data-settings=\"{&quot;_position&quot;:&quot;absolute&quot;}\" data-widget_type=\"heading.default\">\n\t\t\t\t<div class=\"elementor-widget-container\">\n\t\t\t<h2 class=\"elementor-heading-title elementor-size-default\">LOJA<\/h2>\t\t<\/div>\n\t\t\t\t<\/div>\n\t\t\t\t\t<\/div>\n\t\t<\/div>\n\t\t\t\t\t<\/div>\n\t\t<\/section>\n\t\t\t\t<section class=\"elementor-section elementor-top-section elementor-element elementor-element-88e7664 elementor-section-boxed elementor-section-height-default elementor-section-height-default\" data-id=\"88e7664\" data-element_type=\"section\">\n\t\t\t\t\t\t<div class=\"elementor-container elementor-column-gap-default\">\n\t\t\t\t\t<div class=\"elementor-column elementor-col-50 elementor-top-column elementor-element elementor-element-bbe70c5\" data-id=\"bbe70c5\" data-element_type=\"column\">\n\t\t\t<div class=\"elementor-widget-wrap elementor-element-populated\">\n\t\t\t\t\t\t<div class=\"elementor-element elementor-element-7b0c03e elementor-widget elementor-widget-google_maps\" data-id=\"7b0c03e\" data-element_type=\"widget\" data-widget_type=\"google_maps.default\">\n\t\t\t\t<div class=\"elementor-widget-container\">\n\t\t\t\t\t<div class=\"elementor-custom-embed\">\n\t\t\t<iframe loading=\"lazy\"\n\t\t\t\t\tsrc=\"https:\/\/maps.google.com\/maps?q=Avelinorte&#038;t=m&#038;z=13&#038;output=embed&#038;iwloc=near\"\n\t\t\t\t\ttitle=\"Avelinorte\"\n\t\t\t\t\taria-label=\"Avelinorte\"\n\t\t\t><\/iframe>\n\t\t<\/div>\n\t\t\t\t<\/div>\n\t\t\t\t<\/div>\n\t\t\t\t\t<\/div>\n\t\t<\/div>\n\t\t\t\t<div class=\"elementor-column elementor-col-50 elementor-top-column elementor-element elementor-element-abf6691\" data-id=\"abf6691\" data-element_type=\"column\">\n\t\t\t<div class=\"elementor-widget-wrap elementor-element-populated\">\n\t\t\t\t\t\t<div class=\"elementor-element elementor-element-2eea733 elementor-widget elementor-widget-google_maps\" data-id=\"2eea733\" data-element_type=\"widget\" data-widget_type=\"google_maps.default\">\n\t\t\t\t<div class=\"elementor-widget-container\">\n\t\t\t\t\t<div class=\"elementor-custom-embed\">\n\t\t\t<iframe loading=\"lazy\"\n\t\t\t\t\tsrc=\"https:\/\/maps.google.com\/maps?q=Rua%20Terramonte%2C%20722%20Fra%C3%A7%C3%A3o%20A%204470-722%20Maia&#038;t=m&#038;z=13&#038;output=embed&#038;iwloc=near\"\n\t\t\t\t\ttitle=\"Rua Terramonte, 722 Fra\u00e7\u00e3o A 4470-722 Maia\"\n\t\t\t\t\taria-label=\"Rua Terramonte, 722 Fra\u00e7\u00e3o A 4470-722 Maia\"\n\t\t\t><\/iframe>\n\t\t<\/div>\n\t\t\t\t<\/div>\n\t\t\t\t<\/div>\n\t\t\t\t\t<\/div>\n\t\t<\/div>\n\t\t\t\t\t<\/div>\n\t\t<\/section>\n\t\t\t\t<section class=\"elementor-section elementor-top-section elementor-element elementor-element-3266246 elementor-section-boxed elementor-section-height-default elementor-section-height-default\" data-id=\"3266246\" data-element_type=\"section\">\n\t\t\t\t\t\t<div class=\"elementor-container elementor-column-gap-default\">\n\t\t\t\t\t<div class=\"elementor-column elementor-col-100 elementor-top-column elementor-element elementor-element-8eb71d9\" data-id=\"8eb71d9\" data-element_type=\"column\">\n\t\t\t<div class=\"elementor-widget-wrap elementor-element-populated\">\n\t\t\t\t\t\t<div class=\"elementor-element elementor-element-2bcba84 elementor-widget elementor-widget-spacer\" data-id=\"2bcba84\" data-element_type=\"widget\" data-widget_type=\"spacer.default\">\n\t\t\t\t<div class=\"elementor-widget-container\">\n\t\t\t\t\t<div class=\"elementor-spacer\">\n\t\t\t<div class=\"elementor-spacer-inner\"><\/div>\n\t\t<\/div>\n\t\t\t\t<\/div>\n\t\t\t\t<\/div>\n\t\t\t\t\t<\/div>\n\t\t<\/div>\n\t\t\t\t\t<\/div>\n\t\t<\/section>\n\t\t\t\t<\/div>\n\t\t","protected":false},"excerpt":{"rendered":"<p>Sede Parque Empresarial do Barroco R. do Barroco, 1744465 591 LE\u00c7A DO BALIO LOJA:Rua Terramonte, 722 Fra\u00e7\u00e3o A4470-122 Maia Hor\u00e1rio Segunda a Sexta8h &#8211; 18h S\u00e1bado 8h &#8211; 13h Email geral@avelinorte.pt \u200e&nbsp;\u200e \u200e Telefone (+351) 229 510 518(custo de chamada para rede fixa nacional)\u200e \u200e \u200e \u200e \u200e \u200e LOJA<\/p>\n","protected":false},"author":7,"featured_media":0,"parent":0,"menu_order":0,"comment_status":"closed","ping_status":"closed","template":"","meta":{"footnotes":""},"class_list":["post-285","page","type-page","status-publish","hentry"],"blocksy_meta":{"page_title_panel":"","has_hero_section":"disabled","bc159c5af2a03de5c75561ba297140d8":"","hero_section":"type-1","hero_elements":[{"id":"custom_title","enabled":true,"heading_tag":"h1","title":"Home"},{"id":"custom_description","enabled":true,"description_visibility":{"desktop":true,"tablet":true,"mobile":false}},{"id":"custom_meta","enabled":false,"meta_elements":[{"id":"author","enabled":true,"label":"By","has_author_avatar":"yes","avatar_size":25},{"id":"post_date","enabled":true,"label":"On","date_format_source":"default","date_format":"M j, Y"},{"id":"comments","enabled":true}],"page_meta_elements":{"joined":true,"articles_count":true,"comments":true}},{"id":"breadcrumbs","enabled":false}],"df3eb590217e0ce26e832da2c07e7ca6":"","hero_alignment1":"left","hero_alignment2":"center","hero_vertical_alignment":"center","19d24a625abe62e6d16b259439e9cba0":"","hero_structure":"narrow","a3dd00aea12a8c52bdc0775015a386ce":"","page_title_bg_type":"featured_image","custom_hero_background":{"attachment_id":null},"parallax":{"desktop":false,"tablet":false,"mobile":false},"007fc1b0d7d7ea0d9823538a36652bf9":"","hero_height":"250px","pageTitleFont":{"family":"Default","variation":"Default","size":{"desktop":"32px","tablet":"30px","mobile":"25px"},"line-height":"CT_CSS_SKIP_RULE","letter-spacing":"CT_CSS_SKIP_RULE","text-transform":"CT_CSS_SKIP_RULE","text-decoration":"CT_CSS_SKIP_RULE"},"pageTitleFontColor":{"default":{"color":"CT_CSS_SKIP_RULEDEFAULT"}},"pageMetaFont":{"family":"Default","variation":"n6","size":"12px","line-height":"1.3","letter-spacing":"CT_CSS_SKIP_RULE","text-transform":"uppercase","text-decoration":"CT_CSS_SKIP_RULE"},"pageMetaFontColor":{"default":{"color":"CT_CSS_SKIP_RULEDEFAULT"},"hover":{"color":"CT_CSS_SKIP_RULEDEFAULT"}},"pageExcerptFont":{"family":"Default","variation":"Default","size":"CT_CSS_SKIP_RULE","line-height":"CT_CSS_SKIP_RULE","letter-spacing":"CT_CSS_SKIP_RULE","text-transform":"CT_CSS_SKIP_RULE","text-decoration":"CT_CSS_SKIP_RULE"},"pageExcerptColor":{"default":{"color":"CT_CSS_SKIP_RULEDEFAULT"}},"breadcrumbsFont":{"family":"Default","variation":"n6","size":"12px","line-height":"CT_CSS_SKIP_RULE","letter-spacing":"CT_CSS_SKIP_RULE","text-transform":"uppercase","text-decoration":"CT_CSS_SKIP_RULE"},"breadcrumbsFontColor":{"default":{"color":"CT_CSS_SKIP_RULEDEFAULT"},"initial":{"color":"CT_CSS_SKIP_RULEDEFAULT"},"hover":{"color":"CT_CSS_SKIP_RULEDEFAULT"}},"pageTitleOverlay":{"default":{"color":"rgba(41, 51, 60, 0.2)"}},"pageTitleBackground":{"background_type":"color","background_pattern":"type-1","background_image":{"attachment_id":null,"x":0,"y":0},"background_repeat":"no-repeat","background_size":"auto","background_attachment":"scroll","patternColor":{"default":{"color":"#e5e7ea"}},"backgroundColor":{"default":{"color":"#EDEFF2"}}},"806cf646dc975203c3ef573b498d2a6c":"","page_structure_type":"default","content_style":"inherit","vertical_spacing_source":"custom","content_area_spacing":"none","background":{"background_type":"color","background_pattern":"type-1","background_image":{"attachment_id":null,"x":0,"y":0},"background_repeat":"no-repeat","background_size":"auto","background_attachment":"scroll","patternColor":{"default":{"color":"#e5e7ea"}},"backgroundColor":{"default":{"color":"CT_CSS_SKIP_RULE"}}},"content_background":{"background_type":"color","background_pattern":"type-1","background_image":{"attachment_id":null,"x":0,"y":0},"background_repeat":"no-repeat","background_size":"auto","background_attachment":"scroll","patternColor":{"default":{"color":"#e5e7ea"}},"backgroundColor":{"default":{"color":"#ffffff"}}},"content_boxed_spacing":{"desktop":"40px","tablet":"35px","mobile":"20px"},"content_boxed_radius":{"top":"3px","bottom":"3px","left":"3px","right":"3px","linked":true},"content_boxed_shadow":{"blur":18,"spread":-6,"v_offset":12,"h_offset":0,"inset":false,"enable":true,"color":{"color":"rgba(34, 56, 101, 0.04)"}},"19c6ff9349ac0932d7247f0e755658ea":"","disable_featured_image":"no","disable_header":"no","disable_footer":"no","styles_descriptor":{"styles":{"desktop":"","tablet":"","mobile":""},"google_fonts":[],"version":6}},"aioseo_notices":[],"yoast_head":"<!-- This site is optimized with the Yoast SEO plugin v23.9 - https:\/\/yoast.com\/wordpress\/plugins\/seo\/ -->\n<title>Contact - Avelinorte<\/title>\n<meta name=\"robots\" content=\"index, follow, max-snippet:-1, max-image-preview:large, max-video-preview:-1\" \/>\n<link rel=\"canonical\" href=\"https:\/\/retail.alojar.pt\/avelinorte\/contact\/\" \/>\n<meta property=\"og:locale\" content=\"pt_PT\" \/>\n<meta property=\"og:type\" content=\"article\" \/>\n<meta property=\"og:title\" content=\"Contact - Avelinorte\" \/>\n<meta property=\"og:description\" content=\"Sede Parque Empresarial do Barroco R. do Barroco, 1744465 591 LE\u00c7A DO BALIO LOJA:Rua Terramonte, 722 Fra\u00e7\u00e3o A4470-122 Maia Hor\u00e1rio Segunda a Sexta8h &#8211; 18h S\u00e1bado 8h &#8211; 13h Email geral@avelinorte.pt \u200e&nbsp;\u200e \u200e Telefone (+351) 229 510 518(custo de chamada para rede fixa nacional)\u200e \u200e \u200e \u200e \u200e \u200e LOJA\" \/>\n<meta property=\"og:url\" content=\"https:\/\/retail.alojar.pt\/avelinorte\/contact\/\" \/>\n<meta property=\"og:site_name\" content=\"Avelinorte\" \/>\n<meta property=\"article:modified_time\" content=\"2026-02-26T17:39:45+00:00\" \/>\n<meta name=\"twitter:card\" content=\"summary_large_image\" \/>\n<meta name=\"twitter:label1\" content=\"Tempo estimado de leitura\" \/>\n\t<meta name=\"twitter:data1\" content=\"1 minuto\" \/>\n<script type=\"application\/ld+json\" class=\"yoast-schema-graph\">{\"@context\":\"https:\/\/schema.org\",\"@graph\":[{\"@type\":\"WebPage\",\"@id\":\"https:\/\/retail.alojar.pt\/avelinorte\/contact\/\",\"url\":\"https:\/\/retail.alojar.pt\/avelinorte\/contact\/\",\"name\":\"Contact - Avelinorte\",\"isPartOf\":{\"@id\":\"https:\/\/retail.alojar.pt\/avelinorte\/#website\"},\"datePublished\":\"2020-08-17T16:14:31+00:00\",\"dateModified\":\"2026-02-26T17:39:45+00:00\",\"breadcrumb\":{\"@id\":\"https:\/\/retail.alojar.pt\/avelinorte\/contact\/#breadcrumb\"},\"inLanguage\":\"pt-PT\",\"potentialAction\":[{\"@type\":\"ReadAction\",\"target\":[\"https:\/\/retail.alojar.pt\/avelinorte\/contact\/\"]}]},{\"@type\":\"BreadcrumbList\",\"@id\":\"https:\/\/retail.alojar.pt\/avelinorte\/contact\/#breadcrumb\",\"itemListElement\":[{\"@type\":\"ListItem\",\"position\":1,\"name\":\"In\u00edcio\",\"item\":\"https:\/\/retail.alojar.pt\/avelinorte\/\"},{\"@type\":\"ListItem\",\"position\":2,\"name\":\"Contact\"}]},{\"@type\":\"WebSite\",\"@id\":\"https:\/\/retail.alojar.pt\/avelinorte\/#website\",\"url\":\"https:\/\/retail.alojar.pt\/avelinorte\/\",\"name\":\"Avelinorte\",\"description\":\"GESSO CARTONADO, PINTURAS E OUTROS REVESTIMENTOS\",\"publisher\":{\"@id\":\"https:\/\/retail.alojar.pt\/avelinorte\/#organization\"},\"potentialAction\":[{\"@type\":\"SearchAction\",\"target\":{\"@type\":\"EntryPoint\",\"urlTemplate\":\"https:\/\/retail.alojar.pt\/avelinorte\/?s={search_term_string}\"},\"query-input\":{\"@type\":\"PropertyValueSpecification\",\"valueRequired\":true,\"valueName\":\"search_term_string\"}}],\"inLanguage\":\"pt-PT\"},{\"@type\":\"Organization\",\"@id\":\"https:\/\/retail.alojar.pt\/avelinorte\/#organization\",\"name\":\"Avelinorte\",\"url\":\"https:\/\/retail.alojar.pt\/avelinorte\/\",\"logo\":{\"@type\":\"ImageObject\",\"inLanguage\":\"pt-PT\",\"@id\":\"https:\/\/retail.alojar.pt\/avelinorte\/#\/schema\/logo\/image\/\",\"url\":\"https:\/\/retail.alojar.pt\/avelinorte\/wp-content\/uploads\/sites\/5\/2024\/03\/Sem-nome-1080-x-1080-px-e1709503014737.png\",\"contentUrl\":\"https:\/\/retail.alojar.pt\/avelinorte\/wp-content\/uploads\/sites\/5\/2024\/03\/Sem-nome-1080-x-1080-px-e1709503014737.png\",\"width\":1080,\"height\":451,\"caption\":\"Avelinorte\"},\"image\":{\"@id\":\"https:\/\/retail.alojar.pt\/avelinorte\/#\/schema\/logo\/image\/\"}}]}<\/script>\n<!-- \/ Yoast SEO plugin. -->","yoast_head_json":{"title":"Contact - Avelinorte","robots":{"index":"index","follow":"follow","max-snippet":"max-snippet:-1","max-image-preview":"max-image-preview:large","max-video-preview":"max-video-preview:-1"},"canonical":"https:\/\/retail.alojar.pt\/avelinorte\/contact\/","og_locale":"pt_PT","og_type":"article","og_title":"Contact - Avelinorte","og_description":"Sede Parque Empresarial do Barroco R. do Barroco, 1744465 591 LE\u00c7A DO BALIO LOJA:Rua Terramonte, 722 Fra\u00e7\u00e3o A4470-122 Maia Hor\u00e1rio Segunda a Sexta8h &#8211; 18h S\u00e1bado 8h &#8211; 13h Email geral@avelinorte.pt \u200e&nbsp;\u200e \u200e Telefone (+351) 229 510 518(custo de chamada para rede fixa nacional)\u200e \u200e \u200e \u200e \u200e \u200e LOJA","og_url":"https:\/\/retail.alojar.pt\/avelinorte\/contact\/","og_site_name":"Avelinorte","article_modified_time":"2026-02-26T17:39:45+00:00","twitter_card":"summary_large_image","twitter_misc":{"Tempo estimado de leitura":"1 minuto"},"schema":{"@context":"https:\/\/schema.org","@graph":[{"@type":"WebPage","@id":"https:\/\/retail.alojar.pt\/avelinorte\/contact\/","url":"https:\/\/retail.alojar.pt\/avelinorte\/contact\/","name":"Contact - Avelinorte","isPartOf":{"@id":"https:\/\/retail.alojar.pt\/avelinorte\/#website"},"datePublished":"2020-08-17T16:14:31+00:00","dateModified":"2026-02-26T17:39:45+00:00","breadcrumb":{"@id":"https:\/\/retail.alojar.pt\/avelinorte\/contact\/#breadcrumb"},"inLanguage":"pt-PT","potentialAction":[{"@type":"ReadAction","target":["https:\/\/retail.alojar.pt\/avelinorte\/contact\/"]}]},{"@type":"BreadcrumbList","@id":"https:\/\/retail.alojar.pt\/avelinorte\/contact\/#breadcrumb","itemListElement":[{"@type":"ListItem","position":1,"name":"In\u00edcio","item":"https:\/\/retail.alojar.pt\/avelinorte\/"},{"@type":"ListItem","position":2,"name":"Contact"}]},{"@type":"WebSite","@id":"https:\/\/retail.alojar.pt\/avelinorte\/#website","url":"https:\/\/retail.alojar.pt\/avelinorte\/","name":"Avelinorte","description":"GESSO CARTONADO, PINTURAS E OUTROS REVESTIMENTOS","publisher":{"@id":"https:\/\/retail.alojar.pt\/avelinorte\/#organization"},"potentialAction":[{"@type":"SearchAction","target":{"@type":"EntryPoint","urlTemplate":"https:\/\/retail.alojar.pt\/avelinorte\/?s={search_term_string}"},"query-input":{"@type":"PropertyValueSpecification","valueRequired":true,"valueName":"search_term_string"}}],"inLanguage":"pt-PT"},{"@type":"Organization","@id":"https:\/\/retail.alojar.pt\/avelinorte\/#organization","name":"Avelinorte","url":"https:\/\/retail.alojar.pt\/avelinorte\/","logo":{"@type":"ImageObject","inLanguage":"pt-PT","@id":"https:\/\/retail.alojar.pt\/avelinorte\/#\/schema\/logo\/image\/","url":"https:\/\/retail.alojar.pt\/avelinorte\/wp-content\/uploads\/sites\/5\/2024\/03\/Sem-nome-1080-x-1080-px-e1709503014737.png","contentUrl":"https:\/\/retail.alojar.pt\/avelinorte\/wp-content\/uploads\/sites\/5\/2024\/03\/Sem-nome-1080-x-1080-px-e1709503014737.png","width":1080,"height":451,"caption":"Avelinorte"},"image":{"@id":"https:\/\/retail.alojar.pt\/avelinorte\/#\/schema\/logo\/image\/"}}]}},"rttpg_featured_image_url":null,"rttpg_author":{"display_name":"anapeixoto","author_link":"https:\/\/retail.alojar.pt\/avelinorte\/author\/anapeixoto\/"},"rttpg_comment":0,"rttpg_category":null,"rttpg_excerpt":"Sede Parque Empresarial do Barroco R. do Barroco, 1744465 591 LE\u00c7A DO BALIO LOJA:Rua Terramonte, 722 Fra\u00e7\u00e3o A4470-122 Maia Hor\u00e1rio Segunda a Sexta8h &#8211; 18h S\u00e1bado 8h &#8211; 13h Email geral@avelinorte.pt \u200e&nbsp;\u200e \u200e Telefone (+351) 229 510 518(custo de chamada para rede fixa nacional)\u200e \u200e \u200e \u200e \u200e \u200e LOJA","_links":{"self":[{"href":"https:\/\/retail.alojar.pt\/avelinorte\/wp-json\/wp\/v2\/pages\/285","targetHints":{"allow":["GET"]}}],"collection":[{"href":"https:\/\/retail.alojar.pt\/avelinorte\/wp-json\/wp\/v2\/pages"}],"about":[{"href":"https:\/\/retail.alojar.pt\/avelinorte\/wp-json\/wp\/v2\/types\/page"}],"author":[{"embeddable":true,"href":"https:\/\/retail.alojar.pt\/avelinorte\/wp-json\/wp\/v2\/users\/7"}],"replies":[{"embeddable":true,"href":"https:\/\/retail.alojar.pt\/avelinorte\/wp-json\/wp\/v2\/comments?post=285"}],"version-history":[{"count":84,"href":"https:\/\/retail.alojar.pt\/avelinorte\/wp-json\/wp\/v2\/pages\/285\/revisions"}],"predecessor-version":[{"id":2040,"href":"https:\/\/retail.alojar.pt\/avelinorte\/wp-json\/wp\/v2\/pages\/285\/revisions\/2040"}],"wp:attachment":[{"href":"https:\/\/retail.alojar.pt\/avelinorte\/wp-json\/wp\/v2\/media?parent=285"}],"curies":[{"name":"wp","href":"https:\/\/api.w.org\/{rel}","templated":true}]}}